{"id":4330,"date":"2024-08-02T08:20:41","date_gmt":"2024-08-02T08:20:41","guid":{"rendered":"https:\/\/numotronic.ma\/?page_id=4330"},"modified":"2024-08-19T15:52:27","modified_gmt":"2024-08-19T15:52:27","slug":"nmt-01","status":"publish","type":"page","link":"https:\/\/numotronic.ma\/en\/nmt-01\/","title":{"rendered":"NMT-01"},"content":{"rendered":"<div data-elementor-type=\"wp-page\" data-elementor-id=\"4330\" class=\"elementor elementor-4330\">\n\t\t\t\t\t\t<section class=\"elementor-section elementor-top-section elementor-element elementor-element-547acd2 elementor-section-boxed elementor-section-height-default elementor-section-height-default\" data-id=\"547acd2\" data-element_type=\"section\">\n\t\t\t\t\t\t<div class=\"elementor-container elementor-column-gap-default\">\n\t\t\t\t\t<div class=\"elementor-column elementor-col-100 elementor-top-column elementor-element elementor-element-7a87ed2 sc_layouts_column_icons_position_left\" data-id=\"7a87ed2\" data-element_type=\"column\">\n\t\t\t<div class=\"elementor-widget-wrap elementor-element-populated\">\n\t\t\t\t\t\t<div class=\"elementor-element elementor-element-df1210b elementor-widget elementor-widget-image\" data-id=\"df1210b\" data-element_type=\"widget\" data-widget_type=\"image.default\">\n\t\t\t\t<div class=\"elementor-widget-container\">\n\t\t\t\t\t\t\t\t\t\t\t\t\t\t\t<img fetchpriority=\"high\" decoding=\"async\" width=\"1024\" height=\"667\" src=\"https:\/\/numotronic.ma\/wp-content\/uploads\/2024\/05\/modele-produit-nmt-00-1024x667.jpg\" class=\"attachment-large size-large wp-image-4111\" alt=\"\" srcset=\"https:\/\/numotronic.ma\/wp-content\/uploads\/2024\/05\/modele-produit-nmt-00-1024x667.jpg 1024w, https:\/\/numotronic.ma\/wp-content\/uploads\/2024\/05\/modele-produit-nmt-00-300x195.jpg 300w, https:\/\/numotronic.ma\/wp-content\/uploads\/2024\/05\/modele-produit-nmt-00-768x500.jpg 768w, https:\/\/numotronic.ma\/wp-content\/uploads\/2024\/05\/modele-produit-nmt-00-1536x1000.jpg 1536w, https:\/\/numotronic.ma\/wp-content\/uploads\/2024\/05\/modele-produit-nmt-00-2048x1333.jpg 2048w, https:\/\/numotronic.ma\/wp-content\/uploads\/2024\/05\/modele-produit-nmt-00-370x241.jpg 370w, https:\/\/numotronic.ma\/wp-content\/uploads\/2024\/05\/modele-produit-nmt-00-760x495.jpg 760w, https:\/\/numotronic.ma\/wp-content\/uploads\/2024\/05\/modele-produit-nmt-00-1520x990.jpg 1520w, https:\/\/numotronic.ma\/wp-content\/uploads\/2024\/05\/modele-produit-nmt-00-740x482.jpg 740w\" sizes=\"(max-width: 1024px) 100vw, 1024px\" \/>\t\t\t\t\t\t\t\t\t\t\t\t\t\t\t<\/div>\n\t\t\t\t<\/div>\n\t\t\t\t\t<\/div>\n\t\t<\/div>\n\t\t\t\t\t<\/div>\n\t\t<\/section>\n\t\t\t\t<section class=\"elementor-section elementor-top-section elementor-element elementor-element-7324c69 elementor-section-boxed elementor-section-height-default elementor-section-height-default\" data-id=\"7324c69\" data-element_type=\"section\">\n\t\t\t\t\t\t<div class=\"elementor-container elementor-column-gap-default\">\n\t\t\t\t\t<div class=\"elementor-column elementor-col-100 elementor-top-column elementor-element elementor-element-2e171b0 sc_layouts_column_icons_position_left\" data-id=\"2e171b0\" data-element_type=\"column\">\n\t\t\t<div class=\"elementor-widget-wrap elementor-element-populated\">\n\t\t\t\t\t\t<div class=\"elementor-element elementor-element-605a690 elementor-widget elementor-widget-text-editor\" data-id=\"605a690\" data-element_type=\"widget\" data-widget_type=\"text-editor.default\">\n\t\t\t\t<div class=\"elementor-widget-container\">\n\t\t\t\t\t\t\t\t\t<div class=\"sc_item_descr sc_title_descr sc_align_left\"><p><strong>Multifunctional GSM GPS tracker for all types of vehicles<\/strong><\/p><p>The Numotronic NMT-01 GPS tracer is a point-disposable device that enables you to monitor with a precise accuracy of the vehicle localization. With an advanced GPS technology and a robust function system, the NMT-01 is standard for a safe and efficient operation at high temperatures. Thanks to the intelligent GPS\/GPRS beacon, our geo-localization system using GPS provides a localization solution, controls the vehicles, activates them and displays the flow at certain times that are accessible to the Internet. You can also use the local network to collaborate with collaborators, drivers, delivery people, technicians, agents, taxi drivers, ambulance drivers, valets, and more.<\/p><\/div><p><strong>Key Features:<\/strong><\/p><p><strong>Real-time monitoring:<\/strong> Keep precise track of your vehicle's location at all times with our intuitive tracking platform. Receive instant notifications about movements and locations.<\/p><p><strong>Geo-Fence:<\/strong> Set virtual geographic zones and receive alerts when your vehicle enters or leaves these zones, ideal for security and route management.<\/p><p><strong>Long-term battery life:<\/strong> Enjoy a long-lasting battery that ensures continuous tracking without interruption, minimizing downtime for recharging.<\/p><p><strong>Easy to install and use :<\/strong> Installez rapidement le traceur NMT 4G X2 SANS RELAI\u200b dans votre v\u00e9hicule et commencez \u00e0 suivre imm\u00e9diatement via notre application conviviale. Aucune expertise technique requise.<\/p>\t\t\t\t\t\t\t\t<\/div>\n\t\t\t\t<\/div>\n\t\t\t\t\t<\/div>\n\t\t<\/div>\n\t\t\t\t\t<\/div>\n\t\t<\/section>\n\t\t\t\t<section class=\"elementor-section elementor-top-section elementor-element elementor-element-26026db elementor-section-boxed elementor-section-height-default elementor-section-height-default\" data-id=\"26026db\" data-element_type=\"section\">\n\t\t\t\t\t\t<div class=\"elementor-container elementor-column-gap-default\">\n\t\t\t\t\t<div class=\"elementor-column elementor-col-100 elementor-top-column elementor-element elementor-element-fb16837 sc_layouts_column_icons_position_left\" data-id=\"fb16837\" data-element_type=\"column\">\n\t\t\t<div class=\"elementor-widget-wrap elementor-element-populated\">\n\t\t\t\t\t\t<div class=\"elementor-element elementor-element-d13f4b9 elementor-widget elementor-widget-trx_sc_table\" data-id=\"d13f4b9\" data-element_type=\"widget\" data-widget_type=\"trx_sc_table.default\">\n\t\t\t\t<div class=\"elementor-widget-container\">\n\t\t\t\t\t<div id=\"trx_sc_table_1047197693_wrap\" class=\"sc_table_wrap\"><div id=\"trx_sc_table_1047197693\"\n\t\t\tclass=\"sc_table sc_table_default\" style=\"width:100%;\"><div class=\"table_component\" tabindex=\"0\" role=\"region\"><table><caption>\u00a0<\/caption><thead><tr><th>technical sheet<\/th><\/tr><\/thead><tbody><tr><td>Dimensions<\/td><td>78 x 62 x 18 mm<\/td><\/tr><tr><td>Weight<\/td><td>70 g<\/td><\/tr><tr><td>Operating temperature<\/td><td>-30 \u00b0C - 75 \u00b0C<\/td><\/tr><tr><td>Operating voltage<\/td><td>7 - 45 vDC<\/td><\/tr><tr><td>GPRS<\/td><td>900 et 1800 MHz<\/td><\/tr><tr><td>GPS sensitivity<\/td><td>-160 dBm<\/td><\/tr><\/tbody><\/table><\/div><\/div><\/div><!-- \/.sc_table_wrap -->\t\t\t\t<\/div>\n\t\t\t\t<\/div>\n\t\t\t\t\t<\/div>\n\t\t<\/div>\n\t\t\t\t\t<\/div>\n\t\t<\/section>\n\t\t\t\t<\/div>","protected":false},"excerpt":{"rendered":"<p>Traceur GPS GSM multifonctionnel pour tous les types de v\u00e9hicules Le traceur GPS Numotronic NMT-01 est un dispositif de pointe qui vous permet de surveiller avec une pr\u00e9cision in\u00e9gal\u00e9e la localisation des v\u00e9hicules. Con\u00e7u avec une technologie GPS avanc\u00e9e et une gamme de fonctionnalit\u00e9s robustes, le NMT-01 \u00e9tablit la norme pour un suivi en temps r\u00e9el efficace et performant. Gr\u00e2ce&hellip;<\/p>","protected":false},"author":1,"featured_media":0,"parent":0,"menu_order":0,"comment_status":"closed","ping_status":"closed","template":"","meta":{"inline_featured_image":false,"footnotes":""},"class_list":["post-4330","page","type-page","status-publish","hentry"],"aioseo_notices":[],"_links":{"self":[{"href":"https:\/\/numotronic.ma\/en\/wp-json\/wp\/v2\/pages\/4330","targetHints":{"allow":["GET"]}}],"collection":[{"href":"https:\/\/numotronic.ma\/en\/wp-json\/wp\/v2\/pages"}],"about":[{"href":"https:\/\/numotronic.ma\/en\/wp-json\/wp\/v2\/types\/page"}],"author":[{"embeddable":true,"href":"https:\/\/numotronic.ma\/en\/wp-json\/wp\/v2\/users\/1"}],"replies":[{"embeddable":true,"href":"https:\/\/numotronic.ma\/en\/wp-json\/wp\/v2\/comments?post=4330"}],"version-history":[{"count":19,"href":"https:\/\/numotronic.ma\/en\/wp-json\/wp\/v2\/pages\/4330\/revisions"}],"predecessor-version":[{"id":4362,"href":"https:\/\/numotronic.ma\/en\/wp-json\/wp\/v2\/pages\/4330\/revisions\/4362"}],"wp:attachment":[{"href":"https:\/\/numotronic.ma\/en\/wp-json\/wp\/v2\/media?parent=4330"}],"curies":[{"name":"wp","href":"https:\/\/api.w.org\/{rel}","templated":true}]}}