{"id":276,"date":"2017-08-04T11:08:40","date_gmt":"2017-08-04T11:08:40","guid":{"rendered":"http:\/\/localhost\/wordpress\/?page_id=276"},"modified":"2024-01-03T16:26:26","modified_gmt":"2024-01-03T16:26:26","slug":"qui-sommes-nous","status":"publish","type":"page","link":"https:\/\/numotronic.ma\/en\/qui-sommes-nous\/","title":{"rendered":"WHO ARE WE"},"content":{"rendered":"<div data-elementor-type=\"wp-page\" data-elementor-id=\"276\" class=\"elementor elementor-276\">\n\t\t\t\t\t\t<section class=\"elementor-section elementor-top-section elementor-element elementor-element-c8849d2 elementor-section-boxed elementor-section-height-default elementor-section-height-default\" data-id=\"c8849d2\" data-element_type=\"section\">\n\t\t\t\t\t\t<div class=\"elementor-container elementor-column-gap-default\">\n\t\t\t\t\t<div class=\"elementor-column elementor-col-50 elementor-top-column elementor-element elementor-element-f4d42af sc_layouts_column_icons_position_left\" data-id=\"f4d42af\" data-element_type=\"column\">\n\t\t\t<div class=\"elementor-widget-wrap elementor-element-populated\">\n\t\t\t\t\t\t<div class=\"elementor-element elementor-element-3df2340 elementor-widget elementor-widget-image\" data-id=\"3df2340\" data-element_type=\"widget\" data-widget_type=\"image.default\">\n\t\t\t\t<div class=\"elementor-widget-container\">\n\t\t\t\t\t\t\t\t\t\t\t\t\t\t\t<img fetchpriority=\"high\" decoding=\"async\" width=\"877\" height=\"741\" src=\"https:\/\/numotronic.ma\/wp-content\/uploads\/2024\/01\/NUMOTRONIC-QUI-SOMME-NOUS.png\" class=\"attachment-large size-large wp-image-4019\" alt=\"\" srcset=\"https:\/\/numotronic.ma\/wp-content\/uploads\/2024\/01\/NUMOTRONIC-QUI-SOMME-NOUS.png 877w, https:\/\/numotronic.ma\/wp-content\/uploads\/2024\/01\/NUMOTRONIC-QUI-SOMME-NOUS-300x253.png 300w, https:\/\/numotronic.ma\/wp-content\/uploads\/2024\/01\/NUMOTRONIC-QUI-SOMME-NOUS-768x649.png 768w, https:\/\/numotronic.ma\/wp-content\/uploads\/2024\/01\/NUMOTRONIC-QUI-SOMME-NOUS-370x313.png 370w, https:\/\/numotronic.ma\/wp-content\/uploads\/2024\/01\/NUMOTRONIC-QUI-SOMME-NOUS-760x642.png 760w, https:\/\/numotronic.ma\/wp-content\/uploads\/2024\/01\/NUMOTRONIC-QUI-SOMME-NOUS-740x625.png 740w\" sizes=\"(max-width: 877px) 100vw, 877px\" \/>\t\t\t\t\t\t\t\t\t\t\t\t\t\t\t<\/div>\n\t\t\t\t<\/div>\n\t\t\t\t\t<\/div>\n\t\t<\/div>\n\t\t\t\t<div class=\"elementor-column elementor-col-50 elementor-top-column elementor-element elementor-element-3ddbc8a sc_layouts_column_icons_position_left\" data-id=\"3ddbc8a\" data-element_type=\"column\">\n\t\t\t<div class=\"elementor-widget-wrap elementor-element-populated\">\n\t\t\t\t\t\t<div class=\"elementor-element elementor-element-09735c3 elementor-widget elementor-widget-heading\" data-id=\"09735c3\" data-element_type=\"widget\" data-widget_type=\"heading.default\">\n\t\t\t\t<div class=\"elementor-widget-container\">\n\t\t\t\t\t<h2 class=\"elementor-heading-title elementor-size-default\">Numotronic<\/h2>\t\t\t\t<\/div>\n\t\t\t\t<\/div>\n\t\t\t\t<div class=\"elementor-element elementor-element-51527b1 elementor-widget elementor-widget-text-editor\" data-id=\"51527b1\" data-element_type=\"widget\" data-widget_type=\"text-editor.default\">\n\t\t\t\t<div class=\"elementor-widget-container\">\n\t\t\t\t\t\t\t\t\t<p><big>Numotronic occupies a prominent place among the prominent companies in the electronics industry, specializing in the design of tracking devices. It claims the status of the first company to have designed a 100% Moroccan GPS. Thanks to a team of highly experienced and competent engineers, Numotronic has succeeded in developing a product that meets international standards in terms of quality. In addition, it continually continues its expansion in order to adapt to the evolving needs of its customers.<\/big><\/p>\t\t\t\t\t\t\t\t<\/div>\n\t\t\t\t<\/div>\n\t\t\t\t\t<\/div>\n\t\t<\/div>\n\t\t\t\t\t<\/div>\n\t\t<\/section>\n\t\t\t\t<section class=\"elementor-section elementor-top-section elementor-element elementor-element-d57654e elementor-section-boxed elementor-section-height-default elementor-section-height-default\" data-id=\"d57654e\" data-element_type=\"section\">\n\t\t\t\t\t\t<div class=\"elementor-container elementor-column-gap-default\">\n\t\t\t\t\t<div class=\"elementor-column elementor-col-50 elementor-top-column elementor-element elementor-element-ebc130e sc_layouts_column_icons_position_left\" data-id=\"ebc130e\" data-element_type=\"column\">\n\t\t\t<div class=\"elementor-widget-wrap elementor-element-populated\">\n\t\t\t\t\t\t<div class=\"elementor-element elementor-element-fb2de98 elementor-widget elementor-widget-heading\" data-id=\"fb2de98\" data-element_type=\"widget\" data-widget_type=\"heading.default\">\n\t\t\t\t<div class=\"elementor-widget-container\">\n\t\t\t\t\t<h2 class=\"elementor-heading-title elementor-size-default\">GPS Tracker Numotronic<\/h2>\t\t\t\t<\/div>\n\t\t\t\t<\/div>\n\t\t\t\t<div class=\"elementor-element elementor-element-20f8626 elementor-widget elementor-widget-text-editor\" data-id=\"20f8626\" data-element_type=\"widget\" data-widget_type=\"text-editor.default\">\n\t\t\t\t<div class=\"elementor-widget-container\">\n\t\t\t\t\t\t\t\t\t<p>Numotronic GPS tracking devices offer a variety of features for real-time vehicle monitoring, including geolocation, motion tracking, speed alerts, and more. These features can be used via SMS notifications, online tracking on the Web, or even through a dedicated mobile application. This geolocation and GPS solution in Morocco offers efficient and secure management of your vehicle fleet.<\/p>\t\t\t\t\t\t\t\t<\/div>\n\t\t\t\t<\/div>\n\t\t\t\t\t<\/div>\n\t\t<\/div>\n\t\t\t\t<div class=\"elementor-column elementor-col-50 elementor-top-column elementor-element elementor-element-16b7c99 sc_layouts_column_icons_position_left\" data-id=\"16b7c99\" data-element_type=\"column\">\n\t\t\t<div class=\"elementor-widget-wrap elementor-element-populated\">\n\t\t\t\t\t\t<div class=\"elementor-element elementor-element-b9aaa31 elementor-invisible elementor-widget elementor-widget-image\" data-id=\"b9aaa31\" data-element_type=\"widget\" data-settings=\"{&quot;_animation&quot;:&quot;fadeInRight&quot;}\" data-widget_type=\"image.default\">\n\t\t\t\t<div class=\"elementor-widget-container\">\n\t\t\t\t\t\t\t\t\t\t\t\t\t\t\t<img decoding=\"async\" width=\"700\" height=\"700\" src=\"https:\/\/numotronic.ma\/wp-content\/uploads\/2024\/01\/image-gps-nmt-01-3443295.jpg\" class=\"attachment-medium_large size-medium_large wp-image-4060\" alt=\"\" srcset=\"https:\/\/numotronic.ma\/wp-content\/uploads\/2024\/01\/image-gps-nmt-01-3443295.jpg 700w, https:\/\/numotronic.ma\/wp-content\/uploads\/2024\/01\/image-gps-nmt-01-3443295-300x300.jpg 300w, https:\/\/numotronic.ma\/wp-content\/uploads\/2024\/01\/image-gps-nmt-01-3443295-150x150.jpg 150w, https:\/\/numotronic.ma\/wp-content\/uploads\/2024\/01\/image-gps-nmt-01-3443295-370x370.jpg 370w, https:\/\/numotronic.ma\/wp-content\/uploads\/2024\/01\/image-gps-nmt-01-3443295-90x90.jpg 90w, https:\/\/numotronic.ma\/wp-content\/uploads\/2024\/01\/image-gps-nmt-01-3443295-180x180.jpg 180w\" sizes=\"(max-width: 700px) 100vw, 700px\" \/>\t\t\t\t\t\t\t\t\t\t\t\t\t\t\t<\/div>\n\t\t\t\t<\/div>\n\t\t\t\t\t<\/div>\n\t\t<\/div>\n\t\t\t\t\t<\/div>\n\t\t<\/section>\n\t\t\t\t<\/div>","protected":false},"excerpt":{"rendered":"<p>Numotronic Numotronic occupe une place pr\u00e9pond\u00e9rante parmi les entreprises \u00e9minentes de l&#8217;industrie \u00e9lectronique, se sp\u00e9cialisant dans la conception de dispositifs de localisation. Elle revendique le statut de premi\u00e8re entreprise \u00e0 avoir con\u00e7u un GPS 100% marocain. Gr\u00e2ce \u00e0 une \u00e9quipe d&#8217;ing\u00e9nieurs hautement exp\u00e9riment\u00e9s et comp\u00e9tents, Numotronic a r\u00e9ussi \u00e0 d\u00e9velopper un produit r\u00e9pondant aux normes internationales en termes de qualit\u00e9.&hellip;<\/p>","protected":false},"author":1,"featured_media":0,"parent":0,"menu_order":0,"comment_status":"closed","ping_status":"closed","template":"","meta":{"inline_featured_image":false,"footnotes":""},"class_list":["post-276","page","type-page","status-publish","hentry"],"aioseo_notices":[],"_links":{"self":[{"href":"https:\/\/numotronic.ma\/en\/wp-json\/wp\/v2\/pages\/276","targetHints":{"allow":["GET"]}}],"collection":[{"href":"https:\/\/numotronic.ma\/en\/wp-json\/wp\/v2\/pages"}],"about":[{"href":"https:\/\/numotronic.ma\/en\/wp-json\/wp\/v2\/types\/page"}],"author":[{"embeddable":true,"href":"https:\/\/numotronic.ma\/en\/wp-json\/wp\/v2\/users\/1"}],"replies":[{"embeddable":true,"href":"https:\/\/numotronic.ma\/en\/wp-json\/wp\/v2\/comments?post=276"}],"version-history":[{"count":45,"href":"https:\/\/numotronic.ma\/en\/wp-json\/wp\/v2\/pages\/276\/revisions"}],"predecessor-version":[{"id":4068,"href":"https:\/\/numotronic.ma\/en\/wp-json\/wp\/v2\/pages\/276\/revisions\/4068"}],"wp:attachment":[{"href":"https:\/\/numotronic.ma\/en\/wp-json\/wp\/v2\/media?parent=276"}],"curies":[{"name":"wp","href":"https:\/\/api.w.org\/{rel}","templated":true}]}}