{"id":216,"date":"2017-08-03T12:46:55","date_gmt":"2017-08-03T12:46:55","guid":{"rendered":"http:\/\/localhost\/wordpress\/?page_id=216"},"modified":"2021-10-07T11:45:00","modified_gmt":"2021-10-07T11:45:00","slug":"clients","status":"publish","type":"page","link":"https:\/\/numotronic.ma\/en\/clients\/","title":{"rendered":"Clients"},"content":{"rendered":"<section class=\"wpb-content-wrapper\"><div class=\"vc_row wpb_row vc_row-fluid\"><div class=\"wpb_column vc_column_container vc_col-sm-12 sc_layouts_column_icons_position_left\"><div class=\"vc_column-inner\"><div class=\"wpb_wrapper\"><div id=\"sc_title_226090723\"\n\t\tclass=\"sc_title color_style_default sc_title_default\"><h3 class=\"sc_item_title sc_title_title sc_align_center sc_item_title_style_default\">Our Appreciated Clients<\/h3><\/div><!-- \/.sc_title --><div class=\"vc_empty_space  height_medium\"   style=\"height: 32px\"><span class=\"vc_empty_space_inner\"><\/span><\/div><div class=\"vc_empty_space  height_biggest\"   style=\"height: 32px\"><span class=\"vc_empty_space_inner\"><\/span><\/div><\/div><\/div><\/div><\/div><div data-vc-full-width=\"true\" data-vc-full-width-init=\"false\" data-vc-stretch-content=\"true\" class=\"vc_row wpb_row vc_row-fluid vc_custom_1633607094431 vc_row-has-fill vc_row-no-padding scheme_dark\"><div class=\"wpb_column vc_column_container vc_col-sm-12 vc_col-md-6 sc_shift_x_tiny_negative sc_layouts_column_icons_position_left\"><div class=\"vc_column-inner\"><div class=\"wpb_wrapper\"><div class=\"vc_empty_space  hide_on_tablet hide_on_mobile height_tiny\"   style=\"height: 32px\"><span class=\"vc_empty_space_inner\"><\/span><\/div><div class=\"vc_empty_space  hide_on_tablet hide_on_mobile height_medium\"   style=\"height: 32px\"><span class=\"vc_empty_space_inner\"><\/span><\/div><div id=\"sc_content_1578509248\"\n\t\tclass=\"sc_content color_style_default sc_content_default sc_float_center sc_shift_y_medium  vc_custom_1510069413667\"><div class=\"sc_content_container\"><div class=\"vc_empty_space  vc_custom_1510069488283 height_biggest\"   style=\"height: 32px\"><span class=\"vc_empty_space_inner\"><\/span><\/div><div id=\"sc_content_2010447525\"\n\t\tclass=\"sc_content color_style_default color_style_default sc_content_default sc_content_width_1_2 sc_float_right sc_padding_tiny custom_home\"><div class=\"sc_content_container\"><div id=\"sc_title_361874030\"\n\t\tclass=\"sc_title color_style_default sc_title_default\"><h3 class=\"sc_item_title sc_title_title sc_align_left sc_item_title_style_default\">We Love our Clients, And They Love Us<\/h3><\/div><!-- \/.sc_title --><div class=\"sc_testimonials color_style_default sc_testimonials_simple\"><div id=\"sc_testimonials_536520580_outer\" class=\"sc_testimonials_slider sc_item_slider slider_swiper_outer slider_outer slider_outer_nocontrols slider_outer_pagination slider_outer_pagination_bullets slider_outer_pagination_pos_bottom slider_outer_one\">\n\t<div id=\"sc_testimonials_536520580_swiper\" class=\"slider_container swiper-slider-container slider_swiper slider_noresize slider_nocontrols slider_pagination slider_pagination_bullets slider_pagination_pos_bottom slider_one\" data-slides-min-width=\"290\" data-pagination=\"bullets\">\n\t\t<div class=\"slides slider-wrapper swiper-wrapper sc_item_columns_1\"><div class=\"slider-slide swiper-slide\"><div class=\"sc_testimonials_item\">\n\t<div class=\"sc_testimonials_item_content\"><p>\u201cNumotronic has truly improved our business. Thanks to their GPS trackers, we have reduced our operating costs, while maintaining real-time monitoring of our fleet. It\u2019s a worthwhile investment. The Numotronic team is professional and dedicated. We are delighted to work with them.\u201d<\/p>\n<\/div>\n\t<div class=\"sc_testimonials_item_author\">\n\t\t<div class=\"sc_testimonials_item_author_data\">\n\t\t\t<h4 class=\"sc_testimonials_item_author_title\">Mohammed<\/h4>\n\t\t\t<div class=\"sc_testimonials_item_author_subtitle\"><\/div>\n\t\t<\/div>\n\t<\/div>\n<\/div>\n<\/div><div class=\"slider-slide swiper-slide\"><div class=\"sc_testimonials_item\">\n\t<div class=\"sc_testimonials_item_content\"><p>\u201cI bought a GPS tracker from Numotronic, and I am more than satisfied. The tracking accuracy is incredible, and it has greatly simplified the management of our vehicle fleet. Customer service is exceptional, responding quickly to all of our questions. I highly recommend Numotronic for their quality products and excellent support.\u201d<\/p>\n<\/div>\n\t<div class=\"sc_testimonials_item_author\">\n\t\t<div class=\"sc_testimonials_item_author_data\">\n\t\t\t<h4 class=\"sc_testimonials_item_author_title\">Alexa<\/h4>\n\t\t\t<div class=\"sc_testimonials_item_author_subtitle\"><\/div>\n\t\t<\/div>\n\t<\/div>\n<\/div>\n<\/div><div class=\"slider-slide swiper-slide\"><div class=\"sc_testimonials_item\">\n\t<div class=\"sc_testimonials_item_content\"><p>\u201cI am very impressed by the quality of Numotronic GPS trackers. They are reliable, easy to use, and provide complete peace of mind. Our business has become more efficient with these devices, and we have saved time and money. Numotronic is the obvious choice for anyone looking for quality GPS tracking solutions.\u201d<\/p>\n<\/div>\n\t<div class=\"sc_testimonials_item_author\">\n\t\t<div class=\"sc_testimonials_item_author_data\">\n\t\t\t<h4 class=\"sc_testimonials_item_author_title\">Ambre<\/h4>\n\t\t\t<div class=\"sc_testimonials_item_author_subtitle\"><\/div>\n\t\t<\/div>\n\t<\/div>\n<\/div>\n<\/div><\/div><\/div><div class=\"slider_pagination_wrap swiper-pagination\"><\/div><\/div><\/div><!-- \/.sc_testimonials --><\/div><\/div><!-- \/.sc_content --><div class=\"vc_empty_space  vc_custom_1553087124448 height_biggest\"   style=\"height: 32px\"><span class=\"vc_empty_space_inner\"><\/span><\/div><div class=\"vc_empty_space  hide_on_mobile height_small\"   style=\"height: 32px\"><span class=\"vc_empty_space_inner\"><\/span><\/div><\/div><\/div><!-- \/.sc_content --><\/div><\/div><\/div><div class=\"wpb_column vc_column_container vc_col-sm-6 sc_layouts_column_icons_position_left\"><div class=\"vc_column-inner\"><div class=\"wpb_wrapper\"><\/div><\/div><\/div><\/div><div class=\"vc_row-full-width vc_clearfix\"><\/div><div class=\"vc_row wpb_row vc_row-fluid\"><div class=\"wpb_column vc_column_container vc_col-sm-12 vc_hidden-sm vc_hidden-xs sc_layouts_column_icons_position_left\"><div class=\"vc_column-inner\"><div class=\"wpb_wrapper\"><div class=\"vc_empty_space  vc_custom_1510221691969 height_large\"   style=\"height: 32px\"><span class=\"vc_empty_space_inner\"><\/span><\/div><\/div><\/div><\/div><\/div><div class=\"vc_row wpb_row vc_row-fluid\"><div class=\"wpb_column vc_column_container vc_col-sm-12 sc_layouts_column_icons_position_left\"><div class=\"vc_column-inner\"><div class=\"wpb_wrapper\"><div class=\"vc_empty_space  height_biggest\"   style=\"height: 32px\"><span class=\"vc_empty_space_inner\"><\/span><\/div><div class=\"sc_blogger color_style_default sc_blogger_default  vc_custom_1510070498438\"><h3 class=\"sc_item_title sc_blogger_title sc_align_center sc_item_title_style_default\">Recent Posts<\/h3><div class=\"sc_blogger_columns_wrap sc_item_columns trx_addons_columns_wrap columns_padding_bottom\"><div class=\"trx_addons_column-1_3\"><div class=\"sc_blogger_item post_format_standard post-3456 post type-post status-publish format-standard has-post-thumbnail hentry category-gps tag-entreprise tag-gps tag-gps-maroc tag-gps-traceur tag-gps-tracker tag-maroc-gps-tracker\"><div class=\"sc_blogger_item_content entry-content\"><div class=\"sc_blogger_item_header entry-header\"><h5 class=\"sc_blogger_item_title entry-title\"><a href=\"https:\/\/numotronic.ma\/en\/2023\/10\/19\/les-avantages-de-lutilisation-de-traceurs-gps-pour-les-entreprises-marocaines\/\" rel=\"bookmark\">The Benefits of Using GPS Trackers for Moroccan Businesses<\/a><\/h5><div class=\"post_meta\">\t\t\t\t\t\t<span class=\"post_meta_item post_date\"><a href=\"https:\/\/numotronic.ma\/en\/2023\/10\/19\/les-avantages-de-lutilisation-de-traceurs-gps-pour-les-entreprises-marocaines\/\">October 19, 2023<\/a><\/span>\n\t\t\t\t\t\t<\/div><!-- .post_meta --><\/div><!-- .entry-header --><div class=\"sc_blogger_item_excerpt\">\n\t\t\t\t<div class=\"sc_blogger_item_excerpt_text\">\n\t\t\t\t\t<p>Businesses in Morocco, whether large or small, operate in a dynamic and competitive business environment. To prosper and remain competitive, many companies use innovative technological tools. GPS trackers are one of these tools that bring a multitude of benefits to Moroccan businesses. In this article, we will explore in detail the benefits of using\u2026<\/p>\n\t\t\t\t<\/div>\n\t\t\t\t<div class=\"sc_blogger_item_button sc_item_button\"><a href=\"https:\/\/numotronic.ma\/en\/2023\/10\/19\/les-avantages-de-lutilisation-de-traceurs-gps-pour-les-entreprises-marocaines\/\" class=\"sc_button\">En savoir plus<\/a><\/div><\/div><!-- .sc_blogger_item_excerpt --><\/div><!-- .entry-content --><\/div><!-- .sc_blogger_item --><\/div><div class=\"trx_addons_column-1_3\"><div class=\"sc_blogger_item post_format_standard post-3453 post type-post status-publish format-standard has-post-thumbnail hentry category-gps tag-gps tag-gps-maroc tag-maroc-gps-tracker tag-topographie tag-traceur\"><div class=\"sc_blogger_item_content entry-content\"><div class=\"sc_blogger_item_header entry-header\"><h5 class=\"sc_blogger_item_title entry-title\"><a href=\"https:\/\/numotronic.ma\/en\/2023\/10\/19\/choisir-le-bon-traceur-gps-pour-votre-vehicule-au-maroc\/\" rel=\"bookmark\">Choosing the Right GPS Tracker for Your Vehicle in Morocco<\/a><\/h5><div class=\"post_meta\">\t\t\t\t\t\t<span class=\"post_meta_item post_date\"><a href=\"https:\/\/numotronic.ma\/en\/2023\/10\/19\/choisir-le-bon-traceur-gps-pour-votre-vehicule-au-maroc\/\">October 19, 2023<\/a><\/span>\n\t\t\t\t\t\t<\/div><!-- .post_meta --><\/div><!-- .entry-header --><div class=\"sc_blogger_item_excerpt\">\n\t\t\t\t<div class=\"sc_blogger_item_excerpt_text\">\n\t\t\t\t\t<p>Morocco, with its diverse and beautiful landscapes, attracts adventurers from all over the world. Whether you are a local resident or a visitor, ensuring the safety of your vehicle on Moroccan roads is of paramount importance. In this blog post, we'll explore the key factors to consider when choosing the right GPS tracker for\u2026<\/p>\n\t\t\t\t<\/div>\n\t\t\t\t<div class=\"sc_blogger_item_button sc_item_button\"><a href=\"https:\/\/numotronic.ma\/en\/2023\/10\/19\/choisir-le-bon-traceur-gps-pour-votre-vehicule-au-maroc\/\" class=\"sc_button\">En savoir plus<\/a><\/div><\/div><!-- .sc_blogger_item_excerpt --><\/div><!-- .entry-content --><\/div><!-- .sc_blogger_item --><\/div><div class=\"trx_addons_column-1_3\"><div class=\"sc_blogger_item post_format_standard post-3448 post type-post status-publish format-standard has-post-thumbnail hentry category-gps tag-gps tag-gps-maroc tag-gps-traceur tag-gps-tracker tag-maroc tag-maroc-gps-tracker tag-traceur\"><div class=\"sc_blogger_item_content entry-content\"><div class=\"sc_blogger_item_header entry-header\"><h5 class=\"sc_blogger_item_title entry-title\"><a href=\"https:\/\/numotronic.ma\/en\/2023\/10\/19\/la-revolution-des-gps-trackers-au-maroc-naviguer-proteger-et-gagner-en-efficacite\/\" rel=\"bookmark\">The GPS Trackers Revolution in Morocco: Navigate, Protect and Gain Efficiency<\/a><\/h5><div class=\"post_meta\">\t\t\t\t\t\t<span class=\"post_meta_item post_date\"><a href=\"https:\/\/numotronic.ma\/en\/2023\/10\/19\/la-revolution-des-gps-trackers-au-maroc-naviguer-proteger-et-gagner-en-efficacite\/\">October 19, 2023<\/a><\/span>\n\t\t\t\t\t\t<\/div><!-- .post_meta --><\/div><!-- .entry-header --><div class=\"sc_blogger_item_excerpt\">\n\t\t\t\t<div class=\"sc_blogger_item_excerpt_text\">\n\t\t\t\t\t<p>Morocco, this country of exceptional natural and cultural beauty, is now at the heart of a discreet but powerful technological revolution: the growing adoption of GPS trackers. These small devices, which use the global positioning system (GPS), offer a multitude of benefits to residents, travelers, businesses and many others. In this article, we will explore the ways in which\u2026<\/p>\n\t\t\t\t<\/div>\n\t\t\t\t<div class=\"sc_blogger_item_button sc_item_button\"><a href=\"https:\/\/numotronic.ma\/en\/2023\/10\/19\/la-revolution-des-gps-trackers-au-maroc-naviguer-proteger-et-gagner-en-efficacite\/\" class=\"sc_button\">En savoir plus<\/a><\/div><\/div><!-- .sc_blogger_item_excerpt --><\/div><!-- .entry-content --><\/div><!-- .sc_blogger_item --><\/div><\/div><\/div><!-- \/.sc_blogger --><\/div><\/div><\/div><\/div>\n<\/section>","protected":false},"excerpt":{"rendered":"Le Maroc, ce pays d'une beaut\u00e9 naturelle et culturelle exceptionnelle, est d\u00e9sormais au c\u0153ur d'une r\u00e9volution technologique discr\u00e8te mais puissante : l'adoption croissante des GPS trackers. Ces petits dispositifs, qui utilisent le syst\u00e8me de positionnement global (GPS), offrent une multitude d'avantages aux r\u00e9sidents, aux voyageurs, aux entreprises et \u00e0 bien d'autres. Dans cet article, nous explorerons les fa\u00e7ons dont les&hellip;","protected":false},"author":1,"featured_media":0,"parent":0,"menu_order":0,"comment_status":"closed","ping_status":"closed","template":"","meta":{"inline_featured_image":false,"footnotes":""},"class_list":["post-216","page","type-page","status-publish","hentry"],"aioseo_notices":[],"_links":{"self":[{"href":"https:\/\/numotronic.ma\/en\/wp-json\/wp\/v2\/pages\/216","targetHints":{"allow":["GET"]}}],"collection":[{"href":"https:\/\/numotronic.ma\/en\/wp-json\/wp\/v2\/pages"}],"about":[{"href":"https:\/\/numotronic.ma\/en\/wp-json\/wp\/v2\/types\/page"}],"author":[{"embeddable":true,"href":"https:\/\/numotronic.ma\/en\/wp-json\/wp\/v2\/users\/1"}],"replies":[{"embeddable":true,"href":"https:\/\/numotronic.ma\/en\/wp-json\/wp\/v2\/comments?post=216"}],"version-history":[{"count":0,"href":"https:\/\/numotronic.ma\/en\/wp-json\/wp\/v2\/pages\/216\/revisions"}],"wp:attachment":[{"href":"https:\/\/numotronic.ma\/en\/wp-json\/wp\/v2\/media?parent=216"}],"curies":[{"name":"wp","href":"https:\/\/api.w.org\/{rel}","templated":true}]}}