{"id":143,"date":"2017-08-03T09:39:17","date_gmt":"2017-08-03T09:39:17","guid":{"rendered":"http:\/\/localhost\/wordpress\/?page_id=143"},"modified":"2023-12-04T09:27:45","modified_gmt":"2023-12-04T09:27:45","slug":"contactez-nous","status":"publish","type":"page","link":"https:\/\/numotronic.ma\/en\/contactez-nous\/","title":{"rendered":"Contact us"},"content":{"rendered":"<section class=\"wpb-content-wrapper\"><div class=\"vc_row wpb_row vc_row-fluid\"><div class=\"wpb_column vc_column_container vc_col-sm-12 vc_col-md-offset-2 vc_col-md-8 sc_layouts_column_icons_position_left\"><div class=\"vc_column-inner\"><div class=\"wpb_wrapper\"><div class=\"vc_empty_space  height_biggest\"   style=\"height: 32px\"><span class=\"vc_empty_space_inner\"><\/span><\/div><div id=\"sc_title_1018936290\"\n\t\tclass=\"sc_title color_style_default sc_title_default  vc_custom_1699864585823\"><h3 class=\"sc_item_title sc_title_title sc_align_center sc_item_title_style_default\">Contact us<\/h3><\/div><!-- \/.sc_title -->\n\t<div class=\"wpb_text_column wpb_content_element  vc_custom_1699864572312\" >\n\t\t<div class=\"wpb_wrapper\">\n\t\t\t<div class=\"elementor-element elementor-element-13f711a elementor-widget__width-initial elementor-widget elementor-widget-text-editor\" data-id=\"13f711a\" data-element_type=\"widget\" data-widget_type=\"text-editor.default\">\n<div class=\"elementor-widget-container\">\n<p>Si vous avez des questions ou besoin d\u2019informations, n\u2019h\u00e9sitez pas \u00e0 nous contacter.<\/p>\n<\/div>\n<\/div>\n\n\t\t<\/div>\n\t<\/div>\n\n\t<div class=\"wpb_text_column wpb_content_element\" >\n\t\t<div class=\"wpb_wrapper\">\n\t\t\t<div class=\"forminator-ui forminator-custom-form forminator-custom-form-3830 forminator-design--default  forminator_ajax\" data-forminator-render=\"0\" data-form=\"forminator-module-3830\" data-uid=\"69f15e8bbecdd\"><br\/><\/div><form\n\t\t\t\tid=\"forminator-module-3830\"\n\t\t\t\tclass=\"forminator-ui forminator-custom-form forminator-custom-form-3830 forminator-design--default  forminator_ajax\"\n\t\t\t\tmethod=\"post\"\n\t\t\t\tdata-forminator-render=\"0\"\n\t\t\t\tdata-form-id=\"3830\"\n\t\t\t\t\n\t\t\t\tdata-design=\"default\"\n\t\t\t\t\n\t\t\t\t\n\t\t\t\t\n\t\t\t\tdata-grid=\"open\"\n\t\t\t\t\n\t\t\t\t\n\t\t\t\tstyle=\"display: none;\"\n\t\t\t\t\n\t\t\t\tdata-uid=\"69f15e8bbecdd\" action=\"\"\n\t\t\t><div role=\"alert\" aria-live=\"polite\" class=\"forminator-response-message forminator-error\" aria-hidden=\"true\"><\/div><div class=\"forminator-row\"><div id=\"name-1\" class=\"forminator-field-name forminator-col forminator-col-12\"><div class=\"forminator-field\"><label for=\"forminator-field-name-1_69f15e8bbecdd\" id=\"forminator-field-name-1_69f15e8bbecdd-label\" class=\"forminator-label\">Pr\u00e9nom <span class=\"forminator-required\">*<\/span><\/label><input type=\"text\" name=\"name-1\" value=\"\" placeholder=\"\" id=\"forminator-field-name-1_69f15e8bbecdd\" class=\"forminator-input forminator-name--field\" aria-required=\"true\" \/><\/div><\/div><\/div><div class=\"forminator-row\"><div id=\"email-1\" class=\"forminator-field-email forminator-col forminator-col-12\"><div class=\"forminator-field\"><label for=\"forminator-field-email-1_69f15e8bbecdd\" id=\"forminator-field-email-1_69f15e8bbecdd-label\" class=\"forminator-label\">Adresse de messagerie <span class=\"forminator-required\">*<\/span><\/label><input type=\"email\" name=\"email-1\" value=\"\" placeholder=\"\" id=\"forminator-field-email-1_69f15e8bbecdd\" class=\"forminator-input forminator-email--field\" data-required=\"true\" aria-required=\"true\" \/><\/div><\/div><\/div><div class=\"forminator-row\"><div id=\"phone-1\" class=\"forminator-field-phone forminator-col forminator-col-12\"><div class=\"forminator-field\"><label for=\"forminator-field-phone-1_69f15e8bbecdd\" id=\"forminator-field-phone-1_69f15e8bbecdd-label\" class=\"forminator-label\">Num\u00e9ro de t\u00e9l\u00e9phone<\/label><input type=\"text\" name=\"phone-1\" value=\"\" placeholder=\"\" id=\"forminator-field-phone-1_69f15e8bbecdd\" class=\"forminator-input forminator-field--phone\" data-required=\"\" aria-required=\"false\" autocomplete=\"off\" \/><\/div><\/div><\/div><div class=\"forminator-row\"><div id=\"textarea-1\" class=\"forminator-field-textarea forminator-col forminator-col-12\"><div class=\"forminator-field\"><label for=\"forminator-field-textarea-1_69f15e8bbecdd\" id=\"forminator-field-textarea-1_69f15e8bbecdd-label\" class=\"forminator-label\">Message <span class=\"forminator-required\">*<\/span><\/label><textarea name=\"textarea-1\" placeholder=\"Saisissez votre message\u2026\" id=\"forminator-field-textarea-1_69f15e8bbecdd\" class=\"forminator-textarea\" rows=\"6\" style=\"min-height:140px;\" maxlength=\"180\" ><\/textarea><span id=\"forminator-field-textarea-1_69f15e8bbecdd-description\" class=\"forminator-description\"><span data-limit=\"180\" data-type=\"characters\" data-editor=\"\">0 \/ 180<\/span><\/span><\/div><\/div><\/div><div class=\"forminator-row\"><div id=\"captcha-1\" class=\"forminator-field-captcha forminator-col forminator-col-12\"><div class=\"forminator-captcha-left forminator-g-recaptcha\" data-theme=\"light\"  data-sitekey=\"6LciYSUpAAAAADgCfou73_FcmJemm2J10RtydNy7\" data-size=\"normal\"><\/div> <\/div><\/div><input type=\"hidden\" name=\"referer_url\" value=\"\" \/><div class=\"forminator-row forminator-row-last\"><div class=\"forminator-col\"><div class=\"forminator-field\"><button class=\"forminator-button forminator-button-submit\">Envoyer le message<\/button><\/div><\/div><\/div><input type=\"hidden\" id=\"forminator_nonce\" name=\"forminator_nonce\" value=\"68b07d8c8a\" \/><input type=\"hidden\" name=\"_wp_http_referer\" value=\"\/en\/wp-json\/wp\/v2\/pages\/143\" \/><input type=\"hidden\" name=\"form_id\" value=\"3830\"><input type=\"hidden\" name=\"page_id\" value=\"143\"><input type=\"hidden\" name=\"form_type\" value=\"default\"><input type=\"hidden\" name=\"current_url\" value=\"https:\/\/numotronic.ma\/en\/contactez-nous\/\"><input type=\"hidden\" name=\"render_id\" value=\"0\"><input type=\"hidden\" name=\"action\" value=\"forminator_submit_form_custom-forms\"><input type=\"hidden\" name=\"trp-form-language\" value=\"en\"\/><\/form>\n\n\t\t<\/div>\n\t<\/div>\n<div class=\"vc_empty_space  height_biggest\"   style=\"height: 32px\"><span class=\"vc_empty_space_inner\"><\/span><\/div><\/div><\/div><\/div><\/div><div data-vc-full-width=\"true\" data-vc-full-width-init=\"false\" data-vc-stretch-content=\"true\" class=\"vc_row wpb_row vc_row-fluid vc_row-no-padding\"><div class=\"wpb_column vc_column_container vc_col-sm-12 sc_layouts_column_icons_position_left\"><div class=\"vc_column-inner\"><div class=\"wpb_wrapper\"><div id=\"sc_googlemap_1163474589_wrap\" class=\"sc_googlemap_wrap\"><div class=\"sc_googlemap_content_wrap\"><div id=\"sc_googlemap_1163474589\"\n\t\t\tclass=\"sc_googlemap sc_googlemap_default gm-small\"\n\t\t\t style=\"width:100%;height:678px;\"\t\t\tdata-zoom=\"13\"\n\t\t\tdata-center=\"\"\n\t\t\tdata-style=\"grey\"\n\t\t\tdata-cluster-icon=\"\"\n\t\t\t><iframe\n\t\t\t\t\tsrc=\"https:\/\/maps.google.com\/maps?t=m&output=embed&iwloc=near&z=13&q=Maroc+Gps+Tracker%2C+Boulevard+Zoulikha+Nasri+3%C3%A8me+%C3%A9tage+Num%C3%A9ro+24+%2C+Florida+Center+Park.\"\n\t\t\t\t\taria-label=\"\"><\/iframe><\/div>\t\t\t<div class=\"sc_googlemap_content color_style_default sc_googlemap_content_default\"><div id=\"widget_contacts_1981374990\" class=\"widget_area sc_widget_contacts vc_widget_contacts wpb_content_element\"><aside id=\"widget_contacts_1981374990_widget\" class=\"widget widget_contacts\"><h5 class=\"widget_title\">Numotronic<\/h5><div class=\"contacts_wrap\"><div class=\"contacts_info\"><span class=\"contacts_address\">Numotronic, Boulevard Zoulikha Nasri 3\u00e8me \u00e9tage Num\u00e9ro 24 , Florida Center Park.<\/span><span class=\"contacts_email\"><a href=\"mailto:con&#116;&#97;ct&#64;&#110;umo&#116;&#114;&#111;&#110;ic&#46;&#109;&#97;\">&#99;on&#116;&#97;c&#116;&#64;&#110;um&#111;tronic&#46;&#109;&#97;<\/a><\/span><a href=\"tel: 212661662209\" class=\"contacts_phone\">+212661662209<\/a><\/div><div class=\"contacts_socials socials_wrap\"><a target=\"_blank\" href=\"https:\/\/twitter.com\/themes_ancora\" class=\"social_item social_item_style_icons social_item_type_icons\"><span class=\"social_icon social_icon_twitter\"><span class=\"icon-twitter\"><\/span><\/span><\/a><a target=\"_blank\" href=\"https:\/\/www.facebook.com\/AncoraThemes\/\" class=\"social_item social_item_style_icons social_item_type_icons\"><span class=\"social_icon social_icon_facebook\"><span class=\"icon-facebook\"><\/span><\/span><\/a><a target=\"_blank\" href=\"https:\/\/www.instagram.com\/ancora_themes\/\" class=\"social_item social_item_style_icons social_item_type_icons\"><span class=\"social_icon social_icon_instagramm\"><span class=\"icon-instagramm\"><\/span><\/span><\/a><a target=\"_blank\" href=\"https:\/\/www.youtube.com\/channel\/UCdIjRh7-lPVHqTTKpaf8PLA\" class=\"social_item social_item_style_icons social_item_type_icons\"><span class=\"social_icon social_icon_youtube\"><span class=\"icon-youtube\"><\/span><\/span><\/a><\/div><\/div><!-- \/.contacts_wrap --><\/aside><\/div><\/div>\n\t\t<\/div>\n\t\t<\/div><!-- \/.sc_googlemap_wrap --><\/div><\/div><\/div><\/div><div class=\"vc_row-full-width vc_clearfix\"><\/div>\n<\/section>","protected":false},"excerpt":{"rendered":"Contactez-nous Si vous avez des questions ou besoin d\u2019informations, n\u2019h\u00e9sitez pas \u00e0 nous contacter. Pr\u00e9nom *Adresse de messagerie *Num\u00e9ro de t\u00e9l\u00e9phoneMessage *0 \/ 180 Envoyer le message NumotronicNumotronic, Boulevard Zoulikha Nasri 3\u00e8me \u00e9tage Num\u00e9ro 24 , Florida Center Park.&#99;ont&#97;ct&#64;&#110;&#117;&#109;otro&#110;ic&#46;&#109;a+212661662209","protected":false},"author":1,"featured_media":0,"parent":0,"menu_order":0,"comment_status":"closed","ping_status":"closed","template":"","meta":{"inline_featured_image":false,"footnotes":""},"class_list":["post-143","page","type-page","status-publish","hentry"],"aioseo_notices":[],"_links":{"self":[{"href":"https:\/\/numotronic.ma\/en\/wp-json\/wp\/v2\/pages\/143","targetHints":{"allow":["GET"]}}],"collection":[{"href":"https:\/\/numotronic.ma\/en\/wp-json\/wp\/v2\/pages"}],"about":[{"href":"https:\/\/numotronic.ma\/en\/wp-json\/wp\/v2\/types\/page"}],"author":[{"embeddable":true,"href":"https:\/\/numotronic.ma\/en\/wp-json\/wp\/v2\/users\/1"}],"replies":[{"embeddable":true,"href":"https:\/\/numotronic.ma\/en\/wp-json\/wp\/v2\/comments?post=143"}],"version-history":[{"count":9,"href":"https:\/\/numotronic.ma\/en\/wp-json\/wp\/v2\/pages\/143\/revisions"}],"predecessor-version":[{"id":3833,"href":"https:\/\/numotronic.ma\/en\/wp-json\/wp\/v2\/pages\/143\/revisions\/3833"}],"wp:attachment":[{"href":"https:\/\/numotronic.ma\/en\/wp-json\/wp\/v2\/media?parent=143"}],"curies":[{"name":"wp","href":"https:\/\/api.w.org\/{rel}","templated":true}]}}