{"id":4330,"date":"2024-08-02T08:20:41","date_gmt":"2024-08-02T08:20:41","guid":{"rendered":"https:\/\/numotronic.ma\/?page_id=4330"},"modified":"2024-08-19T15:52:27","modified_gmt":"2024-08-19T15:52:27","slug":"nmt-01","status":"publish","type":"page","link":"https:\/\/numotronic.ma\/ar\/nmt-01\/","title":{"rendered":"NMT-01"},"content":{"rendered":"<div data-elementor-type=\"wp-page\" data-elementor-id=\"4330\" class=\"elementor elementor-4330\">\n\t\t\t\t\t\t<section class=\"elementor-section elementor-top-section elementor-element elementor-element-547acd2 elementor-section-boxed elementor-section-height-default elementor-section-height-default\" data-id=\"547acd2\" data-element_type=\"section\">\n\t\t\t\t\t\t<div class=\"elementor-container elementor-column-gap-default\">\n\t\t\t\t\t<div class=\"elementor-column elementor-col-100 elementor-top-column elementor-element elementor-element-7a87ed2 sc_layouts_column_icons_position_left\" data-id=\"7a87ed2\" data-element_type=\"column\">\n\t\t\t<div class=\"elementor-widget-wrap elementor-element-populated\">\n\t\t\t\t\t\t<div class=\"elementor-element elementor-element-df1210b elementor-widget elementor-widget-image\" data-id=\"df1210b\" data-element_type=\"widget\" data-widget_type=\"image.default\">\n\t\t\t\t<div class=\"elementor-widget-container\">\n\t\t\t\t\t\t\t\t\t\t\t\t\t\t\t<img fetchpriority=\"high\" decoding=\"async\" width=\"1024\" height=\"667\" src=\"https:\/\/numotronic.ma\/wp-content\/uploads\/2024\/05\/modele-produit-nmt-00-1024x667.jpg\" class=\"attachment-large size-large wp-image-4111\" alt=\"\" srcset=\"https:\/\/numotronic.ma\/wp-content\/uploads\/2024\/05\/modele-produit-nmt-00-1024x667.jpg 1024w, https:\/\/numotronic.ma\/wp-content\/uploads\/2024\/05\/modele-produit-nmt-00-300x195.jpg 300w, https:\/\/numotronic.ma\/wp-content\/uploads\/2024\/05\/modele-produit-nmt-00-768x500.jpg 768w, https:\/\/numotronic.ma\/wp-content\/uploads\/2024\/05\/modele-produit-nmt-00-1536x1000.jpg 1536w, https:\/\/numotronic.ma\/wp-content\/uploads\/2024\/05\/modele-produit-nmt-00-2048x1333.jpg 2048w, https:\/\/numotronic.ma\/wp-content\/uploads\/2024\/05\/modele-produit-nmt-00-370x241.jpg 370w, https:\/\/numotronic.ma\/wp-content\/uploads\/2024\/05\/modele-produit-nmt-00-760x495.jpg 760w, https:\/\/numotronic.ma\/wp-content\/uploads\/2024\/05\/modele-produit-nmt-00-1520x990.jpg 1520w, https:\/\/numotronic.ma\/wp-content\/uploads\/2024\/05\/modele-produit-nmt-00-740x482.jpg 740w\" sizes=\"(max-width: 1024px) 100vw, 1024px\" \/>\t\t\t\t\t\t\t\t\t\t\t\t\t\t\t<\/div>\n\t\t\t\t<\/div>\n\t\t\t\t\t<\/div>\n\t\t<\/div>\n\t\t\t\t\t<\/div>\n\t\t<\/section>\n\t\t\t\t<section class=\"elementor-section elementor-top-section elementor-element elementor-element-7324c69 elementor-section-boxed elementor-section-height-default elementor-section-height-default\" data-id=\"7324c69\" data-element_type=\"section\">\n\t\t\t\t\t\t<div class=\"elementor-container elementor-column-gap-default\">\n\t\t\t\t\t<div class=\"elementor-column elementor-col-100 elementor-top-column elementor-element elementor-element-2e171b0 sc_layouts_column_icons_position_left\" data-id=\"2e171b0\" data-element_type=\"column\">\n\t\t\t<div class=\"elementor-widget-wrap elementor-element-populated\">\n\t\t\t\t\t\t<div class=\"elementor-element elementor-element-605a690 elementor-widget elementor-widget-text-editor\" data-id=\"605a690\" data-element_type=\"widget\" data-widget_type=\"text-editor.default\">\n\t\t\t\t<div class=\"elementor-widget-container\">\n\t\t\t\t\t\t\t\t\t<div class=\"sc_item_descr sc_title_descr sc_align_left\"><p><strong>\u062c\u0647\u0627\u0632 \u062a\u0639\u0642\u0628 GSM GPS \u0645\u062a\u0639\u062f\u062f \u0627\u0644\u0648\u0638\u0627\u0626\u0641 \u0644\u062c\u0645\u064a\u0639 \u0623\u0646\u0648\u0627\u0639 \u0627\u0644\u0645\u0631\u0643\u0628\u0627\u062a<\/strong><\/p><p>\u062c\u0647\u0627\u0632 \u0627\u0644\u062a\u062a\u0628\u0639 Numotronic NMT-01 GPS \u0647\u0648 \u062c\u0647\u0627\u0632 \u064a\u0645\u0643\u0646 \u0627\u0644\u062a\u062e\u0644\u0635 \u0645\u0646\u0647 \u0628\u0646\u0642\u0637\u0629 \u064a\u0645\u0643\u0651\u0646\u0643 \u0645\u0646 \u0645\u0631\u0627\u0642\u0628\u0629 \u0645\u0648\u0642\u0639 \u0627\u0644\u0633\u064a\u0627\u0631\u0629 \u0628\u062f\u0642\u0629 \u0639\u0627\u0644\u064a\u0629. \u0628\u0641\u0636\u0644 \u062a\u0642\u0646\u064a\u0629 GPS \u0627\u0644\u0645\u062a\u0642\u062f\u0645\u0629 \u0648\u0646\u0638\u0627\u0645 \u0627\u0644\u0648\u0638\u0627\u0626\u0641 \u0627\u0644\u0642\u0648\u064a\u060c \u064a\u0639\u062f NMT-01 \u0645\u0639\u064a\u0627\u0631\u064b\u0627 \u0644\u0644\u062a\u0634\u063a\u064a\u0644 \u0627\u0644\u0622\u0645\u0646 \u0648\u0627\u0644\u0641\u0639\u0627\u0644 \u0641\u064a \u062f\u0631\u062c\u0627\u062a \u0627\u0644\u062d\u0631\u0627\u0631\u0629 \u0627\u0644\u0645\u0631\u062a\u0641\u0639\u0629. \u0628\u0641\u0636\u0644 \u0645\u0646\u0627\u0631\u0629 GPS\/GPRS \u0627\u0644\u0630\u0643\u064a\u0629\u060c \u064a\u0648\u0641\u0631 \u0646\u0638\u0627\u0645 \u062a\u062d\u062f\u064a\u062f \u0627\u0644\u0645\u0648\u0642\u0639 \u0627\u0644\u062c\u063a\u0631\u0627\u0641\u064a \u0627\u0644\u062e\u0627\u0635 \u0628\u0646\u0627 \u0628\u0627\u0633\u062a\u062e\u062f\u0627\u0645 \u0646\u0638\u0627\u0645 \u062a\u062d\u062f\u064a\u062f \u0627\u0644\u0645\u0648\u0627\u0642\u0639 \u0627\u0644\u0639\u0627\u0644\u0645\u064a (GPS) \u062d\u0644\u0627\u064b \u0644\u0644\u062a\u0639\u0631\u064a\u0628\u060c \u0648\u064a\u062a\u062d\u0643\u0645 \u0641\u064a \u0627\u0644\u0645\u0631\u0643\u0628\u0627\u062a\u060c \u0648\u064a\u0646\u0634\u0637\u0647\u0627 \u0648\u064a\u0639\u0631\u0636 \u0627\u0644\u062a\u062f\u0641\u0642 \u0641\u064a \u0623\u0648\u0642\u0627\u062a \u0645\u0639\u064a\u0646\u0629 \u064a\u0645\u0643\u0646 \u0627\u0644\u0648\u0635\u0648\u0644 \u0625\u0644\u064a\u0647\u0627 \u0639\u0628\u0631 \u0627\u0644\u0625\u0646\u062a\u0631\u0646\u062a. \u064a\u0645\u0643\u0646\u0643 \u0623\u064a\u0636\u064b\u0627 \u0627\u0633\u062a\u062e\u062f\u0627\u0645 \u0627\u0644\u0634\u0628\u0643\u0629 \u0627\u0644\u0645\u062d\u0644\u064a\u0629 \u0644\u0644\u062a\u0639\u0627\u0648\u0646 \u0645\u0639 \u0627\u0644\u0645\u062a\u0639\u0627\u0648\u0646\u064a\u0646 \u0648\u0627\u0644\u0633\u0627\u0626\u0642\u064a\u0646 \u0648\u0645\u0648\u0638\u0641\u064a \u0627\u0644\u062a\u0648\u0635\u064a\u0644 \u0648\u0627\u0644\u0641\u0646\u064a\u064a\u0646 \u0648\u0627\u0644\u0648\u0643\u0644\u0627\u0621 \u0648\u0633\u0627\u0626\u0642\u064a \u0633\u064a\u0627\u0631\u0627\u062a \u0627\u0644\u0623\u062c\u0631\u0629 \u0648\u0633\u0627\u0626\u0642\u064a \u0633\u064a\u0627\u0631\u0627\u062a \u0627\u0644\u0625\u0633\u0639\u0627\u0641 \u0648\u0635\u0641 \u0627\u0644\u0633\u064a\u0627\u0631\u0627\u062a \u0648\u0627\u0644\u0645\u0632\u064a\u062f.<\/p><\/div><p><strong>\u062f\u0644\u0627\u0626\u0644 \u0627\u0644\u0645\u064a\u0632\u0627\u062a:<\/strong><\/p><p><strong>\u062a\u062a\u0628\u0639 \u0641\u064a \u0627\u0644\u0648\u0642\u062a \u0627\u0644\u062d\u0642\u064a\u0642\u064a:<\/strong> \u062d\u0627\u0641\u0638 \u0639\u0644\u0649 \u062a\u062a\u0628\u0639 \u062f\u0642\u064a\u0642 \u0644\u0645\u0648\u0642\u0639 \u0633\u064a\u0627\u0631\u062a\u0643 \u0641\u064a \u0623\u064a \u0648\u0642\u062a \u0645\u0646 \u0627\u0644\u0623\u0648\u0642\u0627\u062a \u0645\u0646 \u062e\u0644\u0627\u0644 \u0645\u0646\u0635\u062a\u0646\u0627 \u0627\u0644\u0630\u0643\u064a\u0629 \u0644\u0644\u062a\u062a\u0628\u0639. \u0627\u062d\u0635\u0644 \u0639\u0644\u0649 \u0625\u0634\u0639\u0627\u0631\u0627\u062a \u0641\u0648\u0631\u064a\u0629 \u062d\u0648\u0644 \u0627\u0644\u062d\u0631\u0643\u0627\u062a \u0648\u0627\u0644\u0645\u0648\u0627\u0642\u0639.<\/p><p><strong>\u0627\u0644\u0633\u064a\u0627\u062c \u0627\u0644\u062c\u063a\u0631\u0627\u0641\u064a:<\/strong> \u0642\u0645 \u0628\u062a\u0639\u064a\u064a\u0646 \u0645\u0646\u0627\u0637\u0642 \u062c\u063a\u0631\u0627\u0641\u064a\u0629 \u0627\u0641\u062a\u0631\u0627\u0636\u064a\u0629 \u0648\u0627\u0633\u062a\u0642\u0628\u0644 \u062a\u0646\u0628\u064a\u0647\u0627\u062a \u0639\u0646\u062f\u0645\u0627 \u062a\u062f\u062e\u0644 \u0633\u064a\u0627\u0631\u062a\u0643 \u0625\u0644\u0649 \u0647\u0630\u0647 \u0627\u0644\u0645\u0646\u0627\u0637\u0642 \u0623\u0648 \u062a\u062e\u0631\u062c \u0645\u0646\u0647\u0627\u060c \u0645\u0645\u0627 \u064a\u062c\u0639\u0644\u0647\u0627 \u0645\u062b\u0627\u0644\u064a\u0629 \u0644\u0644\u0623\u0645\u0627\u0646 \u0648\u0625\u062f\u0627\u0631\u0629 \u0627\u0644\u0645\u0633\u0627\u0631.<\/p><p><strong>\u0639\u0645\u0631 \u0627\u0644\u0628\u0637\u0627\u0631\u064a\u0629 \u0637\u0648\u064a\u0644 \u0627\u0644\u0623\u0645\u062f:<\/strong> \u0627\u0633\u062a\u0641\u062f \u0645\u0646 \u0628\u0637\u0627\u0631\u064a\u0629 \u0630\u0627\u062a \u0639\u0645\u0631 \u0637\u0648\u064a\u0644 \u062a\u0636\u0645\u0646 \u062a\u062a\u0628\u0639\u064b\u0627 \u0645\u0633\u062a\u0645\u0631\u064b\u0627 \u062f\u0648\u0646 \u0627\u0646\u0642\u0637\u0627\u0639\u060c \u0645\u0645\u0627 \u064a\u0642\u0644\u0644 \u0645\u0646 \u0623\u0648\u0642\u0627\u062a \u0627\u0644\u062a\u0648\u0642\u0641 \u0644\u0625\u0639\u0627\u062f\u0629 \u0627\u0644\u0634\u062d\u0646.<\/p><p><strong>\u0633\u0647\u0644\u0629 \u0627\u0644\u062a\u0631\u0643\u064a\u0628 \u0648\u0627\u0644\u0627\u0633\u062a\u062e\u062f\u0627\u0645:<\/strong> \u0642\u0645 \u0628\u062a\u062b\u0628\u064a\u062a \u062c\u0647\u0627\u0632 \u0627\u0644\u062a\u0639\u0642\u0628 NMT 4G X2 RELAY-FREE \u0628\u0633\u0631\u0639\u0629 \u0641\u064a \u0633\u064a\u0627\u0631\u062a\u0643 \u0648\u0627\u0628\u062f\u0623 \u0627\u0644\u062a\u062a\u0628\u0639 \u0641\u0648\u0631\u064b\u0627 \u0639\u0628\u0631 \u062a\u0637\u0628\u064a\u0642\u0646\u0627 \u0633\u0647\u0644 \u0627\u0644\u0627\u0633\u062a\u062e\u062f\u0627\u0645. \u0644\u0627 \u062a\u0648\u062c\u062f \u062e\u0628\u0631\u0629 \u0641\u0646\u064a\u0629 \u0645\u0637\u0644\u0648\u0628\u0629.<\/p>\t\t\t\t\t\t\t\t<\/div>\n\t\t\t\t<\/div>\n\t\t\t\t\t<\/div>\n\t\t<\/div>\n\t\t\t\t\t<\/div>\n\t\t<\/section>\n\t\t\t\t<section class=\"elementor-section elementor-top-section elementor-element elementor-element-26026db elementor-section-boxed elementor-section-height-default elementor-section-height-default\" data-id=\"26026db\" data-element_type=\"section\">\n\t\t\t\t\t\t<div class=\"elementor-container elementor-column-gap-default\">\n\t\t\t\t\t<div class=\"elementor-column elementor-col-100 elementor-top-column elementor-element elementor-element-fb16837 sc_layouts_column_icons_position_left\" data-id=\"fb16837\" data-element_type=\"column\">\n\t\t\t<div class=\"elementor-widget-wrap elementor-element-populated\">\n\t\t\t\t\t\t<div class=\"elementor-element elementor-element-d13f4b9 elementor-widget elementor-widget-trx_sc_table\" data-id=\"d13f4b9\" data-element_type=\"widget\" data-widget_type=\"trx_sc_table.default\">\n\t\t\t\t<div class=\"elementor-widget-container\">\n\t\t\t\t\t<div id=\"trx_sc_table_222266975_wrap\" class=\"sc_table_wrap\"><div id=\"trx_sc_table_222266975\"\n\t\t\tclass=\"sc_table sc_table_default\" style=\"width:100%;\"><div class=\"table_component\" tabindex=\"0\" role=\"region\"><table><caption>\u00a0<\/caption><thead><tr><th>\u0628\u0637\u0627\u0642\u0629 \u062a\u0642\u0646\u064a\u0629<\/th><\/tr><\/thead><tbody><tr><td>\u0623\u0628\u0639\u0627\u062f<\/td><td>78x62x18mm<\/td><\/tr><tr><td>\u0627\u0644\u0648\u0632\u0646<\/td><td>70g<\/td><\/tr><tr><td>\u062f\u0631\u062c\u0629 \u062d\u0631\u0627\u0631\u0629 \u0627\u0644\u062a\u0634\u063a\u064a\u0644<\/td><td>30-75\u00b0C-<\/td><\/tr><tr><td>\u062c\u0647\u062f \u0627\u0644\u062a\u0634\u063a\u064a\u0644<\/td><td>7-45vDC<\/td><\/tr><tr><td>GPRS<\/td><td>900-1800MHz<\/td><\/tr><tr><td>\u062d\u0633\u0627\u0633\u064a\u0629 \u0646\u0638\u0627\u0645 \u062a\u062d\u062f\u064a\u062f \u0627\u0644\u0645\u0648\u0627\u0642\u0639<\/td><td>160dBm-<\/td><\/tr><\/tbody><\/table><\/div><\/div><\/div><!-- \/.sc_table_wrap -->\t\t\t\t<\/div>\n\t\t\t\t<\/div>\n\t\t\t\t\t<\/div>\n\t\t<\/div>\n\t\t\t\t\t<\/div>\n\t\t<\/section>\n\t\t\t\t<\/div>","protected":false},"excerpt":{"rendered":"<p>Traceur GPS GSM multifonctionnel pour tous les types de v\u00e9hicules Le traceur GPS Numotronic NMT-01 est un dispositif de pointe qui vous permet de surveiller avec une pr\u00e9cision in\u00e9gal\u00e9e la localisation des v\u00e9hicules. Con\u00e7u avec une technologie GPS avanc\u00e9e et une gamme de fonctionnalit\u00e9s robustes, le NMT-01 \u00e9tablit la norme pour un suivi en temps r\u00e9el efficace et performant. Gr\u00e2ce&hellip;<\/p>","protected":false},"author":1,"featured_media":0,"parent":0,"menu_order":0,"comment_status":"closed","ping_status":"closed","template":"","meta":{"inline_featured_image":false,"footnotes":""},"class_list":["post-4330","page","type-page","status-publish","hentry"],"aioseo_notices":[],"_links":{"self":[{"href":"https:\/\/numotronic.ma\/ar\/wp-json\/wp\/v2\/pages\/4330","targetHints":{"allow":["GET"]}}],"collection":[{"href":"https:\/\/numotronic.ma\/ar\/wp-json\/wp\/v2\/pages"}],"about":[{"href":"https:\/\/numotronic.ma\/ar\/wp-json\/wp\/v2\/types\/page"}],"author":[{"embeddable":true,"href":"https:\/\/numotronic.ma\/ar\/wp-json\/wp\/v2\/users\/1"}],"replies":[{"embeddable":true,"href":"https:\/\/numotronic.ma\/ar\/wp-json\/wp\/v2\/comments?post=4330"}],"version-history":[{"count":19,"href":"https:\/\/numotronic.ma\/ar\/wp-json\/wp\/v2\/pages\/4330\/revisions"}],"predecessor-version":[{"id":4362,"href":"https:\/\/numotronic.ma\/ar\/wp-json\/wp\/v2\/pages\/4330\/revisions\/4362"}],"wp:attachment":[{"href":"https:\/\/numotronic.ma\/ar\/wp-json\/wp\/v2\/media?parent=4330"}],"curies":[{"name":"wp","href":"https:\/\/api.w.org\/{rel}","templated":true}]}}