{"id":4270,"date":"2024-07-22T15:55:19","date_gmt":"2024-07-22T15:55:19","guid":{"rendered":"https:\/\/numotronic.ma\/?page_id=4270"},"modified":"2024-07-23T11:20:32","modified_gmt":"2024-07-23T11:20:32","slug":"nmt-mobile-x4","status":"publish","type":"page","link":"https:\/\/numotronic.ma\/ar\/nmt-mobile-x4\/","title":{"rendered":"NMT MOBILE X4"},"content":{"rendered":"<div data-elementor-type=\"wp-page\" data-elementor-id=\"4270\" class=\"elementor elementor-4270\">\n\t\t\t\t\t\t<section class=\"elementor-section elementor-top-section elementor-element elementor-element-f4bef9e elementor-section-boxed elementor-section-height-default elementor-section-height-default\" data-id=\"f4bef9e\" data-element_type=\"section\">\n\t\t\t\t\t\t<div class=\"elementor-container elementor-column-gap-default\">\n\t\t\t\t\t<div class=\"elementor-column elementor-col-100 elementor-top-column elementor-element elementor-element-ed8251a sc_layouts_column_icons_position_left\" data-id=\"ed8251a\" data-element_type=\"column\">\n\t\t\t<div class=\"elementor-widget-wrap elementor-element-populated\">\n\t\t\t\t\t\t<div class=\"elementor-element elementor-element-83792e4 elementor-widget elementor-widget-image\" data-id=\"83792e4\" data-element_type=\"widget\" data-widget_type=\"image.default\">\n\t\t\t\t<div class=\"elementor-widget-container\">\n\t\t\t\t\t\t\t\t\t\t\t\t\t\t\t<img fetchpriority=\"high\" decoding=\"async\" width=\"1024\" height=\"667\" src=\"https:\/\/numotronic.ma\/wp-content\/uploads\/2024\/07\/modele-produit-nmt-mobile-x4.jpg\" class=\"attachment-large size-large wp-image-4228\" alt=\"\" srcset=\"https:\/\/numotronic.ma\/wp-content\/uploads\/2024\/07\/modele-produit-nmt-mobile-x4.jpg 1024w, https:\/\/numotronic.ma\/wp-content\/uploads\/2024\/07\/modele-produit-nmt-mobile-x4-300x195.jpg 300w, https:\/\/numotronic.ma\/wp-content\/uploads\/2024\/07\/modele-produit-nmt-mobile-x4-768x500.jpg 768w, https:\/\/numotronic.ma\/wp-content\/uploads\/2024\/07\/modele-produit-nmt-mobile-x4-18x12.jpg 18w, https:\/\/numotronic.ma\/wp-content\/uploads\/2024\/07\/modele-produit-nmt-mobile-x4-370x241.jpg 370w, https:\/\/numotronic.ma\/wp-content\/uploads\/2024\/07\/modele-produit-nmt-mobile-x4-760x495.jpg 760w, https:\/\/numotronic.ma\/wp-content\/uploads\/2024\/07\/modele-produit-nmt-mobile-x4-740x482.jpg 740w\" sizes=\"(max-width: 1024px) 100vw, 1024px\" \/>\t\t\t\t\t\t\t\t\t\t\t\t\t\t\t<\/div>\n\t\t\t\t<\/div>\n\t\t\t\t\t<\/div>\n\t\t<\/div>\n\t\t\t\t\t<\/div>\n\t\t<\/section>\n\t\t\t\t<section class=\"elementor-section elementor-top-section elementor-element elementor-element-d5a63b4 elementor-section-boxed elementor-section-height-default elementor-section-height-default\" data-id=\"d5a63b4\" data-element_type=\"section\">\n\t\t\t\t\t\t<div class=\"elementor-container elementor-column-gap-default\">\n\t\t\t\t\t<div class=\"elementor-column elementor-col-100 elementor-top-column elementor-element elementor-element-fa2f3d1 sc_layouts_column_icons_position_left\" data-id=\"fa2f3d1\" data-element_type=\"column\">\n\t\t\t<div class=\"elementor-widget-wrap elementor-element-populated\">\n\t\t\t\t\t\t<div class=\"elementor-element elementor-element-2e23d92 elementor-widget elementor-widget-text-editor\" data-id=\"2e23d92\" data-element_type=\"widget\" data-widget_type=\"text-editor.default\">\n\t\t\t\t<div class=\"elementor-widget-container\">\n\t\t\t\t\t\t\t\t\t<p><strong>\u0627\u0643\u062a\u0634\u0641 \u0645\u0633\u062a\u0642\u0628\u0644 \u062a\u062a\u0628\u0639 \u0627\u0644\u0645\u0631\u0643\u0628\u0627\u062a \u0645\u0639 NMT MOBILE X4<\/strong><\/p><p>\u062a\u062a\u0628\u0639 \u0645\u0648\u0642\u0639 \u0633\u064a\u0627\u0631\u062a\u0643 \u0628\u062f\u0642\u0629 \u0648\u0645\u0648\u062b\u0648\u0642\u064a\u0629 \u0628\u0627\u0633\u062a\u062e\u062f\u0627\u0645 NMT MOBILE X4\u060c \u0648\u0647\u0648 \u0646\u0638\u0627\u0645 GPS \u0644\u0627\u0633\u0644\u0643\u064a \u0645\u0632\u0648\u062f \u0628\u062a\u0642\u0646\u064a\u0629 \u0645\u062a\u0637\u0648\u0631\u0629 \u0645\u0635\u0645\u0645\u0629 \u0644\u0625\u0639\u0627\u062f\u0629 \u062a\u0639\u0631\u064a\u0641 \u062a\u062c\u0631\u0628\u0629 \u0627\u0644\u062a\u062a\u0628\u0639 \u0627\u0644\u062e\u0627\u0635\u0629 \u0628\u0643. \u0633\u0648\u0627\u0621 \u0643\u0627\u0646 \u0627\u0644\u0623\u0645\u0631 \u064a\u062a\u0639\u0644\u0642 \u0628\u0623\u0633\u0627\u0637\u064a\u0644 \u0627\u0644\u0634\u0631\u0643\u0627\u062a \u0623\u0648 \u0627\u0644\u0645\u0631\u0643\u0628\u0627\u062a \u0627\u0644\u0634\u062e\u0635\u064a\u0629 \u0623\u0648 \u0627\u0644\u0623\u0646\u0634\u0637\u0629 \u0627\u0644\u062a\u0631\u0641\u064a\u0647\u064a\u0629\u060c \u0641\u0625\u0646 NMT MOBILE X4 \u064a\u0642\u062f\u0645 \u062a\u062d\u062f\u064a\u062b\u0627\u062a \u0641\u064a \u0627\u0644\u0648\u0642\u062a \u0627\u0644\u0641\u0639\u0644\u064a \u0645\u0628\u0627\u0634\u0631\u0629 \u0625\u0644\u0649 \u062c\u0647\u0627\u0632\u0643 \u0627\u0644\u0645\u062d\u0645\u0648\u0644 \u0623\u0648 \u0627\u0644\u0643\u0645\u0628\u064a\u0648\u062a\u0631.<\/p><p><strong>\u0627\u0644\u062e\u0635\u0627\u0626\u0635 \u0627\u0644\u0631\u0626\u064a\u0633\u064a\u0629 :<\/strong><\/p><p><strong>\u062a\u062a\u0628\u0639 \u0641\u064a \u0627\u0644\u0648\u0642\u062a \u0627\u0644\u062d\u0642\u064a\u0642\u064a:<\/strong> \u0627\u0628\u0642 \u0639\u0644\u0649 \u0627\u0637\u0644\u0627\u0639 \u0628\u0645\u0648\u0642\u0639 \u0633\u064a\u0627\u0631\u062a\u0643 \u0645\u0646 \u062e\u0644\u0627\u0644 \u0645\u0646\u0635\u0629 \u0627\u0644\u062a\u062a\u0628\u0639 \u0633\u0647\u0644\u0629 \u0627\u0644\u0627\u0633\u062a\u062e\u062f\u0627\u0645 \u0627\u0644\u062e\u0627\u0635\u0629 \u0628\u0646\u0627. \u062a\u0644\u0642\u064a \u0625\u0634\u0639\u0627\u0631\u0627\u062a \u0641\u0648\u0631\u064a\u0629 \u062d\u0648\u0644 \u0627\u0644\u062a\u062d\u0631\u0643\u0627\u062a \u0648\u0627\u0644\u0645\u0648\u0627\u0642\u0639.<\/p><p><strong>\u0627\u0644\u0627\u062a\u0635\u0627\u0644 \u0627\u0644\u0645\u062d\u0645\u0648\u0644 \u0627\u0644\u0645\u062a\u0642\u062f\u0645:<\/strong> \u0627\u0633\u062a\u0645\u062a\u0639 \u0628\u0627\u062a\u0635\u0627\u0644 \u0633\u0631\u064a\u0639 \u0648\u0645\u0648\u062b\u0648\u0642 \u0628\u0647 \u0645\u0639 \u062a\u0642\u0646\u064a\u0629 \u0627\u0644\u0647\u0627\u062a\u0641 \u0627\u0644\u0645\u062d\u0645\u0648\u0644 \u0627\u0644\u0645\u062f\u0645\u062c\u0629\u060c \u0645\u0645\u0627 \u064a\u0636\u0645\u0646 \u0627\u0644\u062a\u063a\u0637\u064a\u0629 \u0627\u0644\u0645\u062b\u0627\u0644\u064a\u0629 \u062d\u062a\u0649 \u0641\u064a \u0627\u0644\u0645\u0646\u0627\u0637\u0642 \u0627\u0644\u0646\u0627\u0626\u064a\u0629.<\/p><p><strong>\u062a\u063a\u0637\u064a\u0629 \u0645\u0648\u0633\u0639\u0629 \u0645\u0639 \u0645\u0631\u062d\u0644 \u0627\u0644\u0645\u062d\u0645\u0648\u0644:<\/strong> \u0627\u0633\u062a\u0645\u062a\u0639 \u0628\u062a\u063a\u0637\u064a\u0629 \u0645\u0648\u0633\u0639\u0629 \u0648\u0627\u062a\u0635\u0627\u0644 \u0645\u062d\u0633\u0651\u0646 \u0645\u0639 \u0648\u0638\u064a\u0641\u0629 \u0627\u0644\u062a\u0631\u062d\u064a\u0644 \u0627\u0644\u0645\u062d\u0645\u0648\u0644\u060c \u0645\u0645\u0627 \u064a\u0636\u0645\u0646 \u0627\u0644\u0645\u0631\u0627\u0642\u0628\u0629 \u0627\u0644\u0645\u0633\u062a\u0645\u0631\u0629 \u0648\u0627\u0644\u0646\u0642\u0644 \u0627\u0644\u0623\u0645\u062b\u0644 \u0644\u0644\u0628\u064a\u0627\u0646\u0627\u062a.<\/p><p><strong>\u0627\u0644\u0633\u064a\u0627\u062c \u0627\u0644\u062c\u063a\u0631\u0627\u0641\u064a:<\/strong> \u0642\u0645 \u0628\u062a\u062d\u062f\u064a\u062f \u0627\u0644\u0645\u0646\u0627\u0637\u0642 \u0627\u0644\u062c\u063a\u0631\u0627\u0641\u064a\u0629 \u0627\u0644\u0627\u0641\u062a\u0631\u0627\u0636\u064a\u0629 \u0648\u062a\u0644\u0642\u064a \u0627\u0644\u062a\u0646\u0628\u064a\u0647\u0627\u062a \u0639\u0646\u062f\u0645\u0627 \u062a\u062f\u062e\u0644 \u0633\u064a\u0627\u0631\u062a\u0643 \u0625\u0644\u0649 \u0647\u0630\u0647 \u0627\u0644\u0645\u0646\u0627\u0637\u0642 \u0623\u0648 \u062a\u062e\u0631\u062c \u0645\u0646\u0647\u0627\u060c \u0645\u0645\u0627 \u064a\u0639\u0632\u0632 \u0627\u0644\u0633\u0644\u0627\u0645\u0629 \u0648\u0625\u062f\u0627\u0631\u0629 \u0627\u0644\u0631\u062d\u0644\u0629.<\/p><p><strong>\u062a\u0645\u062f\u064a\u062f \u0639\u0645\u0631 \u0627\u0644\u0628\u0637\u0627\u0631\u064a\u0629:<\/strong> \u0627\u0633\u062a\u0645\u062a\u0639 \u0628\u0639\u0645\u0631 \u0628\u0637\u0627\u0631\u064a\u0629 \u0645\u0645\u062a\u062f \u0644\u0644\u062a\u062a\u0628\u0639 \u062f\u0648\u0646 \u0627\u0646\u0642\u0637\u0627\u0639\u060c \u0645\u0645\u0627 \u064a\u0642\u0644\u0644 \u0645\u0646 \u0648\u0642\u062a \u0627\u0644\u062a\u0648\u0642\u0641 \u0639\u0646 \u0627\u0644\u0634\u062d\u0646.<\/p><p><strong>\u0633\u0647\u0644\u0629 \u0627\u0644\u062a\u0631\u0643\u064a\u0628 \u0648\u0627\u0644\u0627\u0633\u062a\u062e\u062f\u0627\u0645 \u0627\u0644\u0628\u062f\u064a\u0647\u064a:<\/strong> \u0642\u0645 \u0628\u062a\u062b\u0628\u064a\u062a NMT MOBILE X4 \u0628\u0633\u0631\u0639\u0629 \u0641\u064a \u0633\u064a\u0627\u0631\u062a\u0643 \u0648\u0627\u0628\u062f\u0623 \u0627\u0644\u062a\u062a\u0628\u0639 \u0639\u0644\u0649 \u0627\u0644\u0641\u0648\u0631 \u0645\u0646 \u062e\u0644\u0627\u0644 \u062a\u0637\u0628\u064a\u0642\u0646\u0627 \u0627\u0644\u0628\u062f\u064a\u0647\u064a. \u0644\u0627 \u062a\u0648\u062c\u062f \u062e\u0628\u0631\u0629 \u0641\u0646\u064a\u0629 \u0645\u0637\u0644\u0648\u0628\u0629.<\/p><p><strong>\u0644\u0645\u0627\u0630\u0627 \u062a\u062e\u062a\u0627\u0631 NMT MOBILE X4 \u0644\u0645\u0631\u0643\u0628\u0627\u062a\u0643\u061f<\/strong><\/p><p>\u064a\u0648\u0641\u0631 NMT MOBILE X4 \u0623\u0643\u062b\u0631 \u0645\u0646 \u0645\u062c\u0631\u062f \u0645\u0631\u0627\u0642\u0628\u0629 \u0628\u0633\u064a\u0637\u0629: \u0641\u0647\u0648 \u0623\u062f\u0627\u0629 \u0625\u062f\u0627\u0631\u0629 \u0641\u0639\u0627\u0644\u0629 \u0644\u062a\u062d\u0633\u064a\u0646 \u0627\u0633\u062a\u062e\u062f\u0627\u0645 \u0627\u0644\u0623\u0633\u0627\u0637\u064a\u0644 \u0623\u0648 \u0636\u0645\u0627\u0646 \u0633\u0644\u0627\u0645\u0629 \u0627\u0644\u0645\u0631\u0643\u0628\u0627\u062a \u0627\u0644\u0634\u062e\u0635\u064a\u0629. \u0627\u0633\u062a\u0645\u062a\u0639 \u0628\u0631\u0627\u062d\u0629 \u0627\u0644\u0628\u0627\u0644 \u0645\u0646 \u062e\u0644\u0627\u0644 \u0627\u0644\u062a\u062a\u0628\u0639 \u0627\u0644\u0645\u0648\u062b\u0648\u0642 \u0628\u0647 \u0648\u0641\u064a \u0627\u0644\u0648\u0642\u062a \u0627\u0644\u0641\u0639\u0644\u064a \u0627\u0644\u0630\u064a \u064a\u0648\u0641\u0631\u0647 NMT MOBILE X4.<\/p><p>\u0627\u0646\u0636\u0645 \u0625\u0644\u0649 \u0627\u0644\u0634\u0631\u0643\u0627\u062a \u0648\u0623\u0635\u062d\u0627\u0628 \u0627\u0644\u0645\u0631\u0643\u0628\u0627\u062a \u0627\u0644\u0630\u064a\u0646 \u064a\u062b\u0642\u0648\u0646 \u0641\u064a NMT MOBILE X4 \u0644\u0625\u062f\u0627\u0631\u0629 \u0641\u0639\u0627\u0644\u0629 \u0648\u0622\u0645\u0646\u0629 \u0644\u0623\u0635\u0648\u0644\u0647\u0645 \u0627\u0644\u0645\u062d\u0645\u0648\u0644\u0629. \u0627\u0633\u062a\u0645\u062a\u0639 \u0628\u0645\u0633\u062a\u0648\u0649 \u062c\u062f\u064a\u062f \u0645\u0646 \u0627\u0644\u062a\u062d\u0643\u0645 \u0648\u0627\u0644\u0623\u0645\u0627\u0646 \u0645\u0646 \u062e\u0644\u0627\u0644 \u062a\u0642\u0646\u064a\u0629 \u0627\u0644\u062a\u062a\u0628\u0639 \u0627\u0644\u0645\u062a\u0642\u062f\u0645\u0629 \u0644\u062f\u064a\u0646\u0627.<\/p>\t\t\t\t\t\t\t\t<\/div>\n\t\t\t\t<\/div>\n\t\t\t\t\t<\/div>\n\t\t<\/div>\n\t\t\t\t\t<\/div>\n\t\t<\/section>\n\t\t\t\t<\/div>","protected":false},"excerpt":{"rendered":"<p>Explorez l&#8217;avenir du suivi de v\u00e9hicules avec le NMT MOBILE X4 Assurez un suivi pr\u00e9cis et fiable de la localisation de votre v\u00e9hicule avec le NMT MOBILE X4, un GPS sans fil \u00e9quip\u00e9 d&#8217;une technologie de pointe con\u00e7ue pour red\u00e9finir votre exp\u00e9rience de suivi. Que ce soit pour les flottes d&#8217;entreprise, les v\u00e9hicules personnels ou les activit\u00e9s r\u00e9cr\u00e9atives, le NMT&hellip;<\/p>","protected":false},"author":1,"featured_media":0,"parent":0,"menu_order":0,"comment_status":"closed","ping_status":"closed","template":"","meta":{"inline_featured_image":false,"footnotes":""},"class_list":["post-4270","page","type-page","status-publish","hentry"],"aioseo_notices":[],"_links":{"self":[{"href":"https:\/\/numotronic.ma\/ar\/wp-json\/wp\/v2\/pages\/4270","targetHints":{"allow":["GET"]}}],"collection":[{"href":"https:\/\/numotronic.ma\/ar\/wp-json\/wp\/v2\/pages"}],"about":[{"href":"https:\/\/numotronic.ma\/ar\/wp-json\/wp\/v2\/types\/page"}],"author":[{"embeddable":true,"href":"https:\/\/numotronic.ma\/ar\/wp-json\/wp\/v2\/users\/1"}],"replies":[{"embeddable":true,"href":"https:\/\/numotronic.ma\/ar\/wp-json\/wp\/v2\/comments?post=4270"}],"version-history":[{"count":10,"href":"https:\/\/numotronic.ma\/ar\/wp-json\/wp\/v2\/pages\/4270\/revisions"}],"predecessor-version":[{"id":4303,"href":"https:\/\/numotronic.ma\/ar\/wp-json\/wp\/v2\/pages\/4270\/revisions\/4303"}],"wp:attachment":[{"href":"https:\/\/numotronic.ma\/ar\/wp-json\/wp\/v2\/media?parent=4270"}],"curies":[{"name":"wp","href":"https:\/\/api.w.org\/{rel}","templated":true}]}}