{"id":4207,"date":"2024-07-18T10:58:31","date_gmt":"2024-07-18T10:58:31","guid":{"rendered":"https:\/\/numotronic.ma\/?page_id=4207"},"modified":"2024-08-02T09:13:12","modified_gmt":"2024-08-02T09:13:12","slug":"nmt-4g-x2-sans-relai","status":"publish","type":"page","link":"https:\/\/numotronic.ma\/ar\/nmt-4g-x2-sans-relai\/","title":{"rendered":"NMT 4G X2 SANS RELAI"},"content":{"rendered":"<div data-elementor-type=\"wp-page\" data-elementor-id=\"4207\" class=\"elementor elementor-4207\">\n\t\t\t\t\t\t<section class=\"elementor-section elementor-top-section elementor-element elementor-element-e89a135 elementor-section-boxed elementor-section-height-default elementor-section-height-default\" data-id=\"e89a135\" data-element_type=\"section\">\n\t\t\t\t\t\t<div class=\"elementor-container elementor-column-gap-default\">\n\t\t\t\t\t<div class=\"elementor-column elementor-col-100 elementor-top-column elementor-element elementor-element-ef43354 sc_layouts_column_icons_position_left\" data-id=\"ef43354\" data-element_type=\"column\">\n\t\t\t<div class=\"elementor-widget-wrap elementor-element-populated\">\n\t\t\t\t\t\t<div class=\"elementor-element elementor-element-0870160 elementor-widget elementor-widget-heading\" data-id=\"0870160\" data-element_type=\"widget\" data-widget_type=\"heading.default\">\n\t\t\t\t<div class=\"elementor-widget-container\">\n\t\t\t\t\t<h2 class=\"elementor-heading-title elementor-size-default\">NMT 4G X2 SANS RELAI\n<\/h2>\t\t\t\t<\/div>\n\t\t\t\t<\/div>\n\t\t\t\t\t<\/div>\n\t\t<\/div>\n\t\t\t\t\t<\/div>\n\t\t<\/section>\n\t\t\t\t<section class=\"elementor-section elementor-top-section elementor-element elementor-element-5e81030 elementor-section-boxed elementor-section-height-default elementor-section-height-default\" data-id=\"5e81030\" data-element_type=\"section\">\n\t\t\t\t\t\t<div class=\"elementor-container elementor-column-gap-default\">\n\t\t\t\t\t<div class=\"elementor-column elementor-col-100 elementor-top-column elementor-element elementor-element-d1405e4 sc_layouts_column_icons_position_left\" data-id=\"d1405e4\" data-element_type=\"column\">\n\t\t\t<div class=\"elementor-widget-wrap elementor-element-populated\">\n\t\t\t\t\t\t<div class=\"elementor-element elementor-element-8496073 elementor-widget elementor-widget-image\" data-id=\"8496073\" data-element_type=\"widget\" data-widget_type=\"image.default\">\n\t\t\t\t<div class=\"elementor-widget-container\">\n\t\t\t\t\t\t\t\t\t\t\t\t\t\t\t<img fetchpriority=\"high\" decoding=\"async\" width=\"1024\" height=\"667\" src=\"https:\/\/numotronic.ma\/wp-content\/uploads\/2024\/07\/gps4g-1024x667.jpg\" class=\"attachment-large size-large wp-image-4177\" alt=\"\" srcset=\"https:\/\/numotronic.ma\/wp-content\/uploads\/2024\/07\/gps4g-1024x667.jpg 1024w, https:\/\/numotronic.ma\/wp-content\/uploads\/2024\/07\/gps4g-300x195.jpg 300w, https:\/\/numotronic.ma\/wp-content\/uploads\/2024\/07\/gps4g-768x500.jpg 768w, https:\/\/numotronic.ma\/wp-content\/uploads\/2024\/07\/gps4g-18x12.jpg 18w, https:\/\/numotronic.ma\/wp-content\/uploads\/2024\/07\/gps4g-370x241.jpg 370w, https:\/\/numotronic.ma\/wp-content\/uploads\/2024\/07\/gps4g-760x495.jpg 760w, https:\/\/numotronic.ma\/wp-content\/uploads\/2024\/07\/gps4g-1520x990.jpg 1520w, https:\/\/numotronic.ma\/wp-content\/uploads\/2024\/07\/gps4g-740x482.jpg 740w, https:\/\/numotronic.ma\/wp-content\/uploads\/2024\/07\/gps4g.jpg 1536w\" sizes=\"(max-width: 1024px) 100vw, 1024px\" \/>\t\t\t\t\t\t\t\t\t\t\t\t\t\t\t<\/div>\n\t\t\t\t<\/div>\n\t\t\t\t\t<\/div>\n\t\t<\/div>\n\t\t\t\t\t<\/div>\n\t\t<\/section>\n\t\t\t\t<section class=\"elementor-section elementor-top-section elementor-element elementor-element-71a8952 elementor-section-boxed elementor-section-height-default elementor-section-height-default\" data-id=\"71a8952\" data-element_type=\"section\">\n\t\t\t\t\t\t<div class=\"elementor-container elementor-column-gap-default\">\n\t\t\t\t\t<div class=\"elementor-column elementor-col-100 elementor-top-column elementor-element elementor-element-ecb7377 sc_layouts_column_icons_position_left\" data-id=\"ecb7377\" data-element_type=\"column\">\n\t\t\t<div class=\"elementor-widget-wrap elementor-element-populated\">\n\t\t\t\t\t\t<div class=\"elementor-element elementor-element-ef5c051 elementor-widget elementor-widget-text-editor\" data-id=\"ef5c051\" data-element_type=\"widget\" data-widget_type=\"text-editor.default\">\n\t\t\t\t<div class=\"elementor-widget-container\">\n\t\t\t\t\t\t\t\t\t<p><strong>\u0627\u0633\u062a\u0643\u0634\u0641 \u0645\u0633\u062a\u0642\u0628\u0644 \u062a\u062a\u0628\u0639 \u0627\u0644\u0645\u0631\u0643\u0628\u0627\u062a \u0628\u0627\u0633\u062a\u062e\u062f\u0627\u0645 \u062c\u0647\u0627\u0632 NMT 4G X2 NO RELAY GPS Tracker<\/strong><\/p><p>\u0644\u0627 \u062a\u062a\u0631\u0643 \u0645\u0648\u0636\u0639 \u0633\u064a\u0627\u0631\u062a\u0643 \u0641\u064a \u062d\u0627\u0644\u0629 \u062e\u0637\u0631 \u0628\u0627\u0633\u062a\u062e\u062f\u0627\u0645 Traceur NMT 4G X2 SANS RELAI\u060c \u0648\u0647\u064a \u062a\u0642\u0646\u064a\u0629 \u0646\u0642\u0637\u0629 \u0645\u062c\u0647\u0632\u0629 \u0628\u0634\u0628\u0643\u0629 4G \u0644\u0644\u062d\u0635\u0648\u0644 \u0639\u0644\u0649 \u0645\u062a\u0627\u0628\u0639\u0629 \u062f\u0642\u064a\u0642\u0629 \u0648\u0642\u0627\u0628\u0644\u0629 \u0644\u0644\u062a\u0646\u0641\u064a\u0630. \u0647\u0630\u0627 \u0645\u0646\u0627\u0633\u0628 \u0644\u0642\u0627\u0641\u0644\u0629 \u0623\u0639\u0645\u0627\u0644 \u0623\u0648 \u0633\u064a\u0627\u0631\u0629 \u0623\u0648 \u0645\u0633\u0627\u0641\u0631\u064a\u0646\u060c \u0641\u0625\u0646 NMT 4G X2 SANS RELAI \u064a\u0642\u062f\u0645 \u062e\u062f\u0645\u0627\u062a \u064a\u0648\u0645\u064a\u0629 \u0645\u0628\u0627\u0634\u0631\u0629 \u0641\u064a \u0627\u0644\u0648\u0642\u062a \u0627\u0644\u0641\u0639\u0644\u064a \u0639\u0644\u0649 \u062c\u0647\u0627\u0632\u0643 \u0627\u0644\u0645\u062d\u0645\u0648\u0644 \u0623\u0648 \u062c\u0647\u0627\u0632 \u0627\u0644\u0643\u0645\u0628\u064a\u0648\u062a\u0631 \u0627\u0644\u062e\u0627\u0635 \u0628\u0643.<\/p><p><strong>\u062f\u0644\u0627\u0626\u0644 \u0627\u0644\u0645\u064a\u0632\u0627\u062a:<\/strong><\/p><ol><li><p><strong>\u062a\u062a\u0628\u0639 \u0641\u064a \u0627\u0644\u0648\u0642\u062a \u0627\u0644\u062d\u0642\u064a\u0642\u064a:<\/strong> \u062d\u0627\u0641\u0638 \u0639\u0644\u0649 \u062a\u062a\u0628\u0639 \u062f\u0642\u064a\u0642 \u0644\u0645\u0648\u0642\u0639 \u0633\u064a\u0627\u0631\u062a\u0643 \u0641\u064a \u0623\u064a \u0648\u0642\u062a \u0645\u0646 \u0627\u0644\u0623\u0648\u0642\u0627\u062a \u0645\u0646 \u062e\u0644\u0627\u0644 \u0645\u0646\u0635\u062a\u0646\u0627 \u0627\u0644\u0630\u0643\u064a\u0629 \u0644\u0644\u062a\u062a\u0628\u0639. \u0627\u062d\u0635\u0644 \u0639\u0644\u0649 \u0625\u0634\u0639\u0627\u0631\u0627\u062a \u0641\u0648\u0631\u064a\u0629 \u062d\u0648\u0644 \u0627\u0644\u062d\u0631\u0643\u0627\u062a \u0648\u0627\u0644\u0645\u0648\u0627\u0642\u0639.<\/p><\/li><li><p><strong>\u062a\u0642\u0646\u064a\u0629 4G \u0627\u0644\u0645\u062a\u0642\u062f\u0645\u0629:<\/strong> \u0627\u0633\u062a\u0641\u062f \u0645\u0646 \u062a\u0648\u0635\u064a\u0644 \u0633\u0631\u064a\u0639 \u0648\u0645\u0648\u062b\u0648\u0642 \u0628\u0641\u0636\u0644 \u0627\u0644\u062a\u0642\u0646\u064a\u0629 \u0627\u0644\u0645\u062f\u0645\u062c\u0629 4G\u060c \u0645\u0645\u0627 \u064a\u0636\u0645\u0646 \u062a\u063a\u0637\u064a\u0629 \u0645\u062b\u0627\u0644\u064a\u0629 \u062d\u062a\u0649 \u0641\u064a \u0627\u0644\u0645\u0646\u0627\u0637\u0642 \u0627\u0644\u0646\u0627\u0626\u064a\u0629.<\/p><\/li><li><p><strong>\u0627\u0644\u0633\u064a\u0627\u062c \u0627\u0644\u062c\u063a\u0631\u0627\u0641\u064a:<\/strong> \u0642\u0645 \u0628\u062a\u0639\u064a\u064a\u0646 \u0645\u0646\u0627\u0637\u0642 \u062c\u063a\u0631\u0627\u0641\u064a\u0629 \u0627\u0641\u062a\u0631\u0627\u0636\u064a\u0629 \u0648\u0627\u0633\u062a\u0642\u0628\u0644 \u062a\u0646\u0628\u064a\u0647\u0627\u062a \u0639\u0646\u062f\u0645\u0627 \u062a\u062f\u062e\u0644 \u0633\u064a\u0627\u0631\u062a\u0643 \u0625\u0644\u0649 \u0647\u0630\u0647 \u0627\u0644\u0645\u0646\u0627\u0637\u0642 \u0623\u0648 \u062a\u062e\u0631\u062c \u0645\u0646\u0647\u0627\u060c \u0645\u0645\u0627 \u064a\u062c\u0639\u0644\u0647\u0627 \u0645\u062b\u0627\u0644\u064a\u0629 \u0644\u0644\u0623\u0645\u0627\u0646 \u0648\u0625\u062f\u0627\u0631\u0629 \u0627\u0644\u0645\u0633\u0627\u0631.<\/p><\/li><li><p><strong>\u0639\u0645\u0631 \u0627\u0644\u0628\u0637\u0627\u0631\u064a\u0629 \u0637\u0648\u064a\u0644 \u0627\u0644\u0623\u0645\u062f:<\/strong> \u0627\u0633\u062a\u0641\u062f \u0645\u0646 \u0628\u0637\u0627\u0631\u064a\u0629 \u0630\u0627\u062a \u0639\u0645\u0631 \u0637\u0648\u064a\u0644 \u062a\u0636\u0645\u0646 \u062a\u062a\u0628\u0639\u064b\u0627 \u0645\u0633\u062a\u0645\u0631\u064b\u0627 \u062f\u0648\u0646 \u0627\u0646\u0642\u0637\u0627\u0639\u060c \u0645\u0645\u0627 \u064a\u0642\u0644\u0644 \u0645\u0646 \u0623\u0648\u0642\u0627\u062a \u0627\u0644\u062a\u0648\u0642\u0641 \u0644\u0625\u0639\u0627\u062f\u0629 \u0627\u0644\u0634\u062d\u0646.<\/p><\/li><li><p><strong>\u0633\u0647\u0644\u0629 \u0627\u0644\u062a\u0631\u0643\u064a\u0628 \u0648\u0627\u0644\u0627\u0633\u062a\u062e\u062f\u0627\u0645:<\/strong> \u0642\u0645 \u0628\u062a\u062b\u0628\u064a\u062a \u062c\u0647\u0627\u0632 \u0627\u0644\u062a\u0639\u0642\u0628 NMT 4G X2 RELAY-FREE \u0628\u0633\u0631\u0639\u0629 \u0641\u064a \u0633\u064a\u0627\u0631\u062a\u0643 \u0648\u0627\u0628\u062f\u0623 \u0627\u0644\u062a\u062a\u0628\u0639 \u0641\u0648\u0631\u064b\u0627 \u0639\u0628\u0631 \u062a\u0637\u0628\u064a\u0642\u0646\u0627 \u0633\u0647\u0644 \u0627\u0644\u0627\u0633\u062a\u062e\u062f\u0627\u0645. \u0644\u0627 \u062a\u0648\u062c\u062f \u062e\u0628\u0631\u0629 \u0641\u0646\u064a\u0629 \u0645\u0637\u0644\u0648\u0628\u0629.<\/p><\/li><\/ol><p><strong>\u0644\u0645\u0627\u0630\u0627 \u062a\u062e\u062a\u0627\u0631 \u062c\u0647\u0627\u0632 NMT 4G X2 \u0628\u062f\u0648\u0646 RELAY\u200b GPS Tracker \u0644\u0644\u0645\u0631\u0643\u0628\u0627\u062a\u061f<\/strong><\/p><p>\u064a\u0648\u0641\u0631 Le Traceur NMT 4G X2 SANS RELAI \u062e\u062f\u0645\u0629 \u062c\u064a\u062f\u0629 \u0628\u0627\u0644\u0625\u0636\u0627\u0641\u0629 \u0625\u0644\u0649 \u0643\u0648\u0646\u0647\u0627 \u0623\u062f\u0627\u0629 \u0625\u062f\u0627\u0631\u0629 \u0641\u0639\u0627\u0644\u0629 \u0644\u062a\u062d\u0633\u064a\u0646 \u0627\u0633\u062a\u062e\u062f\u0627\u0645 \u0637\u0627\u0626\u0631\u062a\u0643 \u0623\u0648 \u0644\u0636\u0645\u0627\u0646 \u0623\u0645\u0627\u0646 \u0623\u0641\u0631\u0627\u062f \u0627\u0644\u0633\u064a\u0627\u0631\u0629. \u0627\u0633\u062a\u0641\u062f \u0645\u0646 \u0647\u062f\u0648\u0621 \u0627\u0644\u0631\u0648\u062d \u0645\u0646 \u062e\u0644\u0627\u0644 \u0627\u0644\u062d\u0635\u0648\u0644 \u0639\u0644\u0649 \u0645\u0631\u0627\u0642\u0628\u0629 \u062d\u0642\u064a\u0642\u064a\u0629 \u0648\u0641\u064a \u0627\u0644\u0648\u0642\u062a \u0627\u0644\u0645\u0646\u0627\u0633\u0628 \u0645\u0639 NMT 4G X2 SANS RELAI\u200b<\/p><p>\u0627\u0633\u062a\u0645\u062a\u0639 \u0628\u0627\u0644\u0634\u0631\u0643\u0627\u062a \u0648\u0645\u0627\u0644\u0643\u064a \u0627\u0644\u0645\u0631\u0643\u0628\u0627\u062a \u0627\u0644\u0630\u064a\u0646 \u064a\u062b\u0642\u0648\u0646 \u0641\u064a Traceur NMT 4G X2 SANS RELAI \u0644\u0625\u062f\u0627\u0631\u0629 \u0641\u0639\u0627\u0644\u0629 \u0648\u0622\u0645\u0646\u0629 \u0644\u0644\u0647\u0648\u0627\u062a\u0641 \u0627\u0644\u0645\u062d\u0645\u0648\u0644\u0629 \u0627\u0644\u0646\u0634\u0637\u0629. \u0627\u0643\u062a\u0634\u0641 \u0645\u0633\u062a\u0648\u0649 \u062c\u062f\u064a\u062f\u064b\u0627 \u0645\u0646 \u0627\u0644\u062a\u062d\u0643\u0645 \u0648\u0627\u0644\u0623\u0645\u0627\u0646 \u0628\u0627\u0633\u062a\u062e\u062f\u0627\u0645 \u0623\u062d\u062f\u062b \u0627\u0644\u062a\u0642\u0646\u064a\u0627\u062a \u0627\u0644\u0645\u062a\u0637\u0648\u0631\u0629.<\/p>\t\t\t\t\t\t\t\t<\/div>\n\t\t\t\t<\/div>\n\t\t\t\t\t<\/div>\n\t\t<\/div>\n\t\t\t\t\t<\/div>\n\t\t<\/section>\n\t\t\t\t<\/div>","protected":false},"excerpt":{"rendered":"<p>NMT 4G X2 SANS RELAI Explorez le Futur du Suivi de V\u00e9hicules avec le Traceur GPS NMT 4G X2 SANS RELAI Ne laissez jamais l&#8217;emplacement de votre v\u00e9hicule au hasard avec le Traceur NMT 4G X2 SANS RELAI\u200b, une technologie de pointe \u00e9quip\u00e9e du r\u00e9seau 4G pour un suivi pr\u00e9cis et fiable. Que ce soit pour une flotte d&#8217;entreprise, un&hellip;<\/p>","protected":false},"author":1,"featured_media":0,"parent":0,"menu_order":0,"comment_status":"closed","ping_status":"closed","template":"","meta":{"inline_featured_image":false,"footnotes":""},"class_list":["post-4207","page","type-page","status-publish","hentry"],"aioseo_notices":[],"_links":{"self":[{"href":"https:\/\/numotronic.ma\/ar\/wp-json\/wp\/v2\/pages\/4207","targetHints":{"allow":["GET"]}}],"collection":[{"href":"https:\/\/numotronic.ma\/ar\/wp-json\/wp\/v2\/pages"}],"about":[{"href":"https:\/\/numotronic.ma\/ar\/wp-json\/wp\/v2\/types\/page"}],"author":[{"embeddable":true,"href":"https:\/\/numotronic.ma\/ar\/wp-json\/wp\/v2\/users\/1"}],"replies":[{"embeddable":true,"href":"https:\/\/numotronic.ma\/ar\/wp-json\/wp\/v2\/comments?post=4207"}],"version-history":[{"count":18,"href":"https:\/\/numotronic.ma\/ar\/wp-json\/wp\/v2\/pages\/4207\/revisions"}],"predecessor-version":[{"id":4358,"href":"https:\/\/numotronic.ma\/ar\/wp-json\/wp\/v2\/pages\/4207\/revisions\/4358"}],"wp:attachment":[{"href":"https:\/\/numotronic.ma\/ar\/wp-json\/wp\/v2\/media?parent=4207"}],"curies":[{"name":"wp","href":"https:\/\/api.w.org\/{rel}","templated":true}]}}