{"id":4187,"date":"2024-07-18T10:16:29","date_gmt":"2024-07-18T10:16:29","guid":{"rendered":"https:\/\/numotronic.ma\/?page_id=4187"},"modified":"2024-07-23T10:27:46","modified_gmt":"2024-07-23T10:27:46","slug":"traceur-gps-nmt-animal-x5","status":"publish","type":"page","link":"https:\/\/numotronic.ma\/ar\/traceur-gps-nmt-animal-x5\/","title":{"rendered":"NMT ANIMAL X5"},"content":{"rendered":"<div data-elementor-type=\"wp-page\" data-elementor-id=\"4187\" class=\"elementor elementor-4187\">\n\t\t\t\t\t\t<section class=\"elementor-section elementor-top-section elementor-element elementor-element-9bab0e6 elementor-section-boxed elementor-section-height-default elementor-section-height-default\" data-id=\"9bab0e6\" data-element_type=\"section\">\n\t\t\t\t\t\t<div class=\"elementor-container elementor-column-gap-default\">\n\t\t\t\t\t<div class=\"elementor-column elementor-col-100 elementor-top-column elementor-element elementor-element-71484a4 sc_layouts_column_icons_position_left\" data-id=\"71484a4\" data-element_type=\"column\">\n\t\t\t<div class=\"elementor-widget-wrap elementor-element-populated\">\n\t\t\t\t\t\t<div class=\"elementor-element elementor-element-bd3515f elementor-widget elementor-widget-heading\" data-id=\"bd3515f\" data-element_type=\"widget\" data-widget_type=\"heading.default\">\n\t\t\t\t<div class=\"elementor-widget-container\">\n\t\t\t\t\t<h2 class=\"elementor-heading-title elementor-size-default\">NMT ANIMAL X5\n<\/h2>\t\t\t\t<\/div>\n\t\t\t\t<\/div>\n\t\t\t\t\t<\/div>\n\t\t<\/div>\n\t\t\t\t\t<\/div>\n\t\t<\/section>\n\t\t\t\t<section class=\"elementor-section elementor-top-section elementor-element elementor-element-6a4374f elementor-section-boxed elementor-section-height-default elementor-section-height-default\" data-id=\"6a4374f\" data-element_type=\"section\">\n\t\t\t\t\t\t<div class=\"elementor-container elementor-column-gap-default\">\n\t\t\t\t\t<div class=\"elementor-column elementor-col-50 elementor-top-column elementor-element elementor-element-d0c551e sc_layouts_column_icons_position_left\" data-id=\"d0c551e\" data-element_type=\"column\">\n\t\t\t<div class=\"elementor-widget-wrap elementor-element-populated\">\n\t\t\t\t\t\t<div class=\"elementor-element elementor-element-5c550fd elementor-widget elementor-widget-image\" data-id=\"5c550fd\" data-element_type=\"widget\" data-widget_type=\"image.default\">\n\t\t\t\t<div class=\"elementor-widget-container\">\n\t\t\t\t\t\t\t\t\t\t\t\t\t\t\t<img fetchpriority=\"high\" decoding=\"async\" width=\"1024\" height=\"667\" src=\"https:\/\/numotronic.ma\/wp-content\/uploads\/2024\/07\/gps-animaux-1024x667.jpg\" class=\"attachment-large size-large wp-image-4181\" alt=\"\" srcset=\"https:\/\/numotronic.ma\/wp-content\/uploads\/2024\/07\/gps-animaux-1024x667.jpg 1024w, https:\/\/numotronic.ma\/wp-content\/uploads\/2024\/07\/gps-animaux-300x195.jpg 300w, https:\/\/numotronic.ma\/wp-content\/uploads\/2024\/07\/gps-animaux-768x500.jpg 768w, https:\/\/numotronic.ma\/wp-content\/uploads\/2024\/07\/gps-animaux-18x12.jpg 18w, https:\/\/numotronic.ma\/wp-content\/uploads\/2024\/07\/gps-animaux-370x241.jpg 370w, https:\/\/numotronic.ma\/wp-content\/uploads\/2024\/07\/gps-animaux-760x495.jpg 760w, https:\/\/numotronic.ma\/wp-content\/uploads\/2024\/07\/gps-animaux-1520x990.jpg 1520w, https:\/\/numotronic.ma\/wp-content\/uploads\/2024\/07\/gps-animaux-740x482.jpg 740w, https:\/\/numotronic.ma\/wp-content\/uploads\/2024\/07\/gps-animaux.jpg 1536w\" sizes=\"(max-width: 1024px) 100vw, 1024px\" \/>\t\t\t\t\t\t\t\t\t\t\t\t\t\t\t<\/div>\n\t\t\t\t<\/div>\n\t\t\t\t\t<\/div>\n\t\t<\/div>\n\t\t\t\t<div class=\"elementor-column elementor-col-50 elementor-top-column elementor-element elementor-element-bdd5b92 sc_layouts_column_icons_position_left\" data-id=\"bdd5b92\" data-element_type=\"column\">\n\t\t\t<div class=\"elementor-widget-wrap elementor-element-populated\">\n\t\t\t\t\t\t<div class=\"elementor-element elementor-element-15ddf2f elementor-widget elementor-widget-image\" data-id=\"15ddf2f\" data-element_type=\"widget\" data-widget_type=\"image.default\">\n\t\t\t\t<div class=\"elementor-widget-container\">\n\t\t\t\t\t\t\t\t\t\t\t\t\t\t\t<img decoding=\"async\" width=\"509\" height=\"751\" src=\"https:\/\/numotronic.ma\/wp-content\/uploads\/2024\/07\/65756657.jpg\" class=\"attachment-large size-large wp-image-4193\" alt=\"\" srcset=\"https:\/\/numotronic.ma\/wp-content\/uploads\/2024\/07\/65756657.jpg 509w, https:\/\/numotronic.ma\/wp-content\/uploads\/2024\/07\/65756657-203x300.jpg 203w, https:\/\/numotronic.ma\/wp-content\/uploads\/2024\/07\/65756657-8x12.jpg 8w, https:\/\/numotronic.ma\/wp-content\/uploads\/2024\/07\/65756657-370x546.jpg 370w\" sizes=\"(max-width: 509px) 100vw, 509px\" \/>\t\t\t\t\t\t\t\t\t\t\t\t\t\t\t<\/div>\n\t\t\t\t<\/div>\n\t\t\t\t\t<\/div>\n\t\t<\/div>\n\t\t\t\t\t<\/div>\n\t\t<\/section>\n\t\t\t\t<section class=\"elementor-section elementor-top-section elementor-element elementor-element-7167950 elementor-section-boxed elementor-section-height-default elementor-section-height-default\" data-id=\"7167950\" data-element_type=\"section\">\n\t\t\t\t\t\t<div class=\"elementor-container elementor-column-gap-default\">\n\t\t\t\t\t<div class=\"elementor-column elementor-col-100 elementor-top-column elementor-element elementor-element-bd3113f sc_layouts_column_icons_position_left\" data-id=\"bd3113f\" data-element_type=\"column\">\n\t\t\t<div class=\"elementor-widget-wrap elementor-element-populated\">\n\t\t\t\t\t\t<div class=\"elementor-element elementor-element-a7e0b33 elementor-widget elementor-widget-text-editor\" data-id=\"a7e0b33\" data-element_type=\"widget\" data-widget_type=\"text-editor.default\">\n\t\t\t\t<div class=\"elementor-widget-container\">\n\t\t\t\t\t\t\t\t\t<p>\u0644\u0627 \u062a\u0642\u0644\u0642 \u0623\u0628\u062f\u064b\u0627 \u0628\u0634\u0623\u0646 \u0641\u0642\u062f\u0627\u0646 \u0631\u0624\u064a\u0629 \u0635\u062f\u064a\u0642\u0643 \u0630\u0648 \u0627\u0644\u0641\u0631\u0627\u0621 \u0645\u0631\u0629 \u0623\u062e\u0631\u0649 \u0645\u0639 Numotronic GPS\u060c \u062c\u0647\u0627\u0632 \u062a\u0639\u0642\u0628 GPS \u0627\u0644\u0645\u062a\u0637\u0648\u0631 \u0627\u0644\u0645\u0635\u0645\u0645 \u062e\u0635\u064a\u0635\u064b\u0627 \u0644\u0644\u0643\u0644\u0627\u0628 \u0648\u0627\u0644\u0642\u0637\u0637 \u0648\u063a\u064a\u0631\u0647\u0627 \u0645\u0646 \u0627\u0644\u062d\u064a\u0648\u0627\u0646\u0627\u062a \u0627\u0644\u0623\u0644\u064a\u0641\u0629 \u0627\u0644\u0645\u062d\u0628\u0648\u0628\u0629. \u0633\u0648\u0627\u0621 \u0643\u0627\u0646\u0648\u0627 \u064a\u0633\u062a\u0643\u0634\u0641\u0648\u0646 \u0627\u0644\u062d\u064a \u0623\u0648 \u064a\u0644\u0639\u0628\u0648\u0646 \u0641\u0642\u0637 \u0641\u064a \u0627\u0644\u0641\u0646\u0627\u0621\u060c \u064a\u0648\u0641\u0631 \u0644\u0643 Numotronic GPS \u062a\u062d\u062f\u064a\u062b\u0627\u062a \u0627\u0644\u0645\u0648\u0642\u0639 \u0641\u064a \u0627\u0644\u0648\u0642\u062a \u0627\u0644\u0641\u0639\u0644\u064a \u0645\u0628\u0627\u0634\u0631\u0629 \u0639\u0644\u0649 \u0647\u0627\u062a\u0641\u0643 \u0627\u0644\u0630\u0643\u064a \u0623\u0648 \u062c\u0647\u0627\u0632 \u0627\u0644\u0643\u0645\u0628\u064a\u0648\u062a\u0631 \u0627\u0644\u062e\u0627\u0635 \u0628\u0643.<\/p><p><strong>\u062f\u0644\u0627\u0626\u0644 \u0627\u0644\u0645\u064a\u0632\u0627\u062a:<\/strong><\/p><ol><li><p><strong>\u062a\u062a\u0628\u0639 \u0641\u064a \u0627\u0644\u0648\u0642\u062a \u0627\u0644\u062d\u0642\u064a\u0642\u064a:<\/strong> \u0627\u0628\u0642 \u0639\u0644\u0649 \u0627\u062a\u0635\u0627\u0644 \u0628\u0627\u0644\u0645\u0648\u0642\u0639 \u0627\u0644\u062f\u0642\u064a\u0642 \u0644\u062d\u064a\u0648\u0627\u0646\u0643 \u0627\u0644\u0623\u0644\u064a\u0641 \u0641\u064a \u062c\u0645\u064a\u0639 \u0627\u0644\u0623\u0648\u0642\u0627\u062a \u0645\u0646 \u062e\u0644\u0627\u0644 \u062a\u0637\u0628\u064a\u0642\u0646\u0627 \u0627\u0644\u0645\u062d\u0645\u0648\u0644 \u0627\u0644\u0628\u062f\u064a\u0647\u064a. \u0627\u062d\u0635\u0644 \u0639\u0644\u0649 \u062a\u0646\u0628\u064a\u0647\u0627\u062a \u0641\u0648\u0631\u064a\u0629 \u0625\u0630\u0627 \u063a\u0627\u0645\u0631\u0648\u0627 \u062e\u0627\u0631\u062c \u0645\u0646\u0627\u0637\u0642 \u0622\u0645\u0646\u0629 \u0645\u062d\u062f\u062f\u0629.<\/p><\/li><li><p><strong>\u0627\u0644\u0633\u064a\u0627\u062c \u0627\u0644\u062c\u063a\u0631\u0627\u0641\u064a:<\/strong> \u0642\u0645 \u0628\u062a\u0639\u064a\u064a\u0646 \u062d\u062f\u0648\u062f \u0627\u0641\u062a\u0631\u0627\u0636\u064a\u0629 \u0648\u062a\u0644\u0642\u064a \u0625\u0634\u0639\u0627\u0631\u0627\u062a \u0639\u0646\u062f\u0645\u0627 \u064a\u062f\u062e\u0644 \u062d\u064a\u0648\u0627\u0646\u0643 \u0627\u0644\u0623\u0644\u064a\u0641 \u0625\u0644\u0649 \u0647\u0630\u0647 \u0627\u0644\u0645\u0646\u0627\u0637\u0642 \u0623\u0648 \u064a\u062e\u0631\u062c \u0645\u0646\u0647\u0627\u060c \u0645\u0645\u0627 \u064a\u062d\u0627\u0641\u0638 \u0639\u0644\u0649 \u0633\u0644\u0627\u0645\u062a\u0647 \u0648\u064a\u0645\u0646\u062d\u0643 \u0631\u0627\u062d\u0629 \u0627\u0644\u0628\u0627\u0644.<\/p><\/li><li><p class=\" translation-block\"><strong>\u0645\u0642\u0627\u0648\u0645 \u0644\u0644\u0645\u0627\u0621 \u0648\u0645\u062a\u064a\u0646:<\/strong> \u062a\u0645 \u062a\u0635\u0645\u064a\u0645 Numotronic GPS \u0644\u064a\u062a\u062d\u0645\u0644 \u062c\u0645\u064a\u0639 \u0623\u0646\u0648\u0627\u0639 \u0627\u0644\u0645\u063a\u0627\u0645\u0631\u0627\u062a \u0627\u0644\u062e\u0627\u0631\u062c\u064a\u0629\u060c \u0648\u0647\u0648 \u0645\u0642\u0627\u0648\u0645 \u0644\u0644\u0645\u0627\u0621 \u0648\u0645\u062a\u064a\u0646\u060c \u0648\u0645\u062b\u0627\u0644\u064a \u0644\u0644\u062d\u064a\u0648\u0627\u0646\u0627\u062a \u0627\u0644\u0623\u0644\u064a\u0641\u0629 \u0627\u0644\u062a\u064a \u062a\u062d\u0628 \u0627\u0644\u0627\u0633\u062a\u0643\u0634\u0627\u0641.<\/p><\/li><li><p><strong>\u0639\u0645\u0631 \u0627\u0644\u0628\u0637\u0627\u0631\u064a\u0629 \u0627\u0644\u0637\u0648\u064a\u0644:<\/strong> \u0627\u0633\u062a\u0645\u062a\u0639 \u0628\u0627\u0644\u062a\u062a\u0628\u0639 \u0627\u0644\u0645\u0645\u062a\u062f \u0645\u0639 \u0639\u0645\u0631 \u0627\u0644\u0628\u0637\u0627\u0631\u064a\u0629 \u0627\u0644\u0637\u0648\u064a\u0644 \u0644\u0646\u0638\u0627\u0645 Numotronic GPS. \u0644\u0627 \u062f\u0627\u0639\u064a \u0644\u0644\u0642\u0644\u0642 \u0628\u0634\u0623\u0646 \u0625\u0639\u0627\u062f\u0629 \u0627\u0644\u0634\u062d\u0646 \u0628\u0634\u0643\u0644 \u0645\u062a\u0643\u0631\u0631\u061b \u0627\u0644\u062a\u0631\u0643\u064a\u0632 \u0639\u0644\u0649 \u0642\u0636\u0627\u0621 \u0627\u0644\u0648\u0642\u062a \u0645\u0639 \u062d\u064a\u0648\u0627\u0646\u0643 \u0627\u0644\u0623\u0644\u064a\u0641.<\/p><\/li><li><p><strong>\u0645\u062f\u0645\u062c\u0629 \u0648\u062e\u0641\u064a\u0641\u0629 \u0627\u0644\u0648\u0632\u0646:<\/strong> \u062a\u0645 \u062a\u0635\u0645\u064a\u0645 Numotronic GPS \u0645\u0639 \u0648\u0636\u0639 \u0631\u0627\u062d\u0629 \u062d\u064a\u0648\u0627\u0646\u0643 \u0627\u0644\u0623\u0644\u064a\u0641 \u0641\u064a \u0627\u0644\u0627\u0639\u062a\u0628\u0627\u0631\u060c \u0648\u0647\u0648 \u0635\u063a\u064a\u0631 \u0627\u0644\u062d\u062c\u0645 \u0648\u062e\u0641\u064a\u0641 \u0627\u0644\u0648\u0632\u0646\u060c \u0645\u0645\u0627 \u064a\u0636\u0645\u0646 \u0623\u0646\u0647 \u0644\u0646 \u064a\u062a\u062f\u0627\u062e\u0644 \u0645\u0639 \u0623\u0646\u0634\u0637\u062a\u0647 \u0627\u0644\u064a\u0648\u0645\u064a\u0629 \u0623\u0648 \u064a\u0632\u0639\u062c\u0647 \u0628\u0623\u064a \u0634\u0643\u0644 \u0645\u0646 \u0627\u0644\u0623\u0634\u0643\u0627\u0644.<\/p><\/li><li><p><strong>\u0633\u0647\u0644 \u0627\u0644\u0627\u0633\u062a\u062e\u062f\u0627\u0645 :<\/strong> \u0645\u0627 \u0639\u0644\u064a\u0643 \u0633\u0648\u0649 \u0625\u0631\u0641\u0627\u0642 Numotronic GPS \u0628\u0637\u0648\u0642 \u062d\u064a\u0648\u0627\u0646\u0643 \u0627\u0644\u0623\u0644\u064a\u0641 \u0648\u062a\u0648\u0635\u064a\u0644\u0647 \u0628\u0627\u0644\u062a\u0637\u0628\u064a\u0642. \u0628\u0643\u0644 \u0628\u0633\u0627\u0637\u0629 ! \u0644\u0627 \u062a\u0648\u062c\u062f \u0639\u0645\u0644\u064a\u0629 \u062a\u0631\u0643\u064a\u0628 \u0645\u0639\u0642\u062f\u0629\u060c \u0641\u0642\u0637 \u0631\u0627\u062d\u0629 \u0627\u0644\u0628\u0627\u0644 \u0628\u0645\u0639\u0631\u0641\u0629 \u0623\u0646 \u062d\u064a\u0648\u0627\u0646\u0643 \u0627\u0644\u0623\u0644\u064a\u0641 \u0622\u0645\u0646.<\/p><\/li><\/ol><p><strong>\u0644\u0645\u0627\u0630\u0627 \u062a\u062e\u062a\u0627\u0631 Numotronic GPS\u061f<\/strong><\/p><p>Numotronic GPS \u0647\u0648 \u0623\u0643\u062b\u0631 \u0628\u0643\u062b\u064a\u0631 \u0645\u0646 \u0645\u062c\u0631\u062f \u062c\u0647\u0627\u0632 \u062a\u0639\u0642\u0628 GPS\u061b \u0625\u0646\u0647 \u0631\u0641\u064a\u0642 \u0644\u0644\u062d\u0641\u0627\u0638 \u0639\u0644\u0649 \u0633\u0644\u0627\u0645\u0629 \u062d\u064a\u0648\u0627\u0646\u0643 \u0627\u0644\u0623\u0644\u064a\u0641. \u0633\u0648\u0627\u0621 \u0643\u0627\u0646 \u0644\u062f\u064a\u0643 \u0642\u0637\u0629 \u0641\u0636\u0648\u0644\u064a\u0629 \u0623\u0648 \u0643\u0644\u0628\u064b\u0627 \u0645\u063a\u0627\u0645\u0631\u064b\u0627\u060c \u064a\u0645\u0646\u062d\u0643 Numotronic GPS \u0627\u0644\u062b\u0642\u0629 \u0644\u0644\u0633\u0645\u0627\u062d \u0644\u0647\u0645 \u0628\u0627\u0644\u0627\u0633\u062a\u0643\u0634\u0627\u0641 \u0645\u0639 \u0636\u0645\u0627\u0646 \u0628\u0642\u0627\u0626\u0647\u0645 \u062f\u0627\u0626\u0645\u064b\u0627 \u0641\u064a \u0645\u062a\u0646\u0627\u0648\u0644 \u0627\u0644\u064a\u062f.<\/p><p>\u0627\u0646\u0636\u0645 \u0625\u0644\u0649 \u0627\u0644\u0622\u0644\u0627\u0641 \u0645\u0646 \u0623\u0635\u062d\u0627\u0628 \u0627\u0644\u062d\u064a\u0648\u0627\u0646\u0627\u062a \u0627\u0644\u0623\u0644\u064a\u0641\u0629 \u0627\u0644\u0630\u064a\u0646 \u064a\u062b\u0642\u0648\u0646 \u0641\u064a Numotronic GPS \u0644\u062d\u0645\u0627\u064a\u0629 \u0623\u0641\u0631\u0627\u062f \u0623\u0633\u0631\u0647\u0645 \u0630\u0648\u064a \u0627\u0644\u0641\u0631\u0627\u0621. \u0627\u0633\u062a\u0645\u062a\u0639 \u0628\u0645\u0633\u062a\u0648\u0649 \u062c\u062f\u064a\u062f \u0645\u0646 \u0627\u0644\u062d\u0631\u064a\u0629 \u0648\u0627\u0644\u0623\u0645\u0627\u0646 \u0644\u0643 \u0648\u0644\u062d\u064a\u0648\u0627\u0646\u0643 \u0627\u0644\u0623\u0644\u064a\u0641 \u0645\u0639 \u062c\u0647\u0627\u0632 Numotronic GPS Tracker.<\/p>\t\t\t\t\t\t\t\t<\/div>\n\t\t\t\t<\/div>\n\t\t\t\t\t<\/div>\n\t\t<\/div>\n\t\t\t\t\t<\/div>\n\t\t<\/section>\n\t\t\t\t<\/div>","protected":false},"excerpt":{"rendered":"<p>NMT ANIMAL X5 Ne vous inqui\u00e9tez plus jamais de perdre de vue votre compagnon \u00e0 quatre pattes avec Numotronic GPS, le traceur GPS de pointe sp\u00e9cialement con\u00e7u pour les chiens, les chats et autres animaux de compagnie bien-aim\u00e9s. Qu&#8217;ils explorent le quartier ou jouent simplement dans le jardin, Numotronic GPS vous fournit des mises \u00e0 jour de localisation en temps&hellip;<\/p>","protected":false},"author":1,"featured_media":0,"parent":0,"menu_order":0,"comment_status":"closed","ping_status":"closed","template":"","meta":{"inline_featured_image":false,"footnotes":""},"class_list":["post-4187","page","type-page","status-publish","hentry"],"aioseo_notices":[],"_links":{"self":[{"href":"https:\/\/numotronic.ma\/ar\/wp-json\/wp\/v2\/pages\/4187","targetHints":{"allow":["GET"]}}],"collection":[{"href":"https:\/\/numotronic.ma\/ar\/wp-json\/wp\/v2\/pages"}],"about":[{"href":"https:\/\/numotronic.ma\/ar\/wp-json\/wp\/v2\/types\/page"}],"author":[{"embeddable":true,"href":"https:\/\/numotronic.ma\/ar\/wp-json\/wp\/v2\/users\/1"}],"replies":[{"embeddable":true,"href":"https:\/\/numotronic.ma\/ar\/wp-json\/wp\/v2\/comments?post=4187"}],"version-history":[{"count":11,"href":"https:\/\/numotronic.ma\/ar\/wp-json\/wp\/v2\/pages\/4187\/revisions"}],"predecessor-version":[{"id":4289,"href":"https:\/\/numotronic.ma\/ar\/wp-json\/wp\/v2\/pages\/4187\/revisions\/4289"}],"wp:attachment":[{"href":"https:\/\/numotronic.ma\/ar\/wp-json\/wp\/v2\/media?parent=4187"}],"curies":[{"name":"wp","href":"https:\/\/api.w.org\/{rel}","templated":true}]}}