{"id":255,"date":"2017-08-03T14:44:09","date_gmt":"2017-08-03T14:44:09","guid":{"rendered":"http:\/\/localhost\/wordpress\/?page_id=255"},"modified":"2024-07-11T11:26:46","modified_gmt":"2024-07-11T11:26:46","slug":"our-services","status":"publish","type":"page","link":"https:\/\/numotronic.ma\/ar\/our-services\/","title":{"rendered":"\u062e\u062f\u0645\u0627\u062a"},"content":{"rendered":"<section class=\"wpb-content-wrapper\"><div class=\"vc_row wpb_row vc_row-fluid vc_custom_1720691237189 vc_row-has-fill\"><div class=\"wpb_column vc_column_container vc_col-sm-12 vc_col-has-fill sc_layouts_column_icons_position_left\"><div class=\"vc_column-inner vc_custom_1720691203999\"><div class=\"wpb_wrapper\">\n\t<div class=\"wpb_text_column wpb_content_element  vc_custom_1720622519453\" >\n\t\t<div class=\"wpb_wrapper\">\n\t\t\t<h2><strong>\u062e\u062f\u0645\u0627\u062a \u0646\u0638\u0627\u0645 \u062a\u062d\u062f\u064a\u062f \u0627\u0644\u0645\u0648\u0627\u0642\u0639<\/strong><\/h2>\n\n\t\t<\/div>\n\t<\/div>\n\n\t<div class=\"wpb_text_column wpb_content_element  vc_custom_1720691217741\" >\n\t\t<div class=\"wpb_wrapper\">\n\t\t\t<p>\u0645\u0631\u062d\u0628\u064b\u0627 \u0628\u0643 \u0641\u064a \u0627\u0644\u0635\u0641\u062d\u0629 \u0627\u0644\u0645\u062e\u0635\u0635\u0629 \u0644\u062e\u062f\u0645\u0627\u062a \u062a\u062a\u0628\u0639 \u0646\u0638\u0627\u0645 \u062a\u062d\u062f\u064a\u062f \u0627\u0644\u0645\u0648\u0627\u0642\u0639 Numotronic. \u0646\u062d\u0646 \u0645\u062a\u062e\u0635\u0635\u0648\u0646 \u0641\u064a \u062a\u0642\u062f\u064a\u0645 \u062d\u0644\u0648\u0644 \u062a\u062d\u062f\u064a\u062f \u0627\u0644\u0645\u0648\u0642\u0639 \u0627\u0644\u062c\u063a\u0631\u0627\u0641\u064a \u0627\u0644\u0645\u062a\u0642\u062f\u0645\u0629 \u0644\u0625\u062f\u0627\u0631\u0629 \u0623\u0633\u0637\u0648\u0644 \u0627\u0644\u0645\u0631\u0643\u0628\u0627\u062a \u0628\u0643\u0641\u0627\u0621\u0629. \u062a\u0645 \u062a\u0635\u0645\u064a\u0645 \u0645\u0646\u062a\u062c\u0627\u062a\u0646\u0627 \u0648\u062e\u062f\u0645\u0627\u062a\u0646\u0627 \u0644\u062a\u0644\u0628\u064a\u0629 \u0627\u0644\u0627\u062d\u062a\u064a\u0627\u062c\u0627\u062a \u0627\u0644\u0645\u062d\u062f\u062f\u0629 \u0644\u0644\u0634\u0631\u0643\u0627\u062a \u0627\u0644\u062a\u064a \u062a\u0633\u0639\u0649 \u0625\u0644\u0649 \u062a\u062d\u0633\u064a\u0646 \u0639\u0645\u0644\u064a\u0627\u062a\u0647\u0627 \u0648\u062a\u0639\u0632\u064a\u0632 \u0623\u0645\u0627\u0646 \u0623\u0635\u0648\u0644\u0647\u0627.<\/p>\n<h3><\/h3>\n\n\t\t<\/div>\n\t<\/div>\n<\/div><\/div><\/div><\/div><div class=\"vc_row wpb_row vc_row-fluid\"><div class=\"wpb_column vc_column_container vc_col-sm-6 sc_layouts_column_icons_position_left\"><div class=\"vc_column-inner\"><div class=\"wpb_wrapper\">\n\t<div  class=\"wpb_single_image wpb_content_element vc_align_left\">\n\t\t\n\t\t<figure class=\"wpb_wrapper vc_figure\">\n\t\t\t<div class=\"vc_single_image-wrapper   vc_box_border_grey\"><img fetchpriority=\"high\" decoding=\"async\" width=\"640\" height=\"427\" src=\"https:\/\/numotronic.ma\/wp-content\/uploads\/2024\/07\/gps-tracking-car.jpg\" class=\"vc_single_image-img attachment-full\" alt=\"\" title=\"gps-tracking-car\" srcset=\"https:\/\/numotronic.ma\/wp-content\/uploads\/2024\/07\/gps-tracking-car.jpg 640w, https:\/\/numotronic.ma\/wp-content\/uploads\/2024\/07\/gps-tracking-car-300x200.jpg 300w, https:\/\/numotronic.ma\/wp-content\/uploads\/2024\/07\/gps-tracking-car-18x12.jpg 18w, https:\/\/numotronic.ma\/wp-content\/uploads\/2024\/07\/gps-tracking-car-370x247.jpg 370w\" sizes=\"(max-width: 640px) 100vw, 640px\" \/><\/div>\n\t\t<\/figure>\n\t<\/div>\n<\/div><\/div><\/div><div class=\"wpb_column vc_column_container vc_col-sm-6 sc_layouts_column_icons_position_left\"><div class=\"vc_column-inner\"><div class=\"wpb_wrapper\">\n\t<div class=\"wpb_text_column wpb_content_element  vc_custom_1720691575694\" >\n\t\t<div class=\"wpb_wrapper\">\n\t\t\t<h3>\u062a\u062a\u0628\u0639 \u0627\u0644\u0645\u0631\u0643\u0628\u0627\u062a \u0641\u064a \u0627\u0644\u0648\u0642\u062a \u0627\u0644\u062d\u0642\u064a\u0642\u064a<\/h3>\n<p>\u0627\u0633\u062a\u0641\u062f \u0645\u0646 \u0627\u0644\u062a\u062a\u0628\u0639 \u0627\u0644\u0645\u062a\u0642\u062f\u0645 \u0644\u0644\u0645\u0631\u0643\u0628\u0627\u062a \u0641\u064a \u0627\u0644\u0648\u0642\u062a \u0627\u0644\u0641\u0639\u0644\u064a \u0628\u0627\u0633\u062a\u062e\u062f\u0627\u0645 \u062d\u0644\u0648\u0644 Numotronic GPS. \u0631\u0627\u0642\u0628 \u0628\u062f\u0642\u0629 \u0645\u0648\u0642\u0639 \u0648\u0633\u0631\u0639\u0629 \u0648\u062d\u0627\u0644\u0629 \u0645\u0631\u0643\u0628\u0627\u062a \u0627\u0644\u0623\u0633\u0637\u0648\u0644 \u0627\u0644\u062e\u0627\u0635\u0629 \u0628\u0643 \u062f\u0648\u0646 \u0639\u0646\u0627\u0621. \u062a\u0642\u062f\u0645 \u0623\u0646\u0638\u0645\u062a\u0646\u0627 \u062a\u062d\u062f\u064a\u062b\u0627\u062a \u0645\u0628\u0627\u0634\u0631\u0629 \u0644\u0636\u0645\u0627\u0646 \u0625\u062f\u0627\u0631\u0629 \u0627\u0633\u062a\u0628\u0627\u0642\u064a\u0629 \u0648\u0645\u0633\u062a\u0646\u064a\u0631\u0629.<\/p>\n\n\t\t<\/div>\n\t<\/div>\n<\/div><\/div><\/div><\/div><div class=\"vc_row wpb_row vc_row-fluid\"><div class=\"wpb_column vc_column_container vc_col-sm-6 sc_layouts_column_icons_position_left\"><div class=\"vc_column-inner\"><div class=\"wpb_wrapper\">\n\t<div class=\"wpb_text_column wpb_content_element  vc_custom_1720691627062\" >\n\t\t<div class=\"wpb_wrapper\">\n\t\t\t<h3>\u0627\u0644\u062a\u0642\u0627\u0631\u064a\u0631 \u0648\u0627\u0644\u062a\u0646\u0628\u064a\u0647\u0627\u062a \u0627\u0644\u0645\u062e\u0635\u0635\u0629<\/h3>\n<p>\u0627\u062d\u0635\u0644 \u0639\u0644\u0649 \u0631\u0624\u0649 \u0645\u0639 \u0623\u062f\u0648\u0627\u062a \u0625\u0639\u062f\u0627\u062f \u0627\u0644\u062a\u0642\u0627\u0631\u064a\u0631 \u0627\u0644\u0634\u0627\u0645\u0644\u0629 \u0644\u062f\u064a\u0646\u0627 \u0648\u0627\u0644\u0645\u0635\u0645\u0645\u0629 \u062e\u0635\u064a\u0635\u064b\u0627 \u0644\u062a\u0644\u0628\u064a\u0629 \u0627\u062d\u062a\u064a\u0627\u062c\u0627\u062a \u0639\u0645\u0644\u0643. \u0627\u062d\u0635\u0644 \u0639\u0644\u0649 \u062a\u062d\u0644\u064a\u0644\u0627\u062a \u0645\u0641\u0635\u0644\u0629 \u0648\u062a\u0646\u0628\u064a\u0647\u0627\u062a \u0642\u0627\u0628\u0644\u0629 \u0644\u0644\u062a\u062e\u0635\u064a\u0635 \u0644\u0625\u062f\u0627\u0631\u0629 \u0627\u0644\u0623\u0633\u0637\u0648\u0644 \u0628\u0634\u0643\u0644 \u0645\u062b\u0627\u0644\u064a \u0648\u0632\u064a\u0627\u062f\u0629 \u0627\u0644\u0643\u0641\u0627\u0621\u0629 \u0627\u0644\u062a\u0634\u063a\u064a\u0644\u064a\u0629.<\/p>\n\n\t\t<\/div>\n\t<\/div>\n<\/div><\/div><\/div><div class=\"wpb_column vc_column_container vc_col-sm-6 sc_layouts_column_icons_position_left\"><div class=\"vc_column-inner\"><div class=\"wpb_wrapper\">\n\t<div  class=\"wpb_single_image wpb_content_element vc_align_left\">\n\t\t\n\t\t<figure class=\"wpb_wrapper vc_figure\">\n\t\t\t<div class=\"vc_single_image-wrapper   vc_box_border_grey\"><img decoding=\"async\" width=\"640\" height=\"427\" src=\"https:\/\/numotronic.ma\/wp-content\/uploads\/2024\/07\/scott-graham-5fNmWej4tAA-unsplash-1.jpg\" class=\"vc_single_image-img attachment-full\" alt=\"\" title=\"rapports\" srcset=\"https:\/\/numotronic.ma\/wp-content\/uploads\/2024\/07\/scott-graham-5fNmWej4tAA-unsplash-1.jpg 640w, https:\/\/numotronic.ma\/wp-content\/uploads\/2024\/07\/scott-graham-5fNmWej4tAA-unsplash-1-300x200.jpg 300w, https:\/\/numotronic.ma\/wp-content\/uploads\/2024\/07\/scott-graham-5fNmWej4tAA-unsplash-1-18x12.jpg 18w, https:\/\/numotronic.ma\/wp-content\/uploads\/2024\/07\/scott-graham-5fNmWej4tAA-unsplash-1-370x247.jpg 370w\" sizes=\"(max-width: 640px) 100vw, 640px\" \/><\/div>\n\t\t<\/figure>\n\t<\/div>\n<\/div><\/div><\/div><\/div><div class=\"vc_row wpb_row vc_row-fluid\"><div class=\"wpb_column vc_column_container vc_col-sm-6 sc_layouts_column_icons_position_left\"><div class=\"vc_column-inner\"><div class=\"wpb_wrapper\">\n\t<div  class=\"wpb_single_image wpb_content_element vc_align_left\">\n\t\t\n\t\t<figure class=\"wpb_wrapper vc_figure\">\n\t\t\t<div class=\"vc_single_image-wrapper   vc_box_border_grey\"><img decoding=\"async\" width=\"640\" height=\"427\" src=\"https:\/\/numotronic.ma\/wp-content\/uploads\/2024\/07\/anti-vol.jpg\" class=\"vc_single_image-img attachment-full\" alt=\"\" title=\"anti-vol\" srcset=\"https:\/\/numotronic.ma\/wp-content\/uploads\/2024\/07\/anti-vol.jpg 640w, https:\/\/numotronic.ma\/wp-content\/uploads\/2024\/07\/anti-vol-300x200.jpg 300w, https:\/\/numotronic.ma\/wp-content\/uploads\/2024\/07\/anti-vol-18x12.jpg 18w, https:\/\/numotronic.ma\/wp-content\/uploads\/2024\/07\/anti-vol-370x247.jpg 370w\" sizes=\"(max-width: 640px) 100vw, 640px\" \/><\/div>\n\t\t<\/figure>\n\t<\/div>\n<\/div><\/div><\/div><div class=\"wpb_column vc_column_container vc_col-sm-6 sc_layouts_column_icons_position_left\"><div class=\"vc_column-inner\"><div class=\"wpb_wrapper\">\n\t<div class=\"wpb_text_column wpb_content_element  vc_custom_1720691653598\" >\n\t\t<div class=\"wpb_wrapper\">\n\t\t\t<h3>\u062d\u0644\u0648\u0644 \u0623\u0645\u0646\u064a\u0629 \u0645\u062d\u0633\u0646\u0629<\/h3>\n<p>\u0642\u0645 \u0628\u062d\u0645\u0627\u064a\u0629 \u0623\u0635\u0648\u0644\u0643 \u0628\u0627\u0633\u062a\u062e\u062f\u0627\u0645 \u0645\u064a\u0632\u0627\u062a \u0627\u0644\u0623\u0645\u0627\u0646 \u0627\u0644\u0642\u0648\u064a\u0629 \u0627\u0644\u062a\u064a \u062a\u0648\u0641\u0631\u0647\u0627 Numotronic. \u062a\u0634\u062a\u0645\u0644 \u0623\u062c\u0647\u0632\u0629 \u062a\u0639\u0642\u0628 \u0646\u0638\u0627\u0645 \u062a\u062d\u062f\u064a\u062f \u0627\u0644\u0645\u0648\u0627\u0642\u0639 \u0627\u0644\u0639\u0627\u0644\u0645\u064a (GPS) \u0644\u062f\u064a\u0646\u0627 \u0639\u0644\u0649 \u062a\u062f\u0627\u0628\u064a\u0631 \u0645\u0636\u0627\u062f\u0629 \u0644\u0644\u0633\u0631\u0642\u0629 \u0648\u0642\u062f\u0631\u0627\u062a \u0633\u064a\u0627\u062c \u062c\u063a\u0631\u0627\u0641\u064a \u0644\u062a\u0623\u0645\u064a\u0646 \u0627\u0644\u0645\u0631\u0643\u0628\u0627\u062a \u0648\u0627\u0644\u0645\u0639\u062f\u0627\u062a \u0627\u0644\u062e\u0627\u0635\u0629 \u0628\u0643.<\/p>\n\n\t\t<\/div>\n\t<\/div>\n<\/div><\/div><\/div><\/div>\n<\/section>","protected":false},"excerpt":{"rendered":"Services de Suivi GPS de Numotronic Bienvenue sur la page d\u00e9di\u00e9e aux services de suivi GPS de Numotronic. Nous sommes sp\u00e9cialis\u00e9s dans la fourniture de solutions avanc\u00e9es de g\u00e9olocalisation pour une gestion efficace de flottes de v\u00e9hicules. Nos produits et services sont con\u00e7us pour r\u00e9pondre aux besoins sp\u00e9cifiques des entreprises cherchant \u00e0 optimiser leurs op\u00e9rations et \u00e0 renforcer la s\u00e9curit\u00e9&hellip;","protected":false},"author":1,"featured_media":0,"parent":0,"menu_order":0,"comment_status":"closed","ping_status":"closed","template":"","meta":{"inline_featured_image":false,"footnotes":""},"class_list":["post-255","page","type-page","status-publish","hentry"],"aioseo_notices":[],"_links":{"self":[{"href":"https:\/\/numotronic.ma\/ar\/wp-json\/wp\/v2\/pages\/255","targetHints":{"allow":["GET"]}}],"collection":[{"href":"https:\/\/numotronic.ma\/ar\/wp-json\/wp\/v2\/pages"}],"about":[{"href":"https:\/\/numotronic.ma\/ar\/wp-json\/wp\/v2\/types\/page"}],"author":[{"embeddable":true,"href":"https:\/\/numotronic.ma\/ar\/wp-json\/wp\/v2\/users\/1"}],"replies":[{"embeddable":true,"href":"https:\/\/numotronic.ma\/ar\/wp-json\/wp\/v2\/comments?post=255"}],"version-history":[{"count":10,"href":"https:\/\/numotronic.ma\/ar\/wp-json\/wp\/v2\/pages\/255\/revisions"}],"predecessor-version":[{"id":4159,"href":"https:\/\/numotronic.ma\/ar\/wp-json\/wp\/v2\/pages\/255\/revisions\/4159"}],"wp:attachment":[{"href":"https:\/\/numotronic.ma\/ar\/wp-json\/wp\/v2\/media?parent=255"}],"curies":[{"name":"wp","href":"https:\/\/api.w.org\/{rel}","templated":true}]}}