{"id":216,"date":"2017-08-03T12:46:55","date_gmt":"2017-08-03T12:46:55","guid":{"rendered":"http:\/\/localhost\/wordpress\/?page_id=216"},"modified":"2021-10-07T11:45:00","modified_gmt":"2021-10-07T11:45:00","slug":"clients","status":"publish","type":"page","link":"https:\/\/numotronic.ma\/ar\/clients\/","title":{"rendered":"Clients"},"content":{"rendered":"<section class=\"wpb-content-wrapper\"><div class=\"vc_row wpb_row vc_row-fluid\"><div class=\"wpb_column vc_column_container vc_col-sm-12 sc_layouts_column_icons_position_left\"><div class=\"vc_column-inner\"><div class=\"wpb_wrapper\"><div id=\"sc_title_2066843150\"\n\t\tclass=\"sc_title color_style_default sc_title_default\"><h3 class=\"sc_item_title sc_title_title sc_align_center sc_item_title_style_default\">Our Appreciated Clients<\/h3><\/div><!-- \/.sc_title --><div class=\"vc_empty_space  height_medium\"   style=\"height: 32px\"><span class=\"vc_empty_space_inner\"><\/span><\/div><div class=\"vc_empty_space  height_biggest\"   style=\"height: 32px\"><span class=\"vc_empty_space_inner\"><\/span><\/div><\/div><\/div><\/div><\/div><div data-vc-full-width=\"true\" data-vc-full-width-init=\"false\" data-vc-stretch-content=\"true\" class=\"vc_row wpb_row vc_row-fluid vc_custom_1633607094431 vc_row-has-fill vc_row-no-padding scheme_dark\"><div class=\"wpb_column vc_column_container vc_col-sm-12 vc_col-md-6 sc_shift_x_tiny_negative sc_layouts_column_icons_position_left\"><div class=\"vc_column-inner\"><div class=\"wpb_wrapper\"><div class=\"vc_empty_space  hide_on_tablet hide_on_mobile height_tiny\"   style=\"height: 32px\"><span class=\"vc_empty_space_inner\"><\/span><\/div><div class=\"vc_empty_space  hide_on_tablet hide_on_mobile height_medium\"   style=\"height: 32px\"><span class=\"vc_empty_space_inner\"><\/span><\/div><div id=\"sc_content_2108047954\"\n\t\tclass=\"sc_content color_style_default sc_content_default sc_float_center sc_shift_y_medium  vc_custom_1510069413667\"><div class=\"sc_content_container\"><div class=\"vc_empty_space  vc_custom_1510069488283 height_biggest\"   style=\"height: 32px\"><span class=\"vc_empty_space_inner\"><\/span><\/div><div id=\"sc_content_1044502762\"\n\t\tclass=\"sc_content color_style_default color_style_default sc_content_default sc_content_width_1_2 sc_float_right sc_padding_tiny custom_home\"><div class=\"sc_content_container\"><div id=\"sc_title_2064852767\"\n\t\tclass=\"sc_title color_style_default sc_title_default\"><h3 class=\"sc_item_title sc_title_title sc_align_left sc_item_title_style_default\">We Love our Clients, And They Love Us<\/h3><\/div><!-- \/.sc_title --><div class=\"sc_testimonials color_style_default sc_testimonials_simple\"><div id=\"sc_testimonials_1240598585_outer\" class=\"sc_testimonials_slider sc_item_slider slider_swiper_outer slider_outer slider_outer_nocontrols slider_outer_pagination slider_outer_pagination_bullets slider_outer_pagination_pos_bottom slider_outer_one\">\n\t<div id=\"sc_testimonials_1240598585_swiper\" class=\"slider_container swiper-slider-container slider_swiper slider_noresize slider_nocontrols slider_pagination slider_pagination_bullets slider_pagination_pos_bottom slider_one\" data-slides-min-width=\"290\" data-pagination=\"bullets\">\n\t\t<div class=\"slides slider-wrapper swiper-wrapper sc_item_columns_1\"><div class=\"slider-slide swiper-slide\"><div class=\"sc_testimonials_item\">\n\t<div class=\"sc_testimonials_item_content\"><p>\u0644\u0642\u062f \u0642\u0627\u0645\u062a Numotronic \u0628\u062a\u062d\u0633\u064a\u0646 \u0623\u0639\u0645\u0627\u0644\u0646\u0627 \u062d\u0642\u064b\u0627. \u0628\u0641\u0636\u0644 \u0623\u062c\u0647\u0632\u0629 \u062a\u062a\u0628\u0639 \u0646\u0638\u0627\u0645 \u062a\u062d\u062f\u064a\u062f \u0627\u0644\u0645\u0648\u0627\u0642\u0639 \u0627\u0644\u0639\u0627\u0644\u0645\u064a (GPS)\u060c \u0642\u0645\u0646\u0627 \u0628\u062a\u062e\u0641\u064a\u0636 \u062a\u0643\u0627\u0644\u064a\u0641 \u0627\u0644\u062a\u0634\u063a\u064a\u0644 \u0644\u062f\u064a\u0646\u0627\u060c \u0645\u0639 \u0627\u0644\u062d\u0641\u0627\u0638 \u0639\u0644\u0649 \u0645\u0631\u0627\u0642\u0628\u0629 \u0623\u0633\u0637\u0648\u0644\u0646\u0627 \u0641\u064a \u0627\u0644\u0648\u0642\u062a \u0627\u0644\u0641\u0639\u0644\u064a. \u0625\u0646\u0647 \u0627\u0633\u062a\u062b\u0645\u0627\u0631 \u062c\u062f\u064a\u0631 \u0628\u0627\u0644\u0627\u0647\u062a\u0645\u0627\u0645. \u0641\u0631\u064a\u0642 Numotronic \u0645\u062d\u062a\u0631\u0641 \u0648\u0645\u062a\u0641\u0627\u0646\u064a. \u0646\u062d\u0646 \u0633\u0639\u062f\u0627\u0621 \u0628\u0627\u0644\u0639\u0645\u0644 \u0645\u0639\u0647\u0645.<\/p>\n<\/div>\n\t<div class=\"sc_testimonials_item_author\">\n\t\t<div class=\"sc_testimonials_item_author_data\">\n\t\t\t<h4 class=\"sc_testimonials_item_author_title\">Mohammed<\/h4>\n\t\t\t<div class=\"sc_testimonials_item_author_subtitle\"><\/div>\n\t\t<\/div>\n\t<\/div>\n<\/div>\n<\/div><div class=\"slider-slide swiper-slide\"><div class=\"sc_testimonials_item\">\n\t<div class=\"sc_testimonials_item_content\"><p>\u0644\u0642\u062f \u0627\u0634\u062a\u0631\u064a\u062a \u062c\u0647\u0627\u0632 \u062a\u0639\u0642\u0628 GPS \u0645\u0646 Numotronic\u060c \u0648\u0623\u0646\u0627 \u0623\u0643\u062b\u0631 \u0645\u0646 \u0631\u0627\u0636\u064d. \u062f\u0642\u0629 \u0627\u0644\u062a\u062a\u0628\u0639 \u0645\u0630\u0647\u0644\u0629\u060c \u0648\u0642\u062f \u0633\u0647\u0644\u062a \u0625\u0644\u0649 \u062d\u062f \u0643\u0628\u064a\u0631 \u0625\u062f\u0627\u0631\u0629 \u0623\u0633\u0637\u0648\u0644 \u0645\u0631\u0643\u0628\u0627\u062a\u0646\u0627. \u062e\u062f\u0645\u0629 \u0627\u0644\u0639\u0645\u0644\u0627\u0621 \u0627\u0633\u062a\u062b\u0646\u0627\u0626\u064a\u0629\u060c \u0648\u062a\u0633\u062a\u062c\u064a\u0628 \u0628\u0633\u0631\u0639\u0629 \u0644\u062c\u0645\u064a\u0639 \u0623\u0633\u0626\u0644\u062a\u0646\u0627. \u0623\u0648\u0635\u064a \u0628\u0634\u062f\u0629 \u0628\u0640 Numotronic \u0644\u0645\u0646\u062a\u062c\u0627\u062a\u0647\u0627 \u0639\u0627\u0644\u064a\u0629 \u0627\u0644\u062c\u0648\u062f\u0629 \u0648\u0627\u0644\u062f\u0639\u0645 \u0627\u0644\u0645\u0645\u062a\u0627\u0632.<\/p>\n<\/div>\n\t<div class=\"sc_testimonials_item_author\">\n\t\t<div class=\"sc_testimonials_item_author_data\">\n\t\t\t<h4 class=\"sc_testimonials_item_author_title\">Alexa<\/h4>\n\t\t\t<div class=\"sc_testimonials_item_author_subtitle\"><\/div>\n\t\t<\/div>\n\t<\/div>\n<\/div>\n<\/div><div class=\"slider-slide swiper-slide\"><div class=\"sc_testimonials_item\">\n\t<div class=\"sc_testimonials_item_content\"><p>\u0623\u0646\u0627 \u0645\u0639\u062c\u0628 \u062c\u062f\u064b\u0627 \u0628\u062c\u0648\u062f\u0629 \u0623\u062c\u0647\u0632\u0629 \u062a\u0639\u0642\u0628 Numotronic GPS. \u0641\u0647\u064a \u0645\u0648\u062b\u0648\u0642\u0629 \u0648\u0633\u0647\u0644\u0629 \u0627\u0644\u0627\u0633\u062a\u062e\u062f\u0627\u0645 \u0648\u062a\u0648\u0641\u0631 \u0631\u0627\u062d\u0629 \u0627\u0644\u0628\u0627\u0644 \u0627\u0644\u0643\u0627\u0645\u0644\u0629. \u0644\u0642\u062f \u0623\u0635\u0628\u062d \u0639\u0645\u0644\u0646\u0627 \u0623\u0643\u062b\u0631 \u0643\u0641\u0627\u0621\u0629 \u0645\u0639 \u0647\u0630\u0647 \u0627\u0644\u0623\u062c\u0647\u0632\u0629\u060c \u0648\u0642\u062f \u0648\u0641\u0631\u0646\u0627 \u0627\u0644\u0648\u0642\u062a \u0648\u0627\u0644\u0645\u0627\u0644\u060c \u0648\u064a\u0639\u062a\u0628\u0631 Numotronic \u0627\u0644\u062e\u064a\u0627\u0631 \u0627\u0644\u0623\u0645\u062b\u0644 \u0644\u0623\u064a \u0634\u062e\u0635 \u064a\u0628\u062d\u062b \u0639\u0646 \u062d\u0644\u0648\u0644 \u062a\u062a\u0628\u0639 \u0646\u0638\u0627\u0645 \u062a\u062d\u062f\u064a\u062f \u0627\u0644\u0645\u0648\u0627\u0642\u0639 \u0627\u0644\u0639\u0627\u0644\u0645\u064a (GPS) \u0639\u0627\u0644\u064a\u0629 \u0627\u0644\u062c\u0648\u062f\u0629.<\/p>\n<\/div>\n\t<div class=\"sc_testimonials_item_author\">\n\t\t<div class=\"sc_testimonials_item_author_data\">\n\t\t\t<h4 class=\"sc_testimonials_item_author_title\">Ambre<\/h4>\n\t\t\t<div class=\"sc_testimonials_item_author_subtitle\"><\/div>\n\t\t<\/div>\n\t<\/div>\n<\/div>\n<\/div><\/div><\/div><div class=\"slider_pagination_wrap swiper-pagination\"><\/div><\/div><\/div><!-- \/.sc_testimonials --><\/div><\/div><!-- \/.sc_content --><div class=\"vc_empty_space  vc_custom_1553087124448 height_biggest\"   style=\"height: 32px\"><span class=\"vc_empty_space_inner\"><\/span><\/div><div class=\"vc_empty_space  hide_on_mobile height_small\"   style=\"height: 32px\"><span class=\"vc_empty_space_inner\"><\/span><\/div><\/div><\/div><!-- \/.sc_content --><\/div><\/div><\/div><div class=\"wpb_column vc_column_container vc_col-sm-6 sc_layouts_column_icons_position_left\"><div class=\"vc_column-inner\"><div class=\"wpb_wrapper\"><\/div><\/div><\/div><\/div><div class=\"vc_row-full-width vc_clearfix\"><\/div><div class=\"vc_row wpb_row vc_row-fluid\"><div class=\"wpb_column vc_column_container vc_col-sm-12 vc_hidden-sm vc_hidden-xs sc_layouts_column_icons_position_left\"><div class=\"vc_column-inner\"><div class=\"wpb_wrapper\"><div class=\"vc_empty_space  vc_custom_1510221691969 height_large\"   style=\"height: 32px\"><span class=\"vc_empty_space_inner\"><\/span><\/div><\/div><\/div><\/div><\/div><div class=\"vc_row wpb_row vc_row-fluid\"><div class=\"wpb_column vc_column_container vc_col-sm-12 sc_layouts_column_icons_position_left\"><div class=\"vc_column-inner\"><div class=\"wpb_wrapper\"><div class=\"vc_empty_space  height_biggest\"   style=\"height: 32px\"><span class=\"vc_empty_space_inner\"><\/span><\/div><div class=\"sc_blogger color_style_default sc_blogger_default  vc_custom_1510070498438\"><h3 class=\"sc_item_title sc_blogger_title sc_align_center sc_item_title_style_default\">Recent Posts<\/h3><div class=\"sc_blogger_columns_wrap sc_item_columns trx_addons_columns_wrap columns_padding_bottom\"><div class=\"trx_addons_column-1_3\"><div class=\"sc_blogger_item post_format_standard post-3456 post type-post status-publish format-standard has-post-thumbnail hentry category-gps tag-entreprise tag-gps tag-gps-maroc tag-gps-traceur tag-gps-tracker tag-maroc-gps-tracker\"><div class=\"sc_blogger_item_content entry-content\"><div class=\"sc_blogger_item_header entry-header\"><h5 class=\"sc_blogger_item_title entry-title\"><a href=\"https:\/\/numotronic.ma\/ar\/2023\/10\/19\/les-avantages-de-lutilisation-de-traceurs-gps-pour-les-entreprises-marocaines\/\" rel=\"bookmark\">\u0641\u0648\u0627\u0626\u062f \u0627\u0633\u062a\u062e\u062f\u0627\u0645 \u0623\u062c\u0647\u0632\u0629 \u0646\u0638\u0627\u0645 \u062a\u062d\u062f\u064a\u062f \u0627\u0644\u0645\u0648\u0627\u0642\u0639 (GPS) \u0644\u0644\u0634\u0631\u0643\u0627\u062a \u0627\u0644\u0645\u063a\u0631\u0628\u064a\u0629<\/a><\/h5><div class=\"post_meta\">\t\t\t\t\t\t<span class=\"post_meta_item post_date\"><a href=\"https:\/\/numotronic.ma\/ar\/2023\/10\/19\/les-avantages-de-lutilisation-de-traceurs-gps-pour-les-entreprises-marocaines\/\">\u0623\u0643\u062a\u0648\u0628\u0631 19, 2023<\/a><\/span>\n\t\t\t\t\t\t<\/div><!-- .post_meta --><\/div><!-- .entry-header --><div class=\"sc_blogger_item_excerpt\">\n\t\t\t\t<div class=\"sc_blogger_item_excerpt_text\">\n\t\t\t\t\t<p>\u062a\u0639\u0645\u0644 \u0627\u0644\u0634\u0631\u0643\u0627\u062a \u0641\u064a \u0627\u0644\u0645\u063a\u0631\u0628\u060c \u0633\u0648\u0627\u0621 \u0643\u0627\u0646\u062a \u0643\u0628\u064a\u0631\u0629 \u0623\u0648 \u0635\u063a\u064a\u0631\u0629\u060c \u0641\u064a \u0628\u064a\u0626\u0629 \u0623\u0639\u0645\u0627\u0644 \u062f\u064a\u0646\u0627\u0645\u064a\u0643\u064a\u0629 \u0648\u062a\u0646\u0627\u0641\u0633\u064a\u0629. \u0644\u0643\u064a \u062a\u0632\u062f\u0647\u0631 \u0648\u062a\u0638\u0644 \u0642\u0627\u062f\u0631\u0629 \u0639\u0644\u0649 \u0627\u0644\u0645\u0646\u0627\u0641\u0633\u0629\u060c \u062a\u0633\u062a\u062e\u062f\u0645 \u0627\u0644\u0639\u062f\u064a\u062f \u0645\u0646 \u0627\u0644\u0634\u0631\u0643\u0627\u062a \u0623\u062f\u0648\u0627\u062a \u062a\u0643\u0646\u0648\u0644\u0648\u062c\u064a\u0629 \u0645\u0628\u062a\u0643\u0631\u0629. \u062a\u0639\u062f \u0623\u062c\u0647\u0632\u0629 \u062a\u062a\u0628\u0639 \u0646\u0638\u0627\u0645 \u062a\u062d\u062f\u064a\u062f \u0627\u0644\u0645\u0648\u0627\u0642\u0639 (GPS) \u0625\u062d\u062f\u0649 \u0647\u0630\u0647 \u0627\u0644\u0623\u062f\u0648\u0627\u062a \u0627\u0644\u062a\u064a \u062a\u0648\u0641\u0631 \u0627\u0644\u0639\u062f\u064a\u062f \u0645\u0646 \u0627\u0644\u0641\u0648\u0627\u0626\u062f \u0644\u0644\u0634\u0631\u0643\u0627\u062a \u0627\u0644\u0645\u063a\u0631\u0628\u064a\u0629. \u0648\u0641\u064a \u0647\u0630\u0627 \u0627\u0644\u0645\u0642\u0627\u0644 \u0633\u0646\u062a\u0639\u0631\u0641 \u0628\u0627\u0644\u062a\u0641\u0635\u064a\u0644 \u0639\u0644\u0649 \u0641\u0648\u0627\u0626\u062f \u0627\u0633\u062a\u062e\u062f\u0627\u0645\u2026<\/p>\n\t\t\t\t<\/div>\n\t\t\t\t<div class=\"sc_blogger_item_button sc_item_button\"><a href=\"https:\/\/numotronic.ma\/ar\/2023\/10\/19\/les-avantages-de-lutilisation-de-traceurs-gps-pour-les-entreprises-marocaines\/\" class=\"sc_button\">En savoir plus<\/a><\/div><\/div><!-- .sc_blogger_item_excerpt --><\/div><!-- .entry-content --><\/div><!-- .sc_blogger_item --><\/div><div class=\"trx_addons_column-1_3\"><div class=\"sc_blogger_item post_format_standard post-3453 post type-post status-publish format-standard has-post-thumbnail hentry category-gps tag-gps tag-gps-maroc tag-maroc-gps-tracker tag-topographie tag-traceur\"><div class=\"sc_blogger_item_content entry-content\"><div class=\"sc_blogger_item_header entry-header\"><h5 class=\"sc_blogger_item_title entry-title\"><a href=\"https:\/\/numotronic.ma\/ar\/2023\/10\/19\/choisir-le-bon-traceur-gps-pour-votre-vehicule-au-maroc\/\" rel=\"bookmark\">\u0627\u062e\u062a\u064a\u0627\u0631 \u062c\u0647\u0627\u0632 \u0627\u0644\u062a\u062a\u0628\u0639 GPS \u0627\u0644\u0645\u0646\u0627\u0633\u0628 \u0644\u0633\u064a\u0627\u0631\u062a\u0643 \u0641\u064a \u0627\u0644\u0645\u063a\u0631\u0628<\/a><\/h5><div class=\"post_meta\">\t\t\t\t\t\t<span class=\"post_meta_item post_date\"><a href=\"https:\/\/numotronic.ma\/ar\/2023\/10\/19\/choisir-le-bon-traceur-gps-pour-votre-vehicule-au-maroc\/\">\u0623\u0643\u062a\u0648\u0628\u0631 19, 2023<\/a><\/span>\n\t\t\t\t\t\t<\/div><!-- .post_meta --><\/div><!-- .entry-header --><div class=\"sc_blogger_item_excerpt\">\n\t\t\t\t<div class=\"sc_blogger_item_excerpt_text\">\n\t\t\t\t\t<p>\u064a\u062c\u0630\u0628 \u0627\u0644\u0645\u063a\u0631\u0628 \u0628\u0645\u0646\u0627\u0638\u0631\u0647 \u0627\u0644\u0637\u0628\u064a\u0639\u064a\u0629 \u0627\u0644\u0645\u062a\u0646\u0648\u0639\u0629 \u0648\u0627\u0644\u062c\u0645\u064a\u0644\u0629 \u0627\u0644\u0645\u063a\u0627\u0645\u0631\u064a\u0646 \u0645\u0646 \u062c\u0645\u064a\u0639 \u0623\u0646\u062d\u0627\u0621 \u0627\u0644\u0639\u0627\u0644\u0645. \u0633\u0648\u0627\u0621 \u0643\u0646\u062a \u0645\u0642\u064a\u0645\u0627 \u0645\u062d\u0644\u064a\u0627 \u0623\u0648 \u0632\u0627\u0626\u0631\u0627\u060c \u0641\u0625\u0646 \u0636\u0645\u0627\u0646 \u0633\u0644\u0627\u0645\u0629 \u0633\u064a\u0627\u0631\u062a\u0643 \u0639\u0644\u0649 \u0627\u0644\u0637\u0631\u0642 \u0627\u0644\u0645\u063a\u0631\u0628\u064a\u0629 \u0623\u0645\u0631 \u0628\u0627\u0644\u063a \u0627\u0644\u0623\u0647\u0645\u064a\u0629. \u0641\u064a \u0645\u0646\u0634\u0648\u0631 \u0627\u0644\u0645\u062f\u0648\u0646\u0629 \u0647\u0630\u0627\u060c \u0633\u0646\u0633\u062a\u0643\u0634\u0641 \u0627\u0644\u0639\u0648\u0627\u0645\u0644 \u0627\u0644\u0623\u0633\u0627\u0633\u064a\u0629 \u0627\u0644\u062a\u064a \u064a\u062c\u0628 \u0645\u0631\u0627\u0639\u0627\u062a\u0647\u0627 \u0639\u0646\u062f \u0627\u062e\u062a\u064a\u0627\u0631 \u062c\u0647\u0627\u0632 \u062a\u0639\u0642\u0628 GPS \u0627\u0644\u0645\u0646\u0627\u0633\u0628 \u0644\u0640...<\/p>\n\t\t\t\t<\/div>\n\t\t\t\t<div class=\"sc_blogger_item_button sc_item_button\"><a href=\"https:\/\/numotronic.ma\/ar\/2023\/10\/19\/choisir-le-bon-traceur-gps-pour-votre-vehicule-au-maroc\/\" class=\"sc_button\">En savoir plus<\/a><\/div><\/div><!-- .sc_blogger_item_excerpt --><\/div><!-- .entry-content --><\/div><!-- .sc_blogger_item --><\/div><div class=\"trx_addons_column-1_3\"><div class=\"sc_blogger_item post_format_standard post-3448 post type-post status-publish format-standard has-post-thumbnail hentry category-gps tag-gps tag-gps-maroc tag-gps-traceur tag-gps-tracker tag-maroc tag-maroc-gps-tracker tag-traceur\"><div class=\"sc_blogger_item_content entry-content\"><div class=\"sc_blogger_item_header entry-header\"><h5 class=\"sc_blogger_item_title entry-title\"><a href=\"https:\/\/numotronic.ma\/ar\/2023\/10\/19\/la-revolution-des-gps-trackers-au-maroc-naviguer-proteger-et-gagner-en-efficacite\/\" rel=\"bookmark\">\u062b\u0648\u0631\u0629 \u0623\u062c\u0647\u0632\u0629 \u0646\u0638\u0627\u0645 \u062a\u062d\u062f\u064a\u062f \u0627\u0644\u0645\u0648\u0627\u0642\u0639 (GPS) \u0641\u064a \u0627\u0644\u0645\u063a\u0631\u0628: \u0627\u0644\u062a\u0646\u0642\u0644 \u0648\u0627\u0644\u062d\u0645\u0627\u064a\u0629 \u0648\u0627\u0643\u062a\u0633\u0627\u0628 \u0627\u0644\u0643\u0641\u0627\u0621\u0629<\/a><\/h5><div class=\"post_meta\">\t\t\t\t\t\t<span class=\"post_meta_item post_date\"><a href=\"https:\/\/numotronic.ma\/ar\/2023\/10\/19\/la-revolution-des-gps-trackers-au-maroc-naviguer-proteger-et-gagner-en-efficacite\/\">\u0623\u0643\u062a\u0648\u0628\u0631 19, 2023<\/a><\/span>\n\t\t\t\t\t\t<\/div><!-- .post_meta --><\/div><!-- .entry-header --><div class=\"sc_blogger_item_excerpt\">\n\t\t\t\t<div class=\"sc_blogger_item_excerpt_text\">\n\t\t\t\t\t<p>\u0625\u0646 \u0627\u0644\u0645\u063a\u0631\u0628\u060c \u0647\u0630\u0627 \u0627\u0644\u0628\u0644\u062f \u0627\u0644\u0630\u064a \u064a\u062a\u0645\u062a\u0639 \u0628\u062c\u0645\u0627\u0644 \u0637\u0628\u064a\u0639\u064a \u0648\u062b\u0642\u0627\u0641\u064a \u0627\u0633\u062a\u062b\u0646\u0627\u0626\u064a\u060c \u0647\u0648 \u0627\u0644\u0622\u0646 \u0641\u064a \u0642\u0644\u0628 \u062b\u0648\u0631\u0629 \u062a\u0643\u0646\u0648\u0644\u0648\u062c\u064a\u0629 \u0633\u0631\u064a\u0629 \u0648\u0644\u0643\u0646\u0647\u0627 \u0642\u0648\u064a\u0629: \u0627\u0644\u0627\u0639\u062a\u0645\u0627\u062f \u0627\u0644\u0645\u062a\u0632\u0627\u064a\u062f \u0639\u0644\u0649 \u0623\u062c\u0647\u0632\u0629 \u062a\u062a\u0628\u0639 \u0646\u0638\u0627\u0645 \u062a\u062d\u062f\u064a\u062f \u0627\u0644\u0645\u0648\u0627\u0642\u0639 \u0627\u0644\u0639\u0627\u0644\u0645\u064a (GPS). \u062a\u0648\u0641\u0631 \u0647\u0630\u0647 \u0627\u0644\u0623\u062c\u0647\u0632\u0629 \u0627\u0644\u0635\u063a\u064a\u0631\u0629\u060c \u0627\u0644\u062a\u064a \u062a\u0633\u062a\u062e\u062f\u0645 \u0646\u0638\u0627\u0645 \u062a\u062d\u062f\u064a\u062f \u0627\u0644\u0645\u0648\u0627\u0642\u0639 \u0627\u0644\u0639\u0627\u0644\u0645\u064a (GPS)\u060c \u0627\u0644\u0639\u062f\u064a\u062f \u0645\u0646 \u0627\u0644\u0641\u0648\u0627\u0626\u062f \u0644\u0644\u0645\u0642\u064a\u0645\u064a\u0646 \u0648\u0627\u0644\u0645\u0633\u0627\u0641\u0631\u064a\u0646 \u0648\u0627\u0644\u0634\u0631\u0643\u0627\u062a \u0648\u063a\u064a\u0631\u0647\u0645 \u0627\u0644\u0643\u062b\u064a\u0631. \u0648\u0641\u064a \u0647\u0630\u0627 \u0627\u0644\u0645\u0642\u0627\u0644 \u0633\u0646\u0633\u062a\u0643\u0634\u0641 \u0627\u0644\u0637\u0631\u0642 \u0627\u0644\u062a\u064a\u2026<\/p>\n\t\t\t\t<\/div>\n\t\t\t\t<div class=\"sc_blogger_item_button sc_item_button\"><a href=\"https:\/\/numotronic.ma\/ar\/2023\/10\/19\/la-revolution-des-gps-trackers-au-maroc-naviguer-proteger-et-gagner-en-efficacite\/\" class=\"sc_button\">En savoir plus<\/a><\/div><\/div><!-- .sc_blogger_item_excerpt --><\/div><!-- .entry-content --><\/div><!-- .sc_blogger_item --><\/div><\/div><\/div><!-- \/.sc_blogger --><\/div><\/div><\/div><\/div>\n<\/section>","protected":false},"excerpt":{"rendered":"Le Maroc, ce pays d'une beaut\u00e9 naturelle et culturelle exceptionnelle, est d\u00e9sormais au c\u0153ur d'une r\u00e9volution technologique discr\u00e8te mais puissante : l'adoption croissante des GPS trackers. Ces petits dispositifs, qui utilisent le syst\u00e8me de positionnement global (GPS), offrent une multitude d'avantages aux r\u00e9sidents, aux voyageurs, aux entreprises et \u00e0 bien d'autres. Dans cet article, nous explorerons les fa\u00e7ons dont les&hellip;","protected":false},"author":1,"featured_media":0,"parent":0,"menu_order":0,"comment_status":"closed","ping_status":"closed","template":"","meta":{"inline_featured_image":false,"footnotes":""},"class_list":["post-216","page","type-page","status-publish","hentry"],"aioseo_notices":[],"_links":{"self":[{"href":"https:\/\/numotronic.ma\/ar\/wp-json\/wp\/v2\/pages\/216","targetHints":{"allow":["GET"]}}],"collection":[{"href":"https:\/\/numotronic.ma\/ar\/wp-json\/wp\/v2\/pages"}],"about":[{"href":"https:\/\/numotronic.ma\/ar\/wp-json\/wp\/v2\/types\/page"}],"author":[{"embeddable":true,"href":"https:\/\/numotronic.ma\/ar\/wp-json\/wp\/v2\/users\/1"}],"replies":[{"embeddable":true,"href":"https:\/\/numotronic.ma\/ar\/wp-json\/wp\/v2\/comments?post=216"}],"version-history":[{"count":0,"href":"https:\/\/numotronic.ma\/ar\/wp-json\/wp\/v2\/pages\/216\/revisions"}],"wp:attachment":[{"href":"https:\/\/numotronic.ma\/ar\/wp-json\/wp\/v2\/media?parent=216"}],"curies":[{"name":"wp","href":"https:\/\/api.w.org\/{rel}","templated":true}]}}