{"id":258,"date":"2017-08-04T08:39:38","date_gmt":"2017-08-04T08:39:38","guid":{"rendered":"http:\/\/localhost\/wordpress\/?page_id=258"},"modified":"2021-10-19T09:57:55","modified_gmt":"2021-10-19T09:57:55","slug":"our-portfolio","status":"publish","type":"page","link":"http:\/\/numotronic.ma\/en\/our-portfolio\/","title":{"rendered":"Our Portfolio"},"content":{"rendered":"<section class=\"wpb-content-wrapper\"><div class=\"vc_row wpb_row vc_row-fluid\"><div class=\"wpb_column vc_column_container vc_col-sm-12 vc_col-md-offset-1 vc_col-md-10 sc_layouts_column_icons_position_left\"><div class=\"vc_column-inner\"><div class=\"wpb_wrapper\"><div class=\"vc_empty_space  height_huge\"   style=\"height: 32px\"><span class=\"vc_empty_space_inner\"><\/span><\/div><div id=\"sc_title_1457286541\"\n\t\tclass=\"sc_title color_style_default sc_title_default\"><h3 class=\"sc_item_title sc_title_title sc_align_center sc_item_title_style_default\">Reaching for the SKY<\/h3><\/div><!-- \/.sc_title --><div class=\"vc_empty_space  height_medium\"   style=\"height: 32px\"><span class=\"vc_empty_space_inner\"><\/span><\/div>\n\t<div class=\"wpb_text_column wpb_content_element\" >\n\t\t<div class=\"wpb_wrapper\">\n\t\t\t<p><strong>We are a team passionate about capturing the perfect shot. We are committed to delivering the best results for our clients by being attentive to all their needs and adopting a detail-oriented and professional approach.<\/strong><\/p>\n\n\t\t<\/div>\n\t<\/div>\n<div class=\"vc_empty_space  height_small\"   style=\"height: 32px\"><span class=\"vc_empty_space_inner\"><\/span><\/div><\/div><\/div><\/div><div class=\"wpb_column vc_column_container vc_col-sm-6 vc_col-md-offset-1 vc_col-md-5 sc_layouts_column_icons_position_left\"><div class=\"vc_column-inner\"><div class=\"wpb_wrapper\">\n\t<div class=\"wpb_text_column wpb_content_element\" >\n\t\t<div class=\"wpb_wrapper\">\n\t\t\t<p>Aenean consequat pulvinar luctus. Suspendisse consectetur eget tristique tortor, efficitur sem aliquam non. Curabitur et vulputate vestibulum bibendum. Fusce finibus lorem ipsum.<\/p>\n<p>Mauris et bibendum dui. Nulla quis diam sit amet turpis interdum accumsan quis nec enim. Nullam non lorem mattis turpis tempor tristique. Donec vestibulum augue vel massa sollicitudin convallis. Vivamus faucibus ex sed nibh egestas elementum.<\/p>\n\n\t\t<\/div>\n\t<\/div>\n<\/div><\/div><\/div><div class=\"wpb_column vc_column_container vc_col-sm-6 vc_col-md-5 sc_layouts_column_icons_position_left\"><div class=\"vc_column-inner\"><div class=\"wpb_wrapper\">\n\t<div class=\"wpb_text_column wpb_content_element\" >\n\t\t<div class=\"wpb_wrapper\">\n\t\t\t<p>Mauris et bibendum dui. Nulla quis diam sit amet turpis interdum accumsan quis nec enim. Nullam non lorem mattis turpis tempor tristique. Donec vestibulum augue vel massa sollicitudin convallis. Vivamus faucibus ex sed nibh egestas elementum.<\/p>\n<p>Aenean consequat pulvinar luctus. Suspendisse consectetur eget tristique tortor, efficitur sem aliquam non. Curabitur et vulputate vestibulum bibendum. Fusce finibus lorem ipsum.<\/p>\n\n\t\t<\/div>\n\t<\/div>\n<\/div><\/div><\/div><div class=\"wpb_column vc_column_container vc_col-sm-12 vc_col-md-offset-1 vc_col-md-10 sc_layouts_column_icons_position_left\"><div class=\"vc_column-inner\"><div class=\"wpb_wrapper\"><div class=\"vc_empty_space  height_tiny\"   style=\"height: 32px\"><span class=\"vc_empty_space_inner\"><\/span><\/div><div class=\"vc_empty_space  height_medium\"   style=\"height: 32px\"><span class=\"vc_empty_space_inner\"><\/span><\/div><div id=\"widget_slider_1997513447\" class=\"widget_area sc_widget_slider vc_widget_slider wpb_content_element\"><aside id=\"widget_slider_1997513447_widget\" class=\"widget widget_slider\">\t\t\t<div class=\"slider_wrap slider_engine_swiper\">\n\t\t\t\t<div id=\"widget_slider_1997513447_outer\" class=\"slider_outer slider_swiper_outer slider_style_default slider_outer_direction_horizontal slider_outer_multi slider_outer_nopagination slider_outer_nocontrols slider_outer_titles_center\"><div id=\"widget_slider_1997513447_swiper\" class=\"slider_container slider_swiper swiper-slider-container slider_nocontrols slider_titles_center slider_resize slider_height_auto slider_direction_horizontal slider_nopagination slider_multi slider_type_images\" data-ratio=\"16:9\" data-interval=\"5000\" data-effect=\"slide\" data-pagination=\"bullets\" data-direction=\"horizontal\" data-slides-per-view=\"5\" data-slides-space=\"0\"><div class=\"slider-wrapper swiper-wrapper\"><div  class=\"slider-slide swiper-slide\" data-image=\"http:\/\/numotronic.ma\/wp-content\/uploads\/2017\/08\/1-1.png\" style=\"\"><img decoding=\"async\" src=\"http:\/\/numotronic.ma\/wp-content\/uploads\/2017\/08\/1-1.png\" alt=\"\"><\/div><div  class=\"slider-slide swiper-slide\" data-image=\"http:\/\/numotronic.ma\/wp-content\/uploads\/2017\/08\/2-1.png\" style=\"\"><img decoding=\"async\" src=\"http:\/\/numotronic.ma\/wp-content\/uploads\/2017\/08\/2-1.png\" alt=\"\"><\/div><div  class=\"slider-slide swiper-slide\" data-image=\"http:\/\/numotronic.ma\/wp-content\/uploads\/2017\/08\/3-1.png\" style=\"\"><img decoding=\"async\" src=\"http:\/\/numotronic.ma\/wp-content\/uploads\/2017\/08\/3-1.png\" alt=\"\"><\/div><div  class=\"slider-slide swiper-slide\" data-image=\"http:\/\/numotronic.ma\/wp-content\/uploads\/2017\/08\/4-1.png\" style=\"\"><img decoding=\"async\" src=\"http:\/\/numotronic.ma\/wp-content\/uploads\/2017\/08\/4-1.png\" alt=\"\"><\/div><div  class=\"slider-slide swiper-slide\" data-image=\"http:\/\/numotronic.ma\/wp-content\/uploads\/2017\/08\/5-1.png\" style=\"\"><img decoding=\"async\" src=\"http:\/\/numotronic.ma\/wp-content\/uploads\/2017\/08\/5-1.png\" alt=\"\"><\/div><\/div><!-- \/.slider-wrapper --><\/div><!-- \/.slider_container --><\/div><!-- \/.slider_outer -->\t\t\t<\/div>\n\t\t\t<\/aside><\/div><div class=\"vc_empty_space  vc_custom_1510242352391 hide_on_tablet hide_on_mobile height_biggest\"   style=\"height: 32px\"><span class=\"vc_empty_space_inner\"><\/span><\/div><\/div><\/div><\/div><\/div><div data-vc-full-width=\"true\" data-vc-full-width-init=\"false\" data-vc-stretch-content=\"true\" class=\"vc_row wpb_row vc_row-fluid vc_custom_1634293692897 vc_row-has-fill vc_row-no-padding scheme_dark\"><div class=\"wpb_column vc_column_container vc_col-sm-12 vc_col-md-6 sc_shift_x_tiny_negative sc_layouts_column_icons_position_left\"><div class=\"vc_column-inner\"><div class=\"wpb_wrapper\"><div class=\"vc_empty_space  hide_on_tablet hide_on_mobile height_tiny\"   style=\"height: 32px\"><span class=\"vc_empty_space_inner\"><\/span><\/div><div class=\"vc_empty_space  hide_on_tablet hide_on_mobile height_medium\"   style=\"height: 32px\"><span class=\"vc_empty_space_inner\"><\/span><\/div><div id=\"sc_content_1972222281\"\n\t\tclass=\"sc_content color_style_default sc_content_default sc_float_center sc_shift_y_medium  vc_custom_1510069413667\"><div class=\"sc_content_container\"><div class=\"vc_empty_space  vc_custom_1510069488283 height_biggest\"   style=\"height: 32px\"><span class=\"vc_empty_space_inner\"><\/span><\/div><div id=\"sc_content_1722156904\"\n\t\tclass=\"sc_content color_style_default color_style_default sc_content_default sc_content_width_1_2 sc_float_right sc_padding_tiny custom_home\"><div class=\"sc_content_container\"><div id=\"sc_title_58759994\"\n\t\tclass=\"sc_title color_style_default sc_title_default\"><h3 class=\"sc_item_title sc_title_title sc_align_left sc_item_title_style_default\">We Love our Clients, And They Love Us<\/h3><\/div><!-- \/.sc_title --><div class=\"sc_testimonials color_style_default sc_testimonials_simple\"><div id=\"sc_testimonials_152502623_outer\" class=\"sc_testimonials_slider sc_item_slider slider_swiper_outer slider_outer slider_outer_nocontrols slider_outer_pagination slider_outer_pagination_bullets slider_outer_pagination_pos_bottom slider_outer_one\">\n\t<div id=\"sc_testimonials_152502623_swiper\" class=\"slider_container swiper-slider-container slider_swiper slider_noresize slider_nocontrols slider_pagination slider_pagination_bullets slider_pagination_pos_bottom slider_one\" data-slides-min-width=\"290\" data-pagination=\"bullets\">\n\t\t<div class=\"slides slider-wrapper swiper-wrapper sc_item_columns_1\"><div class=\"slider-slide swiper-slide\"><div class=\"sc_testimonials_item\">\n\t<div class=\"sc_testimonials_item_content\"><p>\u201cNumotronic has truly improved our business. Thanks to their GPS trackers, we have reduced our operating costs, while maintaining real-time monitoring of our fleet. It\u2019s a worthwhile investment. The Numotronic team is professional and dedicated. We are delighted to work with them.\u201d<\/p>\n<\/div>\n\t<div class=\"sc_testimonials_item_author\">\n\t\t<div class=\"sc_testimonials_item_author_data\">\n\t\t\t<h4 class=\"sc_testimonials_item_author_title\">Mohammed<\/h4>\n\t\t\t<div class=\"sc_testimonials_item_author_subtitle\"><\/div>\n\t\t<\/div>\n\t<\/div>\n<\/div>\n<\/div><div class=\"slider-slide swiper-slide\"><div class=\"sc_testimonials_item\">\n\t<div class=\"sc_testimonials_item_content\"><p>\u201cI bought a GPS tracker from Numotronic, and I am more than satisfied. The tracking accuracy is incredible, and it has greatly simplified the management of our vehicle fleet. Customer service is exceptional, responding quickly to all of our questions. I highly recommend Numotronic for their quality products and excellent support.\u201d<\/p>\n<\/div>\n\t<div class=\"sc_testimonials_item_author\">\n\t\t<div class=\"sc_testimonials_item_author_data\">\n\t\t\t<h4 class=\"sc_testimonials_item_author_title\">Alexa<\/h4>\n\t\t\t<div class=\"sc_testimonials_item_author_subtitle\"><\/div>\n\t\t<\/div>\n\t<\/div>\n<\/div>\n<\/div><div class=\"slider-slide swiper-slide\"><div class=\"sc_testimonials_item\">\n\t<div class=\"sc_testimonials_item_content\"><p>\u201cI am very impressed by the quality of Numotronic GPS trackers. They are reliable, easy to use, and provide complete peace of mind. Our business has become more efficient with these devices, and we have saved time and money. Numotronic is the obvious choice for anyone looking for quality GPS tracking solutions.\u201d<\/p>\n<\/div>\n\t<div class=\"sc_testimonials_item_author\">\n\t\t<div class=\"sc_testimonials_item_author_data\">\n\t\t\t<h4 class=\"sc_testimonials_item_author_title\">Ambre<\/h4>\n\t\t\t<div class=\"sc_testimonials_item_author_subtitle\"><\/div>\n\t\t<\/div>\n\t<\/div>\n<\/div>\n<\/div><\/div><\/div><div class=\"slider_pagination_wrap swiper-pagination\"><\/div><\/div><\/div><!-- \/.sc_testimonials --><\/div><\/div><!-- \/.sc_content --><div class=\"vc_empty_space  custom_home-empty vc_custom_1544625824610 height_biggest\"   style=\"height: 32px\"><span class=\"vc_empty_space_inner\"><\/span><\/div><div class=\"vc_empty_space  hide_on_mobile height_small\"   style=\"height: 32px\"><span class=\"vc_empty_space_inner\"><\/span><\/div><\/div><\/div><!-- \/.sc_content --><\/div><\/div><\/div><div class=\"wpb_column vc_column_container vc_col-sm-6 sc_layouts_column_icons_position_left\"><div class=\"vc_column-inner\"><div class=\"wpb_wrapper\"><\/div><\/div><\/div><\/div><div class=\"vc_row-full-width vc_clearfix\"><\/div><div class=\"vc_row wpb_row vc_row-fluid\"><div class=\"wpb_column vc_column_container vc_col-sm-12 vc_hidden-sm vc_hidden-xs sc_layouts_column_icons_position_left\"><div class=\"vc_column-inner\"><div class=\"wpb_wrapper\"><div class=\"vc_empty_space  vc_custom_1510221691969 height_large\"   style=\"height: 32px\"><span class=\"vc_empty_space_inner\"><\/span><\/div><\/div><\/div><\/div><\/div><div data-vc-full-width=\"true\" data-vc-full-width-init=\"false\" data-vc-stretch-content=\"true\" class=\"vc_row wpb_row vc_row-fluid vc_row-no-padding\"><div class=\"wpb_column vc_column_container vc_col-sm-12 sc_layouts_column_icons_position_left\"><div class=\"vc_column-inner\"><div class=\"wpb_wrapper\"><div class=\"vc_empty_space  height_biggest\"   style=\"height: 32px\"><span class=\"vc_empty_space_inner\"><\/span><\/div><div class=\"vc_empty_space  height_tiny\"   style=\"height: 32px\"><span class=\"vc_empty_space_inner\"><\/span><\/div><div id=\"sc_title_1487418147\"\n\t\tclass=\"sc_title color_style_default sc_title_default\"><h3 class=\"sc_item_title sc_title_title sc_align_center sc_item_title_style_default\">Portfolio<\/h3><\/div><!-- \/.sc_title --><div class=\"vc_empty_space  vc_custom_1510140460191 height_tiny\"   style=\"height: 32px\"><span class=\"vc_empty_space_inner\"><\/span><\/div><div class=\"vc_empty_space  height_medium\"   style=\"height: 32px\"><span class=\"vc_empty_space_inner\"><\/span><\/div><div class=\"vc_empty_space  vc_custom_1510140497655 height_small\"   style=\"height: 32px\"><span class=\"vc_empty_space_inner\"><\/span><\/div><div class=\"vc_empty_space  height_medium\"   style=\"height: 32px\"><span class=\"vc_empty_space_inner\"><\/span><\/div><div class=\"sc_item_button sc_button_wrap sc_align_center\"><a href=\"http:\/\/numotronic.ma\/en\/gallery-cobbles\/\" id=\"sc_button_946039959\" class=\"sc_button color_style_default sc_button_default sc_button_size_normal sc_button_icon_left\"><span class=\"sc_button_text\"><span class=\"sc_button_title\">View more<\/span><\/span><!-- \/.sc_button_text --><\/a><!-- \/.sc_button --><\/div><!-- \/.sc_item_button --><div class=\"vc_empty_space  height_biggest\"   style=\"height: 32px\"><span class=\"vc_empty_space_inner\"><\/span><\/div><\/div><\/div><\/div><div class=\"wpb_column vc_column_container vc_col-sm-12 sc_layouts_column_icons_position_left\"><div class=\"vc_column-inner\"><div class=\"wpb_wrapper\"><\/div><\/div><\/div><\/div><div class=\"vc_row-full-width vc_clearfix\"><\/div><div class=\"vc_row wpb_row vc_row-fluid\"><div class=\"wpb_column vc_column_container vc_col-sm-12 vc_hidden-sm vc_hidden-xs sc_layouts_column_icons_position_left\"><div class=\"vc_column-inner\"><div class=\"wpb_wrapper\"><div class=\"vc_empty_space  height_large\"   style=\"height: 32px\"><span class=\"vc_empty_space_inner\"><\/span><\/div><\/div><\/div><\/div><\/div><div data-vc-full-width=\"true\" data-vc-full-width-init=\"false\" data-vc-stretch-content=\"true\" class=\"vc_row wpb_row vc_row-fluid vc_custom_1510145113075 vc_row-has-fill vc_row-no-padding\"><div class=\"wpb_column vc_column_container vc_col-sm-5 sc_layouts_column_icons_position_left\"><div class=\"vc_column-inner\"><div class=\"wpb_wrapper\"><\/div><\/div><\/div><div class=\"wpb_column vc_column_container vc_col-sm-12 vc_col-md-7 sc_layouts_column_icons_position_left\"><div class=\"vc_column-inner\"><div class=\"wpb_wrapper\"><div class=\"sc_content_wrap sc_push_medium\"><div id=\"sc_content_262321909\"\n\t\tclass=\"sc_content color_style_default scheme_dark sc_content_default sc_float_center sc_shift_x_medium  vc_custom_1544625425552\"><div class=\"sc_content_container\"><div class=\"vc_empty_space\"   style=\"height: 1px\"><span class=\"vc_empty_space_inner\"><\/span><\/div><div id=\"sc_content_17023059\"\n\t\tclass=\"sc_content color_style_default scheme_dark color_style_default sc_content_default sc_content_width_1_2 sc_float_left sc_shift_x_large custom_home\"><div class=\"sc_content_container\"><div class=\"vc_empty_space  height_biggest\"   style=\"height: 32px\"><span class=\"vc_empty_space_inner\"><\/span><\/div><div id=\"sc_title_205750096\"\n\t\tclass=\"sc_title color_style_default sc_title_default\"><h3 class=\"sc_item_title sc_title_title sc_align_left sc_item_title_style_default\">Send Us a Message<\/h3><\/div><!-- \/.sc_title --><div class=\"vc_empty_space  height_small\"   style=\"height: 32px\"><span class=\"vc_empty_space_inner\"><\/span><\/div>\n<div class=\"wpcf7 no-js\" id=\"wpcf7-f1056-o1\" lang=\"en-US\" dir=\"ltr\" data-wpcf7-id=\"1056\">\n<div class=\"screen-reader-response\"><p role=\"status\" aria-live=\"polite\" aria-atomic=\"true\"><\/p> <ul><\/ul><\/div>\n<form action=\"\/en\/wp-json\/wp\/v2\/pages\/258#wpcf7-f1056-o1\" method=\"post\" class=\"wpcf7-form init\" aria-label=\"Contact form\" novalidate=\"novalidate\" data-status=\"init\" data-trp-original-action=\"\/en\/wp-json\/wp\/v2\/pages\/258#wpcf7-f1056-o1\">\n<div style=\"display: none;\">\n<input type=\"hidden\" name=\"_wpcf7\" value=\"1056\" \/>\n<input type=\"hidden\" name=\"_wpcf7_version\" value=\"6.0.2\" \/>\n<input type=\"hidden\" name=\"_wpcf7_locale\" value=\"en_US\" \/>\n<input type=\"hidden\" name=\"_wpcf7_unit_tag\" value=\"wpcf7-f1056-o1\" \/>\n<input type=\"hidden\" name=\"_wpcf7_container_post\" value=\"0\" \/>\n<input type=\"hidden\" name=\"_wpcf7_posted_data_hash\" value=\"\" \/>\n<\/div>\n<div class=\"send_message\">\n<div class=\"message_info\">\n    <span class=\"wpcf7-form-control-wrap\" data-name=\"your-name\"><input size=\"40\" maxlength=\"400\" class=\"wpcf7-form-control wpcf7-text wpcf7-validates-as-required\" aria-required=\"true\" aria-invalid=\"false\" placeholder=\"Your name*\" value=\"\" type=\"text\" name=\"your-name\" \/><\/span>\n    <span class=\"wpcf7-form-control-wrap\" data-name=\"your-email\"><input size=\"40\" maxlength=\"400\" class=\"wpcf7-form-control wpcf7-email wpcf7-validates-as-required wpcf7-text wpcf7-validates-as-email\" aria-required=\"true\" aria-invalid=\"false\" placeholder=\"Your e-mail*\" value=\"\" type=\"email\" name=\"your-email\" \/><\/span>\n<\/div>\n<p><span class=\"wpcf7-form-control-wrap\" data-name=\"your-message\"><textarea cols=\"40\" rows=\"10\" maxlength=\"2000\" class=\"wpcf7-form-control wpcf7-textarea\" aria-invalid=\"false\" placeholder=\"Your message\" name=\"your-message\"><\/textarea><\/span><\/p>\n<span class=\"wpcf7-form-control-wrap wpgdprc\"><span class=\"wpcf7-form-control wpcf7-wpgdprc wpcf7-validates-as-required\"><span class=\"wpcf7-list-item\"><input type=\"checkbox\" name=\"wpgdprc\" value=\"1\" aria-required=\"true\" aria-invalid=\"false\" \/><span class=\"wpcf7-list-item-label\">En utilisant ce formulaire, vous acceptez le stockage et le traitement de vos donn\u00e9es par ce site Web.<\/span><\/span><\/span>    <\/span>\n\n<input class=\"wpcf7-form-control wpcf7-submit has-spinner\" type=\"submit\" value=\"Send message\" \/>\n<\/div><div class=\"wpcf7-response-output\" aria-hidden=\"true\"><\/div>\n<input type=\"hidden\" name=\"trp-form-language\" value=\"en\"\/><\/form>\n<\/div>\n<div class=\"vc_empty_space  height_biggest\"   style=\"height: 32px\"><span class=\"vc_empty_space_inner\"><\/span><\/div><\/div><\/div><!-- \/.sc_content --><div class=\"vc_empty_space\"   style=\"height: 1px\"><span class=\"vc_empty_space_inner\"><\/span><\/div><\/div><\/div><!-- \/.sc_content --><\/div><!-- \/.sc_content_wrap --><div class=\"vc_row wpb_row vc_inner vc_row-fluid\"><div class=\"wpb_column vc_column_container vc_col-sm-12 vc_col-md-offset-4 vc_col-md-8 vc_hidden-sm vc_hidden-xs sc_layouts_column_icons_position_left\"><div class=\"vc_column-inner\"><div class=\"wpb_wrapper\">\n\t<div  class=\"wpb_single_image wpb_content_element vc_align_left\">\n\t\t\n\t\t<figure class=\"wpb_wrapper vc_figure\">\n\t\t\t<div class=\"vc_single_image-wrapper   vc_box_border_grey\"><img decoding=\"async\" width=\"263\" height=\"60\" src=\"http:\/\/numotronic.ma\/wp-content\/uploads\/2017\/08\/adout.png\" class=\"vc_single_image-img attachment-full\" alt=\"\" title=\"adout\" \/><\/div>\n\t\t<\/figure>\n\t<\/div>\n<div class=\"vc_empty_space  height_tiny\"   style=\"height: 32px\"><span class=\"vc_empty_space_inner\"><\/span><\/div><\/div><\/div><\/div><\/div><\/div><\/div><\/div><\/div><div class=\"vc_row-full-width vc_clearfix\"><\/div>\n<\/section>","protected":false},"excerpt":{"rendered":"\u201cJe suis tr\u00e8s impressionn\u00e9e par la qualit\u00e9 des GPS traceurs de Numotronic. Ils sont fiables, faciles \u00e0 utiliser, et offrent une tranquillit\u00e9 d'esprit totale. Notre entreprise a gagn\u00e9 en efficacit\u00e9 gr\u00e2ce \u00e0 ces dispositifs, et nous avons \u00e9conomis\u00e9 du temps et de l'argent.Numotronic est le choix \u00e9vident pour tous ceux cherchant des solutions de suivi GPS de qualit\u00e9.\u201d","protected":false},"author":1,"featured_media":0,"parent":0,"menu_order":0,"comment_status":"closed","ping_status":"closed","template":"","meta":{"inline_featured_image":false,"footnotes":""},"class_list":["post-258","page","type-page","status-publish","hentry"],"aioseo_notices":[],"_links":{"self":[{"href":"http:\/\/numotronic.ma\/en\/wp-json\/wp\/v2\/pages\/258","targetHints":{"allow":["GET"]}}],"collection":[{"href":"http:\/\/numotronic.ma\/en\/wp-json\/wp\/v2\/pages"}],"about":[{"href":"http:\/\/numotronic.ma\/en\/wp-json\/wp\/v2\/types\/page"}],"author":[{"embeddable":true,"href":"http:\/\/numotronic.ma\/en\/wp-json\/wp\/v2\/users\/1"}],"replies":[{"embeddable":true,"href":"http:\/\/numotronic.ma\/en\/wp-json\/wp\/v2\/comments?post=258"}],"version-history":[{"count":0,"href":"http:\/\/numotronic.ma\/en\/wp-json\/wp\/v2\/pages\/258\/revisions"}],"wp:attachment":[{"href":"http:\/\/numotronic.ma\/en\/wp-json\/wp\/v2\/media?parent=258"}],"curies":[{"name":"wp","href":"https:\/\/api.w.org\/{rel}","templated":true}]}}