{"id":255,"date":"2017-08-03T14:44:09","date_gmt":"2017-08-03T14:44:09","guid":{"rendered":"http:\/\/localhost\/wordpress\/?page_id=255"},"modified":"2024-07-11T11:26:46","modified_gmt":"2024-07-11T11:26:46","slug":"our-services","status":"publish","type":"page","link":"http:\/\/numotronic.ma\/en\/our-services\/","title":{"rendered":"Our Services"},"content":{"rendered":"<section class=\"wpb-content-wrapper\"><div class=\"vc_row wpb_row vc_row-fluid vc_custom_1720691237189 vc_row-has-fill\"><div class=\"wpb_column vc_column_container vc_col-sm-12 vc_col-has-fill sc_layouts_column_icons_position_left\"><div class=\"vc_column-inner vc_custom_1720691203999\"><div class=\"wpb_wrapper\">\n\t<div class=\"wpb_text_column wpb_content_element  vc_custom_1720622519453\" >\n\t\t<div class=\"wpb_wrapper\">\n\t\t\t<h2><strong>Services de Suivi GPS de Numotronic<\/strong><\/h2>\n\n\t\t<\/div>\n\t<\/div>\n\n\t<div class=\"wpb_text_column wpb_content_element  vc_custom_1720691217741\" >\n\t\t<div class=\"wpb_wrapper\">\n\t\t\t<p>Bienvenue sur la page d\u00e9di\u00e9e aux services de suivi GPS de Numotronic. Nous sommes sp\u00e9cialis\u00e9s dans la fourniture de solutions avanc\u00e9es de g\u00e9olocalisation pour une gestion efficace de flottes de v\u00e9hicules. Nos produits et services sont con\u00e7us pour r\u00e9pondre aux besoins sp\u00e9cifiques des entreprises cherchant \u00e0 optimiser leurs op\u00e9rations et \u00e0 renforcer la s\u00e9curit\u00e9 de leurs actifs.<\/p>\n<h3><\/h3>\n\n\t\t<\/div>\n\t<\/div>\n<\/div><\/div><\/div><\/div><div class=\"vc_row wpb_row vc_row-fluid\"><div class=\"wpb_column vc_column_container vc_col-sm-6 sc_layouts_column_icons_position_left\"><div class=\"vc_column-inner\"><div class=\"wpb_wrapper\">\n\t<div  class=\"wpb_single_image wpb_content_element vc_align_left\">\n\t\t\n\t\t<figure class=\"wpb_wrapper vc_figure\">\n\t\t\t<div class=\"vc_single_image-wrapper   vc_box_border_grey\"><img fetchpriority=\"high\" decoding=\"async\" width=\"640\" height=\"427\" src=\"http:\/\/numotronic.ma\/wp-content\/uploads\/2024\/07\/gps-tracking-car.jpg\" class=\"vc_single_image-img attachment-full\" alt=\"\" title=\"gps-tracking-car\" srcset=\"http:\/\/numotronic.ma\/wp-content\/uploads\/2024\/07\/gps-tracking-car.jpg 640w, http:\/\/numotronic.ma\/wp-content\/uploads\/2024\/07\/gps-tracking-car-300x200.jpg 300w, http:\/\/numotronic.ma\/wp-content\/uploads\/2024\/07\/gps-tracking-car-18x12.jpg 18w, http:\/\/numotronic.ma\/wp-content\/uploads\/2024\/07\/gps-tracking-car-370x247.jpg 370w\" sizes=\"(max-width: 640px) 100vw, 640px\" \/><\/div>\n\t\t<\/figure>\n\t<\/div>\n<\/div><\/div><\/div><div class=\"wpb_column vc_column_container vc_col-sm-6 sc_layouts_column_icons_position_left\"><div class=\"vc_column-inner\"><div class=\"wpb_wrapper\">\n\t<div class=\"wpb_text_column wpb_content_element  vc_custom_1720691575694\" >\n\t\t<div class=\"wpb_wrapper\">\n\t\t\t<h3>Suivi en Temps R\u00e9el des V\u00e9hicules<\/h3>\n<p>Profitez du suivi avanc\u00e9 des v\u00e9hicules en temps r\u00e9el avec les solutions GPS de Numotronic. Surveillez pr\u00e9cis\u00e9ment la localisation, la vitesse et l&#8217;\u00e9tat de vos v\u00e9hicules de flotte sans effort. Nos syst\u00e8mes offrent des mises \u00e0 jour en direct pour vous assurer une gestion proactive et inform\u00e9e.<\/p>\n\n\t\t<\/div>\n\t<\/div>\n<\/div><\/div><\/div><\/div><div class=\"vc_row wpb_row vc_row-fluid\"><div class=\"wpb_column vc_column_container vc_col-sm-6 sc_layouts_column_icons_position_left\"><div class=\"vc_column-inner\"><div class=\"wpb_wrapper\">\n\t<div class=\"wpb_text_column wpb_content_element  vc_custom_1720691627062\" >\n\t\t<div class=\"wpb_wrapper\">\n\t\t\t<h3>Rapports Personnalis\u00e9s et Alertes<\/h3>\n<p>Obtenez des insights avec nos outils de reporting complets adapt\u00e9s \u00e0 vos besoins commerciaux. Recevez des analyses d\u00e9taill\u00e9es et des alertes personnalisables pour une gestion optimale de la flotte et une efficacit\u00e9 op\u00e9rationnelle accrue.<\/p>\n\n\t\t<\/div>\n\t<\/div>\n<\/div><\/div><\/div><div class=\"wpb_column vc_column_container vc_col-sm-6 sc_layouts_column_icons_position_left\"><div class=\"vc_column-inner\"><div class=\"wpb_wrapper\">\n\t<div  class=\"wpb_single_image wpb_content_element vc_align_left\">\n\t\t\n\t\t<figure class=\"wpb_wrapper vc_figure\">\n\t\t\t<div class=\"vc_single_image-wrapper   vc_box_border_grey\"><img decoding=\"async\" width=\"640\" height=\"427\" src=\"http:\/\/numotronic.ma\/wp-content\/uploads\/2024\/07\/scott-graham-5fNmWej4tAA-unsplash-1.jpg\" class=\"vc_single_image-img attachment-full\" alt=\"\" title=\"rapports\" srcset=\"http:\/\/numotronic.ma\/wp-content\/uploads\/2024\/07\/scott-graham-5fNmWej4tAA-unsplash-1.jpg 640w, http:\/\/numotronic.ma\/wp-content\/uploads\/2024\/07\/scott-graham-5fNmWej4tAA-unsplash-1-300x200.jpg 300w, http:\/\/numotronic.ma\/wp-content\/uploads\/2024\/07\/scott-graham-5fNmWej4tAA-unsplash-1-18x12.jpg 18w, http:\/\/numotronic.ma\/wp-content\/uploads\/2024\/07\/scott-graham-5fNmWej4tAA-unsplash-1-370x247.jpg 370w\" sizes=\"(max-width: 640px) 100vw, 640px\" \/><\/div>\n\t\t<\/figure>\n\t<\/div>\n<\/div><\/div><\/div><\/div><div class=\"vc_row wpb_row vc_row-fluid\"><div class=\"wpb_column vc_column_container vc_col-sm-6 sc_layouts_column_icons_position_left\"><div class=\"vc_column-inner\"><div class=\"wpb_wrapper\">\n\t<div  class=\"wpb_single_image wpb_content_element vc_align_left\">\n\t\t\n\t\t<figure class=\"wpb_wrapper vc_figure\">\n\t\t\t<div class=\"vc_single_image-wrapper   vc_box_border_grey\"><img decoding=\"async\" width=\"640\" height=\"427\" src=\"http:\/\/numotronic.ma\/wp-content\/uploads\/2024\/07\/anti-vol.jpg\" class=\"vc_single_image-img attachment-full\" alt=\"\" title=\"anti-vol\" srcset=\"http:\/\/numotronic.ma\/wp-content\/uploads\/2024\/07\/anti-vol.jpg 640w, http:\/\/numotronic.ma\/wp-content\/uploads\/2024\/07\/anti-vol-300x200.jpg 300w, http:\/\/numotronic.ma\/wp-content\/uploads\/2024\/07\/anti-vol-18x12.jpg 18w, http:\/\/numotronic.ma\/wp-content\/uploads\/2024\/07\/anti-vol-370x247.jpg 370w\" sizes=\"(max-width: 640px) 100vw, 640px\" \/><\/div>\n\t\t<\/figure>\n\t<\/div>\n<\/div><\/div><\/div><div class=\"wpb_column vc_column_container vc_col-sm-6 sc_layouts_column_icons_position_left\"><div class=\"vc_column-inner\"><div class=\"wpb_wrapper\">\n\t<div class=\"wpb_text_column wpb_content_element  vc_custom_1720691653598\" >\n\t\t<div class=\"wpb_wrapper\">\n\t\t\t<h3>Solutions de S\u00e9curit\u00e9 Renforc\u00e9es<\/h3>\n<p>Prot\u00e9gez vos actifs avec les fonctionnalit\u00e9s robustes de s\u00e9curit\u00e9 de Numotronic. Nos traceurs GPS incluent des mesures anti-vol et des capacit\u00e9s de g\u00e9o-cl\u00f4ture pour s\u00e9curiser vos v\u00e9hicules et \u00e9quipements.<\/p>\n\n\t\t<\/div>\n\t<\/div>\n<\/div><\/div><\/div><\/div>\n<\/section>","protected":false},"excerpt":{"rendered":"Services de Suivi GPS de Numotronic Bienvenue sur la page d\u00e9di\u00e9e aux services de suivi GPS de Numotronic. Nous sommes sp\u00e9cialis\u00e9s dans la fourniture de solutions avanc\u00e9es de g\u00e9olocalisation pour une gestion efficace de flottes de v\u00e9hicules. Nos produits et services sont con\u00e7us pour r\u00e9pondre aux besoins sp\u00e9cifiques des entreprises cherchant \u00e0 optimiser leurs op\u00e9rations et \u00e0 renforcer la s\u00e9curit\u00e9&hellip;","protected":false},"author":1,"featured_media":0,"parent":0,"menu_order":0,"comment_status":"closed","ping_status":"closed","template":"","meta":{"inline_featured_image":false,"footnotes":""},"class_list":["post-255","page","type-page","status-publish","hentry"],"aioseo_notices":[],"_links":{"self":[{"href":"http:\/\/numotronic.ma\/en\/wp-json\/wp\/v2\/pages\/255","targetHints":{"allow":["GET"]}}],"collection":[{"href":"http:\/\/numotronic.ma\/en\/wp-json\/wp\/v2\/pages"}],"about":[{"href":"http:\/\/numotronic.ma\/en\/wp-json\/wp\/v2\/types\/page"}],"author":[{"embeddable":true,"href":"http:\/\/numotronic.ma\/en\/wp-json\/wp\/v2\/users\/1"}],"replies":[{"embeddable":true,"href":"http:\/\/numotronic.ma\/en\/wp-json\/wp\/v2\/comments?post=255"}],"version-history":[{"count":10,"href":"http:\/\/numotronic.ma\/en\/wp-json\/wp\/v2\/pages\/255\/revisions"}],"predecessor-version":[{"id":4159,"href":"http:\/\/numotronic.ma\/en\/wp-json\/wp\/v2\/pages\/255\/revisions\/4159"}],"wp:attachment":[{"href":"http:\/\/numotronic.ma\/en\/wp-json\/wp\/v2\/media?parent=255"}],"curies":[{"name":"wp","href":"https:\/\/api.w.org\/{rel}","templated":true}]}}