{"id":4293,"date":"2024-07-23T10:49:56","date_gmt":"2024-07-23T10:49:56","guid":{"rendered":"https:\/\/numotronic.ma\/?page_id=4293"},"modified":"2024-07-24T10:40:01","modified_gmt":"2024-07-24T10:40:01","slug":"nmt-canbus-reader","status":"publish","type":"page","link":"http:\/\/numotronic.ma\/ar\/nmt-canbus-reader\/","title":{"rendered":"NMT CANBUS READER"},"content":{"rendered":"<div data-elementor-type=\"wp-page\" data-elementor-id=\"4293\" class=\"elementor elementor-4293\">\n\t\t\t\t\t\t<section class=\"elementor-section elementor-top-section elementor-element elementor-element-a428086 elementor-section-boxed elementor-section-height-default elementor-section-height-default\" data-id=\"a428086\" data-element_type=\"section\">\n\t\t\t\t\t\t<div class=\"elementor-container elementor-column-gap-default\">\n\t\t\t\t\t<div class=\"elementor-column elementor-col-100 elementor-top-column elementor-element elementor-element-224549d sc_layouts_column_icons_position_left\" data-id=\"224549d\" data-element_type=\"column\">\n\t\t\t<div class=\"elementor-widget-wrap elementor-element-populated\">\n\t\t\t\t\t\t<div class=\"elementor-element elementor-element-5a85ffb elementor-widget elementor-widget-image\" data-id=\"5a85ffb\" data-element_type=\"widget\" data-widget_type=\"image.default\">\n\t\t\t\t<div class=\"elementor-widget-container\">\n\t\t\t\t\t\t\t\t\t\t\t\t\t\t\t<img fetchpriority=\"high\" decoding=\"async\" width=\"1024\" height=\"667\" src=\"http:\/\/numotronic.ma\/wp-content\/uploads\/2024\/07\/gps-canbus-reader.jpg\" class=\"attachment-large size-large wp-image-4322\" alt=\"\" srcset=\"http:\/\/numotronic.ma\/wp-content\/uploads\/2024\/07\/gps-canbus-reader.jpg 1024w, http:\/\/numotronic.ma\/wp-content\/uploads\/2024\/07\/gps-canbus-reader-300x195.jpg 300w, http:\/\/numotronic.ma\/wp-content\/uploads\/2024\/07\/gps-canbus-reader-768x500.jpg 768w, http:\/\/numotronic.ma\/wp-content\/uploads\/2024\/07\/gps-canbus-reader-18x12.jpg 18w, http:\/\/numotronic.ma\/wp-content\/uploads\/2024\/07\/gps-canbus-reader-370x241.jpg 370w, http:\/\/numotronic.ma\/wp-content\/uploads\/2024\/07\/gps-canbus-reader-760x495.jpg 760w, http:\/\/numotronic.ma\/wp-content\/uploads\/2024\/07\/gps-canbus-reader-740x482.jpg 740w\" sizes=\"(max-width: 1024px) 100vw, 1024px\" \/>\t\t\t\t\t\t\t\t\t\t\t\t\t\t\t<\/div>\n\t\t\t\t<\/div>\n\t\t\t\t\t<\/div>\n\t\t<\/div>\n\t\t\t\t\t<\/div>\n\t\t<\/section>\n\t\t\t\t<section class=\"elementor-section elementor-top-section elementor-element elementor-element-4f20f9d elementor-section-boxed elementor-section-height-default elementor-section-height-default\" data-id=\"4f20f9d\" data-element_type=\"section\">\n\t\t\t\t\t\t<div class=\"elementor-container elementor-column-gap-default\">\n\t\t\t\t\t<div class=\"elementor-column elementor-col-100 elementor-top-column elementor-element elementor-element-2f29dea sc_layouts_column_icons_position_left\" data-id=\"2f29dea\" data-element_type=\"column\">\n\t\t\t<div class=\"elementor-widget-wrap elementor-element-populated\">\n\t\t\t\t\t\t<div class=\"elementor-element elementor-element-8f8e7bd elementor-widget elementor-widget-text-editor\" data-id=\"8f8e7bd\" data-element_type=\"widget\" data-widget_type=\"text-editor.default\">\n\t\t\t\t<div class=\"elementor-widget-container\">\n\t\t\t\t\t\t\t\t\t<p><strong>\u0627\u0643\u062a\u0634\u0641 \u0645\u0633\u062a\u0642\u0628\u0644 \u0625\u062f\u0627\u0631\u0629 \u0627\u0644\u0623\u0633\u0637\u0648\u0644 \u0628\u0627\u0633\u062a\u062e\u062f\u0627\u0645 NMT canbus reader<\/strong><\/p><p>\u0642\u0645 \u0628\u062a\u062d\u0633\u064a\u0646 \u0625\u062f\u0627\u0631\u0629 \u0623\u0633\u0637\u0648\u0644 \u0645\u0631\u0643\u0628\u0627\u062a\u0643 \u0628\u0627\u0633\u062a\u062e\u062f\u0627\u0645 NMT canbus reader\u060c \u0648\u0647\u0648 \u062d\u0644 \u0645\u062a\u0642\u062f\u0645 \u064a\u062f\u0645\u062c \u062a\u0642\u0646\u064a\u0629 Canbus \u0644\u0645\u0631\u0627\u0642\u0628\u0629 \u062f\u0642\u064a\u0642\u0629 \u0648\u0641\u0639\u0627\u0644\u0629. \u062a\u0645 \u062a\u0635\u0645\u064a\u0645 NMT canbus reader \u0644\u0644\u0634\u0631\u0643\u0627\u062a \u0627\u0644\u062a\u064a \u062a\u0647\u062a\u0645 \u0628\u0623\u062f\u0627\u0621 \u0648\u0633\u0644\u0627\u0645\u0629 \u0645\u0631\u0643\u0628\u0627\u062a\u0647\u0627\u060c \u0648\u064a\u0642\u062f\u0645 \u0631\u0624\u0649 \u0641\u064a \u0627\u0644\u0648\u0642\u062a \u0627\u0644\u0641\u0639\u0644\u064a \u064a\u0645\u0643\u0646 \u0627\u0644\u0648\u0635\u0648\u0644 \u0625\u0644\u064a\u0647\u0627 \u0645\u0628\u0627\u0634\u0631\u0629 \u0645\u0646 \u062c\u0647\u0627\u0632\u0643 \u0627\u0644\u0645\u062d\u0645\u0648\u0644 \u0623\u0648 \u0627\u0644\u0643\u0645\u0628\u064a\u0648\u062a\u0631.<\/p><p><strong>\u062f\u0644\u0627\u0626\u0644 \u0627\u0644\u0645\u064a\u0632\u0627\u062a:<\/strong><\/p><p><strong>\u0627\u0644\u0645\u0631\u0627\u0642\u0628\u0629 \u0641\u064a \u0627\u0644\u0648\u0642\u062a \u0627\u0644\u062d\u0642\u064a\u0642\u064a:<\/strong> \u0627\u062d\u0635\u0644 \u0639\u0644\u0649 \u0628\u064a\u0627\u0646\u0627\u062a \u062f\u0642\u064a\u0642\u0629 \u0639\u0646 \u0623\u062f\u0627\u0621 \u0643\u0644 \u0645\u0631\u0643\u0628\u0629\u060c \u0645\u062b\u0644 \u0627\u0633\u062a\u0647\u0644\u0627\u0643 \u0627\u0644\u0648\u0642\u0648\u062f \u0648\u0627\u0644\u0623\u0645\u064a\u0627\u0644 \u0627\u0644\u0645\u0642\u0637\u0648\u0639\u0629 \u0648\u062a\u0634\u062e\u064a\u0635\u0627\u062a \u0627\u0644\u0645\u062d\u0631\u0643\u060c \u0644\u0625\u062f\u0627\u0631\u0629 \u0627\u0633\u062a\u0628\u0627\u0642\u064a\u0629 \u0644\u0623\u0633\u0637\u0648\u0644\u0643.<\/p><p><strong>\u0627\u0644\u062a\u0643\u0627\u0645\u0644 \u0627\u0644\u0645\u062a\u0642\u062f\u0645 \u0641\u064a Canbus:<\/strong> \u0627\u0633\u062a\u0645\u062a\u0639 \u0628\u0627\u0644\u062a\u0643\u0627\u0645\u0644 \u0627\u0644\u0645\u0628\u0627\u0634\u0631 \u0645\u0639 \u0646\u0638\u0627\u0645 Canbus \u0627\u0644\u062e\u0627\u0635 \u0628\u0643\u0644 \u0645\u0631\u0643\u0628\u0629\u060c \u0645\u0645\u0627 \u064a\u0636\u0645\u0646 \u062c\u0645\u0639 \u0628\u064a\u0627\u0646\u0627\u062a \u0645\u0648\u062b\u0648\u0642\u0629 \u0648\u0645\u0641\u0635\u0644\u0629 \u062f\u0648\u0646 \u0627\u0644\u062d\u0627\u062c\u0629 \u0625\u0644\u0649 \u062a\u062b\u0628\u064a\u062a \u0645\u0639\u0642\u062f.<\/p><p><strong>\u0627\u062a\u0635\u0627\u0644 \u0628\u0644\u0648\u062a\u0648\u062b:<\/strong> \u0627\u0633\u062a\u0645\u062a\u0639 \u0628\u0627\u062a\u0635\u0627\u0644 \u0644\u0627\u0633\u0644\u0643\u064a \u0645\u0631\u064a\u062d \u0639\u0628\u0631 \u062a\u0642\u0646\u064a\u0629 Bluetooth\u060c \u0645\u0645\u0627 \u064a\u062a\u064a\u062d \u0633\u0647\u0648\u0644\u0629 \u0627\u0644\u0648\u0635\u0648\u0644 \u0625\u0644\u0649 \u0627\u0644\u0628\u064a\u0627\u0646\u0627\u062a \u0645\u0646 \u0647\u0627\u062a\u0641\u0643 \u0627\u0644\u0630\u0643\u064a \u0623\u0648 \u062c\u0647\u0627\u0632\u0643 \u0627\u0644\u0644\u0648\u062d\u064a\u060c \u0623\u064a\u0646\u0645\u0627 \u0643\u0646\u062a.<\/p><p><strong>\u062a\u0646\u0628\u064a\u0647\u0627\u062a \u0634\u062e\u0635\u064a\u0629:<\/strong> \u0642\u0645 \u0628\u062a\u0643\u0648\u064a\u0646 \u0627\u0644\u062a\u0646\u0628\u064a\u0647\u0627\u062a \u0627\u0644\u0645\u062e\u0635\u0635\u0629 \u0644\u062a\u0643\u0648\u0646 \u0639\u0644\u0649 \u0639\u0644\u0645 \u0641\u0648\u0631\u064a \u0628\u0627\u0644\u062d\u0648\u0627\u062f\u062b \u0623\u0648 \u0627\u0644\u0633\u0644\u0648\u0643 \u063a\u064a\u0631 \u0627\u0644\u0637\u0628\u064a\u0639\u064a \u0644\u0644\u0645\u0631\u0643\u0628\u0629\u060c \u0645\u0645\u0627 \u064a\u0624\u062f\u064a \u0625\u0644\u0649 \u062a\u062d\u0633\u064a\u0646 \u0627\u0644\u0627\u0633\u062a\u062c\u0627\u0628\u0629 \u0648\u0627\u0644\u0633\u0644\u0627\u0645\u0629.<\/p><p><strong>\u0627\u0644\u062a\u0648\u0627\u0641\u0642 \u0627\u0644\u0639\u0627\u0644\u0645\u064a:<\/strong> \u0645\u062a\u0648\u0627\u0641\u0642 \u0645\u0639 \u0645\u062c\u0645\u0648\u0639\u0629 \u0648\u0627\u0633\u0639\u0629 \u0645\u0646 \u0627\u0644\u0645\u0631\u0643\u0628\u0627\u062a\u060c \u064a\u062a\u0643\u064a\u0641 \u0642\u0627\u0631\u0626 NMT canbus \u0628\u0633\u0647\u0648\u0644\u0629 \u0645\u0639 \u0627\u0644\u0637\u0631\u0627\u0632\u0627\u062a \u0648\u0627\u0644\u0639\u0644\u0627\u0645\u0627\u062a \u0627\u0644\u062a\u062c\u0627\u0631\u064a\u0629 \u0627\u0644\u0645\u062e\u062a\u0644\u0641\u0629\u060c \u0645\u0645\u0627 \u064a\u0648\u0641\u0631 \u062d\u0644\u0627\u064b \u0645\u062a\u0639\u062f\u062f \u0627\u0644\u0627\u0633\u062a\u062e\u062f\u0627\u0645\u0627\u062a \u0644\u0644\u0623\u0633\u0627\u0637\u064a\u0644 \u0627\u0644\u0645\u062a\u0646\u0648\u0639\u0629.<\/p><p><strong>\u062a\u0631\u0643\u064a\u0628 \u0627\u0644\u062a\u0648\u0635\u064a\u0644 \u0648\u0627\u0644\u062a\u0634\u063a\u064a\u0644:<\/strong> \u0642\u0645 \u0628\u062a\u062b\u0628\u064a\u062a  NMT canbus reader \u0628\u0633\u0631\u0639\u0629 \u0641\u064a \u0633\u064a\u0627\u0631\u062a\u0643 \u062f\u0648\u0646 \u0627\u0644\u062d\u0627\u062c\u0629 \u0625\u0644\u0649 \u062a\u0639\u062f\u064a\u0644\u0627\u062a \u0645\u0639\u0642\u062f\u0629\u060c \u0648\u0630\u0644\u0643 \u0628\u0641\u0636\u0644 \u062a\u0635\u0645\u064a\u0645 \u0627\u0644\u062a\u0648\u0635\u064a\u0644 \u0648\u0627\u0644\u062a\u0634\u063a\u064a\u0644 \u0627\u0644\u0628\u062f\u064a\u0647\u064a.<\/p><p><strong>\u0644\u0645\u0627\u0630\u0627 \u062a\u062e\u062a\u0627\u0631 \u0642\u0627\u0631\u0626 NMT canbus \u0644\u0645\u0631\u0643\u0628\u0627\u062a\u0643\u061f<\/strong><\/p><p>\u064a\u062a\u062c\u0627\u0648\u0632 NMT canbus reader\u062d\u0644\u0648\u0644 \u0627\u0644\u062a\u062a\u0628\u0639 \u0627\u0644\u0628\u0633\u064a\u0637\u0629 \u0645\u0646 \u062e\u0644\u0627\u0644 \u062a\u0642\u062f\u064a\u0645 \u062a\u062d\u0644\u064a\u0644 \u0645\u062a\u0639\u0645\u0642 \u0644\u0623\u062f\u0627\u0621 \u0623\u0633\u0637\u0648\u0644\u0643. \u0633\u0648\u0627\u0621 \u0643\u0646\u062a \u062a\u062a\u0637\u0644\u0639 \u0625\u0644\u0649 \u062a\u0642\u0644\u064a\u0644 \u062a\u0643\u0627\u0644\u064a\u0641 \u0627\u0644\u062a\u0634\u063a\u064a\u0644\u060c \u0623\u0648 \u062a\u062d\u0633\u064a\u0646 \u0643\u0641\u0627\u0621\u0629 \u0627\u0633\u062a\u0647\u0644\u0627\u0643 \u0627\u0644\u0648\u0642\u0648\u062f\u060c \u0623\u0648 \u0632\u064a\u0627\u062f\u0629 \u0633\u0644\u0627\u0645\u0629 \u0627\u0644\u0633\u0627\u0626\u0642\u060c \u0641\u0625\u0646 \u0645\u0634\u063a\u0644 Canbus \u0627\u0644\u062e\u0627\u0635 \u0628\u0646\u0627 \u064a\u0648\u0641\u0631 \u0644\u0643 \u0627\u0644\u0623\u062f\u0648\u0627\u062a \u0627\u0644\u0644\u0627\u0632\u0645\u0629 \u0644\u062a\u062d\u0633\u064a\u0646 \u0643\u0644 \u062c\u0627\u0646\u0628 \u0645\u0646 \u062c\u0648\u0627\u0646\u0628 \u0625\u062f\u0627\u0631\u0629 \u0623\u0633\u0637\u0648\u0644\u0643.<\/p><p>\u0627\u0646\u0636\u0645 \u0625\u0644\u0649 \u0627\u0644\u0634\u0631\u0643\u0627\u062a \u0627\u0644\u062a\u064a \u062a\u062b\u0642 \u0641\u064a NMT canbus reader \u0644\u0625\u062f\u0627\u0631\u0629 \u0627\u0633\u062a\u0628\u0627\u0642\u064a\u0629 \u0648\u0641\u0639\u0627\u0644\u0629 \u0644\u0645\u0631\u0643\u0628\u0627\u062a\u0647\u0627. \u0627\u0643\u062a\u0634\u0641 \u0643\u064a\u0641 \u064a\u0645\u0643\u0646 \u0644\u062a\u0642\u0646\u064a\u062a\u0646\u0627 \u0627\u0644\u0645\u062a\u0642\u062f\u0645\u0629 \u0623\u0646 \u062a\u062d\u0648\u0644 \u0623\u0633\u0644\u0648\u0628\u0643 \u0641\u064a \u0625\u062f\u0627\u0631\u0629 \u0627\u0644\u0623\u0633\u0637\u0648\u0644 \u0627\u0644\u064a\u0648\u0645.<\/p>\t\t\t\t\t\t\t\t<\/div>\n\t\t\t\t<\/div>\n\t\t\t\t\t<\/div>\n\t\t<\/div>\n\t\t\t\t\t<\/div>\n\t\t<\/section>\n\t\t\t\t<\/div>","protected":false},"excerpt":{"rendered":"<p>Explorez l&#8217;Avenir de la Gestion de Flottes avec NMT canbus reader Optimisez la gestion de votre flotte de v\u00e9hicules avec NMT canbus reader, une solution avanc\u00e9e int\u00e9grant la technologie Canbus pour une surveillance pr\u00e9cise et efficace. Con\u00e7u pour les entreprises soucieuses de la performance et de la s\u00e9curit\u00e9 de leurs v\u00e9hicules, NMT canbus reader offre des insights en temps r\u00e9el&hellip;<\/p>","protected":false},"author":1,"featured_media":0,"parent":0,"menu_order":0,"comment_status":"closed","ping_status":"closed","template":"","meta":{"inline_featured_image":false,"footnotes":""},"class_list":["post-4293","page","type-page","status-publish","hentry"],"aioseo_notices":[],"_links":{"self":[{"href":"http:\/\/numotronic.ma\/ar\/wp-json\/wp\/v2\/pages\/4293","targetHints":{"allow":["GET"]}}],"collection":[{"href":"http:\/\/numotronic.ma\/ar\/wp-json\/wp\/v2\/pages"}],"about":[{"href":"http:\/\/numotronic.ma\/ar\/wp-json\/wp\/v2\/types\/page"}],"author":[{"embeddable":true,"href":"http:\/\/numotronic.ma\/ar\/wp-json\/wp\/v2\/users\/1"}],"replies":[{"embeddable":true,"href":"http:\/\/numotronic.ma\/ar\/wp-json\/wp\/v2\/comments?post=4293"}],"version-history":[{"count":7,"href":"http:\/\/numotronic.ma\/ar\/wp-json\/wp\/v2\/pages\/4293\/revisions"}],"predecessor-version":[{"id":4328,"href":"http:\/\/numotronic.ma\/ar\/wp-json\/wp\/v2\/pages\/4293\/revisions\/4328"}],"wp:attachment":[{"href":"http:\/\/numotronic.ma\/ar\/wp-json\/wp\/v2\/media?parent=4293"}],"curies":[{"name":"wp","href":"https:\/\/api.w.org\/{rel}","templated":true}]}}