{"id":3851,"date":"2023-12-26T10:46:33","date_gmt":"2023-12-26T10:46:33","guid":{"rendered":"https:\/\/numotronic.ma\/?page_id=3851"},"modified":"2023-12-27T09:09:00","modified_gmt":"2023-12-27T09:09:00","slug":"plateformes-compatibles","status":"publish","type":"page","link":"http:\/\/numotronic.ma\/ar\/plateformes-compatibles\/","title":{"rendered":"\u0645\u0646\u0635\u0627\u062a \u0645\u062a\u0648\u0627\u0641\u0642\u0629"},"content":{"rendered":"<section class=\"wpb-content-wrapper\"><div class=\"vc_row wpb_row vc_row-fluid\"><div class=\"wpb_column vc_column_container vc_col-sm-12 sc_layouts_column_icons_position_left\"><div class=\"vc_column-inner\"><div class=\"wpb_wrapper\"><div id=\"sc_title_293314218\"\n\t\tclass=\"sc_title color_style_default sc_title_default\"><h3 class=\"sc_item_title sc_title_title sc_align_left sc_item_title_style_default\">\u0645\u0646\u0635\u0627\u062a \u0645\u062a\u0648\u0627\u0641\u0642\u0629<\/h3><\/div><!-- \/.sc_title --><\/div><\/div><\/div><\/div><div class=\"vc_row wpb_row vc_row-fluid\"><div class=\"wpb_column vc_column_container vc_col-sm-12 sc_layouts_column_icons_position_left\"><div class=\"vc_column-inner\"><div class=\"wpb_wrapper\">\n\t<div class=\"wpb_text_column wpb_content_element  vc_custom_1703604275978\" >\n\t\t<div class=\"wpb_wrapper\">\n\t\t\t<p>\u062a\u062a\u0645\u064a\u0632 \u0645\u0646\u062a\u062c\u0627\u062a Numotronic \u0628\u062a\u0648\u0627\u0641\u0642\u0647\u0627 \u0627\u0644\u062a\u0627\u0645 \u0645\u0639 \u0645\u0646\u0635\u0627\u062a \u0627\u0644\u0645\u0631\u0627\u0642\u0628\u0629 \u0627\u0644\u0645\u062e\u062a\u0644\u0641\u0629\u060c \u0645\u0645\u0627 \u064a\u0645\u0647\u062f \u0627\u0644\u0637\u0631\u064a\u0642 \u0644\u0644\u062a\u0643\u0627\u0645\u0644 \u0627\u0644\u0633\u0644\u0633 \u0648\u0627\u0644\u0623\u0645\u062b\u0644 \u0645\u0639 \u0623\u0646\u0638\u0645\u0629 \u0627\u0644\u0625\u062f\u0627\u0631\u0629 \u0627\u0644\u0623\u0643\u062b\u0631 \u0634\u064a\u0648\u0639\u064b\u0627 \u0641\u064a \u0627\u0644\u0633\u0648\u0642. \u0648\u062a\u0636\u0645\u0646 \u0647\u0630\u0647 \u0627\u0644\u0642\u062f\u0631\u0629 \u0639\u0644\u0649 \u0627\u0644\u062a\u0643\u064a\u0641 \u0627\u0644\u0634\u0627\u0645\u0644\u0629 \u062d\u0635\u0648\u0644 \u0627\u0644\u0645\u0633\u062a\u062e\u062f\u0645\u064a\u0646 \u0639\u0644\u0649 \u0627\u062a\u0635\u0627\u0644 \u0633\u0644\u0633\u060c \u0645\u0645\u0627 \u064a\u0648\u0641\u0631 \u062a\u062c\u0631\u0628\u0629 \u062a\u062a\u0628\u0639 \u0627\u0633\u062a\u062b\u0646\u0627\u0626\u064a\u0629 \u062a\u0644\u0628\u064a \u0645\u0639\u0627\u064a\u064a\u0631 \u0627\u0644\u0635\u0646\u0627\u0639\u0629 \u0627\u0644\u0623\u0643\u062b\u0631 \u062a\u0637\u0644\u0628\u064b\u0627.<\/p>\n\n\t\t<\/div>\n\t<\/div>\n<\/div><\/div><\/div><\/div><div class=\"vc_row wpb_row vc_row-fluid vc_row-o-content-middle vc_row-flex\"><div class=\"wpb_column vc_column_container vc_col-sm-6 sc_layouts_column_icons_position_left\"><div class=\"vc_column-inner\"><div class=\"wpb_wrapper\">\n\t<div  class=\"wpb_single_image wpb_content_element vc_align_left\">\n\t\t\n\t\t<figure class=\"wpb_wrapper vc_figure\">\n\t\t\t<div class=\"vc_single_image-wrapper   vc_box_border_grey\"><img fetchpriority=\"high\" decoding=\"async\" width=\"855\" height=\"736\" src=\"http:\/\/numotronic.ma\/wp-content\/uploads\/2023\/12\/wialon-platf.jpg\" class=\"vc_single_image-img attachment-full\" alt=\"\" title=\"wialon-platf\" srcset=\"http:\/\/numotronic.ma\/wp-content\/uploads\/2023\/12\/wialon-platf.jpg 855w, http:\/\/numotronic.ma\/wp-content\/uploads\/2023\/12\/wialon-platf-300x258.jpg 300w, http:\/\/numotronic.ma\/wp-content\/uploads\/2023\/12\/wialon-platf-768x661.jpg 768w, http:\/\/numotronic.ma\/wp-content\/uploads\/2023\/12\/wialon-platf-370x319.jpg 370w, http:\/\/numotronic.ma\/wp-content\/uploads\/2023\/12\/wialon-platf-760x654.jpg 760w, http:\/\/numotronic.ma\/wp-content\/uploads\/2023\/12\/wialon-platf-740x637.jpg 740w\" sizes=\"(max-width: 855px) 100vw, 855px\" \/><\/div>\n\t\t<\/figure>\n\t<\/div>\n<\/div><\/div><\/div><div class=\"wpb_column vc_column_container vc_col-sm-6 sc_layouts_column_icons_position_left\"><div class=\"vc_column-inner\"><div class=\"wpb_wrapper\">\n\t<div class=\"wpb_text_column wpb_content_element\" >\n\t\t<div class=\"wpb_wrapper\">\n\t\t\t<p><img decoding=\"async\" class=\"alignnone size-medium wp-image-3854\" src=\"http:\/\/numotronic.ma\/wp-content\/uploads\/2023\/12\/Wialon-Logo-300x80.png\" alt=\"\" width=\"300\" height=\"80\" srcset=\"http:\/\/numotronic.ma\/wp-content\/uploads\/2023\/12\/Wialon-Logo-300x80.png 300w, http:\/\/numotronic.ma\/wp-content\/uploads\/2023\/12\/Wialon-Logo-370x99.png 370w, http:\/\/numotronic.ma\/wp-content\/uploads\/2023\/12\/Wialon-Logo.png 394w\" sizes=\"(max-width: 300px) 100vw, 300px\" \/><\/p>\n<p>\u062a\u062a\u0643\u0627\u0645\u0644 \u0645\u0646\u062a\u062c\u0627\u062a Numotronic \u0628\u0633\u0644\u0627\u0633\u0629 \u0645\u0639 Wialon\u060c \u0648\u0647\u0648 \u0623\u062d\u062f \u062d\u0644\u0648\u0644 \u062a\u062a\u0628\u0639 \u0646\u0638\u0627\u0645 \u062a\u062d\u062f\u064a\u062f \u0627\u0644\u0645\u0648\u0627\u0642\u0639 \u0627\u0644\u0639\u0627\u0644\u0645\u064a (GPS) \u0627\u0644\u0634\u0647\u064a\u0631\u0629. \u062a\u062a\u064a\u062d \u0647\u0630\u0647 \u0627\u0644\u0645\u0632\u0627\u0645\u0646\u0629 \u0627\u0644\u0633\u0644\u0633\u0629 \u0644\u0644\u0645\u0633\u062a\u062e\u062f\u0645\u064a\u0646 \u0645\u0631\u0627\u0642\u0628\u0629 \u0645\u0648\u0642\u0639 \u0633\u064a\u0627\u0631\u0627\u062a\u0647\u0645 \u0641\u064a \u0627\u0644\u0648\u0642\u062a \u0627\u0644\u0641\u0639\u0644\u064a\u060c \u0648\u062a\u062d\u0633\u064a\u0646 \u0627\u0644\u0645\u0633\u0627\u0631\u0627\u062a\u060c \u0648\u062a\u0644\u0642\u064a \u0627\u0644\u062a\u0646\u0628\u064a\u0647\u0627\u062a\u060c \u0648\u062a\u062d\u0633\u064a\u0646 \u0627\u0644\u0643\u0641\u0627\u0621\u0629 \u0627\u0644\u062a\u0634\u063a\u064a\u0644\u064a\u0629 \u0628\u0641\u0636\u0644 \u0645\u064a\u0632\u0627\u062a Wialon \u0627\u0644\u0645\u062a\u0642\u062f\u0645\u0629.<\/p>\n\n\t\t<\/div>\n\t<\/div>\n<\/div><\/div><\/div><\/div><div class=\"vc_row wpb_row vc_row-fluid vc_row-o-content-middle vc_row-flex\"><div class=\"wpb_column vc_column_container vc_col-sm-6 sc_layouts_column_icons_position_left\"><div class=\"vc_column-inner\"><div class=\"wpb_wrapper\">\n\t<div  class=\"wpb_single_image wpb_content_element vc_align_left\">\n\t\t\n\t\t<figure class=\"wpb_wrapper vc_figure\">\n\t\t\t<div class=\"vc_single_image-wrapper   vc_box_border_grey\"><img decoding=\"async\" width=\"855\" height=\"736\" src=\"http:\/\/numotronic.ma\/wp-content\/uploads\/2023\/12\/navixy-hosting-1.jpg\" class=\"vc_single_image-img attachment-full\" alt=\"\" title=\"navixy-hosting\" srcset=\"http:\/\/numotronic.ma\/wp-content\/uploads\/2023\/12\/navixy-hosting-1.jpg 855w, http:\/\/numotronic.ma\/wp-content\/uploads\/2023\/12\/navixy-hosting-1-300x258.jpg 300w, http:\/\/numotronic.ma\/wp-content\/uploads\/2023\/12\/navixy-hosting-1-768x661.jpg 768w, http:\/\/numotronic.ma\/wp-content\/uploads\/2023\/12\/navixy-hosting-1-370x319.jpg 370w, http:\/\/numotronic.ma\/wp-content\/uploads\/2023\/12\/navixy-hosting-1-760x654.jpg 760w, http:\/\/numotronic.ma\/wp-content\/uploads\/2023\/12\/navixy-hosting-1-740x637.jpg 740w\" sizes=\"(max-width: 855px) 100vw, 855px\" \/><\/div>\n\t\t<\/figure>\n\t<\/div>\n<\/div><\/div><\/div><div class=\"wpb_column vc_column_container vc_col-sm-6 vc_col-has-fill sc_layouts_column_icons_position_left\"><div class=\"vc_column-inner vc_custom_1703604678250\"><div class=\"wpb_wrapper\">\n\t<div class=\"wpb_text_column wpb_content_element\" >\n\t\t<div class=\"wpb_wrapper\">\n\t\t\t<p><img loading=\"lazy\" decoding=\"async\" class=\"alignnone wp-image-3855 size-medium\" src=\"http:\/\/numotronic.ma\/wp-content\/uploads\/2023\/12\/Navixy_logo-300x78.png\" alt=\"\" width=\"300\" height=\"78\" srcset=\"http:\/\/numotronic.ma\/wp-content\/uploads\/2023\/12\/Navixy_logo-300x78.png 300w, http:\/\/numotronic.ma\/wp-content\/uploads\/2023\/12\/Navixy_logo.png 350w\" sizes=\"(max-width: 300px) 100vw, 300px\" \/><\/p>\n<p>\u062a\u0648\u0641\u0631 \u0645\u0646\u062a\u062c\u0627\u062a Numotronic\u060c \u0627\u0644\u0645\u062a\u0646\u0627\u063a\u0645\u0629 \u062a\u0645\u0627\u0645\u064b\u0627 \u0645\u0639 Navixy\u060c \u0627\u062a\u0635\u0627\u0644\u0627\u064b \u0645\u062b\u0627\u0644\u064a\u064b\u0627 \u0644\u0625\u062f\u0627\u0631\u0629 \u0645\u062a\u0642\u062f\u0645\u0629 \u0641\u064a \u0627\u0644\u0648\u0642\u062a \u0627\u0644\u0641\u0639\u0644\u064a \u0644\u0644\u0645\u0631\u0643\u0628\u0627\u062a \u0648\u0627\u0644\u0623\u0635\u0648\u0644. \u064a\u062a\u064a\u062d \u0647\u0630\u0627 \u0627\u0644\u062a\u0643\u0627\u0645\u0644 \u0627\u0644\u0633\u0644\u0633 \u0633\u0647\u0648\u0644\u0629 \u0627\u0644\u0648\u0635\u0648\u0644 \u0625\u0644\u0649 \u0645\u064a\u0632\u0627\u062a Navixy \u0627\u0644\u0645\u062a\u0642\u062f\u0645\u0629\u060c \u0645\u0645\u0627 \u064a\u0636\u0645\u0646 \u062a\u062c\u0631\u0628\u0629 \u0645\u0633\u062a\u062e\u062f\u0645 \u0645\u062b\u0627\u0644\u064a\u0629 \u0644\u062a\u062d\u0642\u064a\u0642 \u0627\u0644\u0643\u0641\u0627\u0621\u0629 \u0627\u0644\u062a\u0634\u063a\u064a\u0644\u064a\u0629 \u0648\u0623\u0645\u0646 \u0627\u0644\u0623\u0635\u0648\u0644.<\/p>\n\n\t\t<\/div>\n\t<\/div>\n<\/div><\/div><\/div><\/div><div class=\"vc_row wpb_row vc_row-fluid vc_row-o-content-middle vc_row-flex\"><div class=\"wpb_column vc_column_container vc_col-sm-6 sc_layouts_column_icons_position_left\"><div class=\"vc_column-inner\"><div class=\"wpb_wrapper\">\n\t<div  class=\"wpb_single_image wpb_content_element vc_align_left\">\n\t\t\n\t\t<figure class=\"wpb_wrapper vc_figure\">\n\t\t\t<div class=\"vc_single_image-wrapper   vc_box_border_grey\"><img loading=\"lazy\" decoding=\"async\" width=\"855\" height=\"736\" src=\"http:\/\/numotronic.ma\/wp-content\/uploads\/2023\/12\/gpsgate-hosting.jpg\" class=\"vc_single_image-img attachment-full\" alt=\"\" title=\"gpsgate-hosting\" srcset=\"http:\/\/numotronic.ma\/wp-content\/uploads\/2023\/12\/gpsgate-hosting.jpg 855w, http:\/\/numotronic.ma\/wp-content\/uploads\/2023\/12\/gpsgate-hosting-300x258.jpg 300w, http:\/\/numotronic.ma\/wp-content\/uploads\/2023\/12\/gpsgate-hosting-768x661.jpg 768w, http:\/\/numotronic.ma\/wp-content\/uploads\/2023\/12\/gpsgate-hosting-370x319.jpg 370w, http:\/\/numotronic.ma\/wp-content\/uploads\/2023\/12\/gpsgate-hosting-760x654.jpg 760w, http:\/\/numotronic.ma\/wp-content\/uploads\/2023\/12\/gpsgate-hosting-740x637.jpg 740w\" sizes=\"(max-width: 855px) 100vw, 855px\" \/><\/div>\n\t\t<\/figure>\n\t<\/div>\n<\/div><\/div><\/div><div class=\"wpb_column vc_column_container vc_col-sm-6 sc_layouts_column_icons_position_left\"><div class=\"vc_column-inner\"><div class=\"wpb_wrapper\">\n\t<div class=\"wpb_text_column wpb_content_element\" >\n\t\t<div class=\"wpb_wrapper\">\n\t\t\t<p><img loading=\"lazy\" decoding=\"async\" class=\"alignnone wp-image-3860 size-medium\" src=\"http:\/\/numotronic.ma\/wp-content\/uploads\/2023\/12\/gpsgate_logo-300x64.png\" alt=\"\" width=\"300\" height=\"64\" srcset=\"http:\/\/numotronic.ma\/wp-content\/uploads\/2023\/12\/gpsgate_logo-300x64.png 300w, http:\/\/numotronic.ma\/wp-content\/uploads\/2023\/12\/gpsgate_logo-370x79.png 370w, http:\/\/numotronic.ma\/wp-content\/uploads\/2023\/12\/gpsgate_logo.png 512w\" sizes=\"(max-width: 300px) 100vw, 300px\" \/><\/p>\n<p>\u062a\u062a\u0643\u0627\u0645\u0644 \u0645\u0646\u062a\u062c\u0627\u062a Numotronic \u0628\u0633\u0644\u0627\u0633\u0629 \u0645\u0639 GPSGate\u060c \u0645\u0645\u0627 \u064a\u0648\u0641\u0631 \u0627\u062a\u0635\u0627\u0644\u0627\u064b \u0633\u0644\u0633\u064b\u0627 \u0644\u062a\u062a\u0628\u0639 \u0627\u0644\u0645\u0631\u0643\u0628\u0627\u062a \u0648\u0627\u0644\u0623\u0635\u0648\u0644 \u0641\u064a \u0627\u0644\u0648\u0642\u062a \u0627\u0644\u0641\u0639\u0644\u064a. \u0645\u0639 \u0633\u0647\u0648\u0644\u0629 \u0627\u0644\u0648\u0635\u0648\u0644 \u0625\u0644\u0649 \u0645\u064a\u0632\u0627\u062a GPSGate \u0627\u0644\u0645\u062a\u0642\u062f\u0645\u0629\u060c \u064a\u0647\u062f\u0641 \u062d\u0644\u0646\u0627 \u0625\u0644\u0649 \u062a\u062d\u0633\u064a\u0646 \u0627\u0644\u0639\u0645\u0644\u064a\u0627\u062a \u0648\u062a\u062e\u0637\u064a\u0637 \u0627\u0644\u0645\u0633\u0627\u0631\u0627\u062a \u0628\u0643\u0641\u0627\u0621\u0629 \u0648\u0636\u0645\u0627\u0646 \u0623\u0645\u0627\u0646 \u0627\u0644\u0623\u0635\u0648\u0644.<\/p>\n\n\t\t<\/div>\n\t<\/div>\n<\/div><\/div><\/div><\/div><div class=\"vc_row wpb_row vc_row-fluid vc_row-o-content-middle vc_row-flex\"><div class=\"wpb_column vc_column_container vc_col-sm-6 sc_layouts_column_icons_position_left\"><div class=\"vc_column-inner\"><div class=\"wpb_wrapper\">\n\t<div  class=\"wpb_single_image wpb_content_element vc_align_left\">\n\t\t\n\t\t<figure class=\"wpb_wrapper vc_figure\">\n\t\t\t<div class=\"vc_single_image-wrapper   vc_box_border_grey\"><img loading=\"lazy\" decoding=\"async\" width=\"855\" height=\"736\" src=\"http:\/\/numotronic.ma\/wp-content\/uploads\/2023\/12\/gpswox-platform.jpg\" class=\"vc_single_image-img attachment-full\" alt=\"\" title=\"gpswox-platform\" srcset=\"http:\/\/numotronic.ma\/wp-content\/uploads\/2023\/12\/gpswox-platform.jpg 855w, http:\/\/numotronic.ma\/wp-content\/uploads\/2023\/12\/gpswox-platform-300x258.jpg 300w, http:\/\/numotronic.ma\/wp-content\/uploads\/2023\/12\/gpswox-platform-768x661.jpg 768w, http:\/\/numotronic.ma\/wp-content\/uploads\/2023\/12\/gpswox-platform-370x319.jpg 370w, http:\/\/numotronic.ma\/wp-content\/uploads\/2023\/12\/gpswox-platform-760x654.jpg 760w, http:\/\/numotronic.ma\/wp-content\/uploads\/2023\/12\/gpswox-platform-740x637.jpg 740w\" sizes=\"(max-width: 855px) 100vw, 855px\" \/><\/div>\n\t\t<\/figure>\n\t<\/div>\n<\/div><\/div><\/div><div class=\"wpb_column vc_column_container vc_col-sm-6 sc_layouts_column_icons_position_left\"><div class=\"vc_column-inner\"><div class=\"wpb_wrapper\">\n\t<div class=\"wpb_text_column wpb_content_element\" >\n\t\t<div class=\"wpb_wrapper\">\n\t\t\t<p><img loading=\"lazy\" decoding=\"async\" class=\"alignnone wp-image-3877 size-medium\" src=\"http:\/\/numotronic.ma\/wp-content\/uploads\/2023\/12\/GPSWOX_Logo-300x68.png\" alt=\"\" width=\"300\" height=\"68\" srcset=\"http:\/\/numotronic.ma\/wp-content\/uploads\/2023\/12\/GPSWOX_Logo-300x68.png 300w, http:\/\/numotronic.ma\/wp-content\/uploads\/2023\/12\/GPSWOX_Logo-370x83.png 370w, http:\/\/numotronic.ma\/wp-content\/uploads\/2023\/12\/GPSWOX_Logo.png 630w\" sizes=\"(max-width: 300px) 100vw, 300px\" \/><\/p>\n<p>\u062a\u062a\u0643\u0627\u0645\u0644 \u0645\u0646\u062a\u062c\u0627\u062a Numotronic \u0628\u0633\u0644\u0627\u0633\u0629 \u0645\u0639 GPSWOX\u060c \u0645\u0645\u0627 \u064a\u0648\u0641\u0631 \u062a\u062c\u0631\u0628\u0629 \u062a\u062a\u0628\u0639 \u0627\u0633\u062a\u062b\u0646\u0627\u0626\u064a\u0629 \u0648\u062a\u0648\u0627\u0641\u0642\u064b\u0627 \u0633\u0644\u0633\u064b\u0627. \u0645\u062a\u0639\u062f\u062f\u0629 \u0627\u0644\u0627\u0633\u062a\u062e\u062f\u0627\u0645\u0627\u062a \u0644\u0645\u062e\u062a\u0644\u0641 \u0627\u0644\u062a\u0637\u0628\u064a\u0642\u0627\u062a\u060c \u0641\u0647\u064a \u062a\u0644\u0628\u064a \u0628\u062f\u0642\u0629 \u0627\u062d\u062a\u064a\u0627\u062c\u0627\u062a \u0643\u0644 \u0645\u0633\u062a\u062e\u062f\u0645.<\/p>\n\n\t\t<\/div>\n\t<\/div>\n<\/div><\/div><\/div><\/div><div class=\"vc_row wpb_row vc_row-fluid vc_row-o-content-middle vc_row-flex\"><div class=\"wpb_column vc_column_container vc_col-sm-6 sc_layouts_column_icons_position_left\"><div class=\"vc_column-inner\"><div class=\"wpb_wrapper\">\n\t<div  class=\"wpb_single_image wpb_content_element vc_align_left\">\n\t\t\n\t\t<figure class=\"wpb_wrapper vc_figure\">\n\t\t\t<div class=\"vc_single_image-wrapper   vc_box_border_grey\"><img loading=\"lazy\" decoding=\"async\" width=\"855\" height=\"736\" src=\"http:\/\/numotronic.ma\/wp-content\/uploads\/2023\/12\/gpsserver-platform.jpg\" class=\"vc_single_image-img attachment-full\" alt=\"\" title=\"gpsserver-platform\" srcset=\"http:\/\/numotronic.ma\/wp-content\/uploads\/2023\/12\/gpsserver-platform.jpg 855w, http:\/\/numotronic.ma\/wp-content\/uploads\/2023\/12\/gpsserver-platform-300x258.jpg 300w, http:\/\/numotronic.ma\/wp-content\/uploads\/2023\/12\/gpsserver-platform-768x661.jpg 768w, http:\/\/numotronic.ma\/wp-content\/uploads\/2023\/12\/gpsserver-platform-370x319.jpg 370w, http:\/\/numotronic.ma\/wp-content\/uploads\/2023\/12\/gpsserver-platform-760x654.jpg 760w, http:\/\/numotronic.ma\/wp-content\/uploads\/2023\/12\/gpsserver-platform-740x637.jpg 740w\" sizes=\"(max-width: 855px) 100vw, 855px\" \/><\/div>\n\t\t<\/figure>\n\t<\/div>\n<\/div><\/div><\/div><div class=\"wpb_column vc_column_container vc_col-sm-6 sc_layouts_column_icons_position_left\"><div class=\"vc_column-inner\"><div class=\"wpb_wrapper\">\n\t<div class=\"wpb_text_column wpb_content_element\" >\n\t\t<div class=\"wpb_wrapper\">\n\t\t\t<p><img loading=\"lazy\" decoding=\"async\" class=\"alignnone wp-image-3882 size-medium\" src=\"http:\/\/numotronic.ma\/wp-content\/uploads\/2023\/12\/gpsserver_platform-300x50.png\" alt=\"\" width=\"300\" height=\"50\" srcset=\"http:\/\/numotronic.ma\/wp-content\/uploads\/2023\/12\/gpsserver_platform-300x50.png 300w, http:\/\/numotronic.ma\/wp-content\/uploads\/2023\/12\/gpsserver_platform-370x62.png 370w, http:\/\/numotronic.ma\/wp-content\/uploads\/2023\/12\/gpsserver_platform-540x92.png 540w, http:\/\/numotronic.ma\/wp-content\/uploads\/2023\/12\/gpsserver_platform.png 549w\" sizes=\"(max-width: 300px) 100vw, 300px\" \/><\/p>\n<p>\u062a\u062a\u0643\u0627\u0645\u0644 \u0645\u0646\u062a\u062c\u0627\u062a Numotronic \u0628\u0633\u0644\u0627\u0633\u0629 \u0645\u0639 \u062e\u0627\u062f\u0645 GPS\u060c \u0645\u0645\u0627 \u064a\u0636\u0645\u0646 \u062a\u062c\u0631\u0628\u0629 \u062a\u062a\u0628\u0639 \u0627\u0633\u062a\u062b\u0646\u0627\u0626\u064a\u0629 \u0648\u062a\u0648\u0627\u0641\u0642\u064b\u0627 \u0633\u0644\u0633\u064b\u0627. \u0645\u062a\u0639\u062f\u062f\u0629 \u0627\u0644\u0627\u0633\u062a\u062e\u062f\u0627\u0645\u0627\u062a \u0644\u0645\u062e\u062a\u0644\u0641 \u0627\u0644\u062a\u0637\u0628\u064a\u0642\u0627\u062a\u060c \u0641\u0647\u064a \u062a\u0644\u0628\u064a \u0628\u062f\u0642\u0629 \u0627\u062d\u062a\u064a\u0627\u062c\u0627\u062a \u0643\u0644 \u0645\u0633\u062a\u062e\u062f\u0645.<\/p>\n\n\t\t<\/div>\n\t<\/div>\n<\/div><\/div><\/div><\/div><div class=\"vc_row wpb_row vc_row-fluid vc_row-o-content-middle vc_row-flex\"><div class=\"wpb_column vc_column_container vc_col-sm-6 sc_layouts_column_icons_position_left\"><div class=\"vc_column-inner\"><div class=\"wpb_wrapper\">\n\t<div  class=\"wpb_single_image wpb_content_element vc_align_left\">\n\t\t\n\t\t<figure class=\"wpb_wrapper vc_figure\">\n\t\t\t<div class=\"vc_single_image-wrapper   vc_box_border_grey\"><img loading=\"lazy\" decoding=\"async\" width=\"855\" height=\"736\" src=\"http:\/\/numotronic.ma\/wp-content\/uploads\/2023\/12\/tracksolid_platform.jpg\" class=\"vc_single_image-img attachment-full\" alt=\"\" title=\"tracksolid_platform\" srcset=\"http:\/\/numotronic.ma\/wp-content\/uploads\/2023\/12\/tracksolid_platform.jpg 855w, http:\/\/numotronic.ma\/wp-content\/uploads\/2023\/12\/tracksolid_platform-300x258.jpg 300w, http:\/\/numotronic.ma\/wp-content\/uploads\/2023\/12\/tracksolid_platform-768x661.jpg 768w, http:\/\/numotronic.ma\/wp-content\/uploads\/2023\/12\/tracksolid_platform-370x319.jpg 370w, http:\/\/numotronic.ma\/wp-content\/uploads\/2023\/12\/tracksolid_platform-760x654.jpg 760w, http:\/\/numotronic.ma\/wp-content\/uploads\/2023\/12\/tracksolid_platform-740x637.jpg 740w\" sizes=\"(max-width: 855px) 100vw, 855px\" \/><\/div>\n\t\t<\/figure>\n\t<\/div>\n<\/div><\/div><\/div><div class=\"wpb_column vc_column_container vc_col-sm-6 sc_layouts_column_icons_position_left\"><div class=\"vc_column-inner\"><div class=\"wpb_wrapper\">\n\t<div class=\"wpb_text_column wpb_content_element\" >\n\t\t<div class=\"wpb_wrapper\">\n\t\t\t<p><img loading=\"lazy\" decoding=\"async\" class=\"alignnone wp-image-3885 size-medium\" src=\"http:\/\/numotronic.ma\/wp-content\/uploads\/2023\/12\/aa88e6e5fc3545a08cde6b48f8ddd932-300x75.png\" alt=\"\" width=\"300\" height=\"75\" srcset=\"http:\/\/numotronic.ma\/wp-content\/uploads\/2023\/12\/aa88e6e5fc3545a08cde6b48f8ddd932-300x75.png 300w, http:\/\/numotronic.ma\/wp-content\/uploads\/2023\/12\/aa88e6e5fc3545a08cde6b48f8ddd932.png 320w\" sizes=\"(max-width: 300px) 100vw, 300px\" \/><\/p>\n<p>\u062a\u062a\u0643\u0627\u0645\u0644 \u062d\u0644\u0648\u0644 \u0627\u0644\u062a\u062a\u0628\u0639 Numotronic \u0628\u0634\u0643\u0644 \u0645\u062b\u0627\u0644\u064a \u0645\u0639 \u0645\u0646\u0635\u0629 Tracksolid\u060c \u0645\u0645\u0627 \u064a\u0648\u0641\u0631 \u062a\u062c\u0631\u0628\u0629 \u062a\u062a\u0628\u0639 \u0627\u0633\u062a\u062b\u0646\u0627\u0626\u064a\u0629 \u0648\u062a\u0648\u0627\u0641\u0642\u064b\u0627 \u0633\u0644\u0633\u064b\u0627. \u0628\u0641\u0636\u0644 \u062a\u0639\u062f\u062f \u0627\u0633\u062a\u062e\u062f\u0627\u0645\u0627\u062a\u0647\u0627 \u0644\u0645\u062e\u062a\u0644\u0641 \u0627\u0644\u062a\u0637\u0628\u064a\u0642\u0627\u062a\u060c \u062a\u0645 \u062a\u0635\u0645\u064a\u0645 \u0647\u0630\u0647 \u0627\u0644\u0645\u0646\u062a\u062c\u0627\u062a \u0644\u062a\u0644\u0628\u064a \u0628\u062f\u0642\u0629 \u0627\u0644\u0627\u062d\u062a\u064a\u0627\u062c\u0627\u062a \u0627\u0644\u0641\u0631\u062f\u064a\u0629 \u0644\u0643\u0644 \u0645\u0633\u062a\u062e\u062f\u0645.<\/p>\n\n\t\t<\/div>\n\t<\/div>\n<\/div><\/div><\/div><\/div><div class=\"vc_row wpb_row vc_row-fluid vc_row-o-content-middle vc_row-flex\"><div class=\"wpb_column vc_column_container vc_col-sm-6 sc_layouts_column_icons_position_left\"><div class=\"vc_column-inner\"><div class=\"wpb_wrapper\">\n\t<div  class=\"wpb_single_image wpb_content_element vc_align_left\">\n\t\t\n\t\t<figure class=\"wpb_wrapper vc_figure\">\n\t\t\t<div class=\"vc_single_image-wrapper   vc_box_border_grey\"><img loading=\"lazy\" decoding=\"async\" width=\"855\" height=\"736\" src=\"http:\/\/numotronic.ma\/wp-content\/uploads\/2023\/12\/trakzee_platform.jpg\" class=\"vc_single_image-img attachment-full\" alt=\"\" title=\"trakzee_platform\" srcset=\"http:\/\/numotronic.ma\/wp-content\/uploads\/2023\/12\/trakzee_platform.jpg 855w, http:\/\/numotronic.ma\/wp-content\/uploads\/2023\/12\/trakzee_platform-300x258.jpg 300w, http:\/\/numotronic.ma\/wp-content\/uploads\/2023\/12\/trakzee_platform-768x661.jpg 768w, http:\/\/numotronic.ma\/wp-content\/uploads\/2023\/12\/trakzee_platform-370x319.jpg 370w, http:\/\/numotronic.ma\/wp-content\/uploads\/2023\/12\/trakzee_platform-760x654.jpg 760w, http:\/\/numotronic.ma\/wp-content\/uploads\/2023\/12\/trakzee_platform-740x637.jpg 740w\" sizes=\"(max-width: 855px) 100vw, 855px\" \/><\/div>\n\t\t<\/figure>\n\t<\/div>\n<\/div><\/div><\/div><div class=\"wpb_column vc_column_container vc_col-sm-6 sc_layouts_column_icons_position_left\"><div class=\"vc_column-inner\"><div class=\"wpb_wrapper\">\n\t<div class=\"wpb_text_column wpb_content_element\" >\n\t\t<div class=\"wpb_wrapper\">\n\t\t\t<p><img loading=\"lazy\" decoding=\"async\" class=\"alignnone wp-image-3888 size-medium\" src=\"http:\/\/numotronic.ma\/wp-content\/uploads\/2023\/12\/trakzee-300x86.jpg\" alt=\"\" width=\"300\" height=\"86\" srcset=\"http:\/\/numotronic.ma\/wp-content\/uploads\/2023\/12\/trakzee-300x86.jpg 300w, http:\/\/numotronic.ma\/wp-content\/uploads\/2023\/12\/trakzee-370x106.jpg 370w, http:\/\/numotronic.ma\/wp-content\/uploads\/2023\/12\/trakzee.jpg 527w\" sizes=\"(max-width: 300px) 100vw, 300px\" \/><\/p>\n<p>\u062a\u062a\u0648\u0627\u0641\u0642 \u062d\u0644\u0648\u0644 \u0627\u0644\u062a\u062a\u0628\u0639 Numotronic \u0628\u0633\u0644\u0627\u0633\u0629 \u0645\u0639 \u0645\u0646\u0635\u0629 Trakzee\u060c \u0645\u0645\u0627 \u064a\u0636\u0645\u0646 \u062a\u062c\u0631\u0628\u0629 \u062a\u062a\u0628\u0639 \u0627\u0633\u062a\u062b\u0646\u0627\u0626\u064a\u0629 \u0648\u062a\u0648\u0627\u0641\u0642\u064b\u0627 \u0633\u0644\u0633\u064b\u0627. \u0628\u0641\u0636\u0644 \u062a\u0639\u062f\u062f \u0627\u0633\u062a\u062e\u062f\u0627\u0645\u0627\u062a\u0647\u0627 \u0644\u0645\u062e\u062a\u0644\u0641 \u0627\u0644\u062a\u0637\u0628\u064a\u0642\u0627\u062a\u060c \u062a\u0645 \u062a\u0635\u0645\u064a\u0645 \u0647\u0630\u0647 \u0627\u0644\u0645\u0646\u062a\u062c\u0627\u062a \u0644\u062a\u0644\u0628\u064a \u0628\u062f\u0642\u0629 \u0627\u0644\u0627\u062d\u062a\u064a\u0627\u062c\u0627\u062a \u0627\u0644\u0641\u0631\u062f\u064a\u0629 \u0644\u0643\u0644 \u0645\u0633\u062a\u062e\u062f\u0645.<\/p>\n\n\t\t<\/div>\n\t<\/div>\n<\/div><\/div><\/div><\/div>\n<\/section>","protected":false},"excerpt":{"rendered":"PLATEFORMES COMPATIBLES Les produits de Numotronic se distinguent par leur parfaite compatibilit\u00e9 avec diverses plateformes de suivi, ouvrant ainsi la voie \u00e0 une int\u00e9gration fluide et optimale avec les syst\u00e8mes de gestion les plus pris\u00e9s du march\u00e9. Cette adaptabilit\u00e9 \u00e9tendue garantit aux utilisateurs une connectivit\u00e9 sans faille, offrant une exp\u00e9rience de suivi exceptionnelle qui r\u00e9pond aux normes les plus exigeantes&hellip;","protected":false},"author":1,"featured_media":0,"parent":0,"menu_order":0,"comment_status":"closed","ping_status":"closed","template":"","meta":{"inline_featured_image":false,"footnotes":""},"class_list":["post-3851","page","type-page","status-publish","hentry"],"aioseo_notices":[],"_links":{"self":[{"href":"http:\/\/numotronic.ma\/ar\/wp-json\/wp\/v2\/pages\/3851","targetHints":{"allow":["GET"]}}],"collection":[{"href":"http:\/\/numotronic.ma\/ar\/wp-json\/wp\/v2\/pages"}],"about":[{"href":"http:\/\/numotronic.ma\/ar\/wp-json\/wp\/v2\/types\/page"}],"author":[{"embeddable":true,"href":"http:\/\/numotronic.ma\/ar\/wp-json\/wp\/v2\/users\/1"}],"replies":[{"embeddable":true,"href":"http:\/\/numotronic.ma\/ar\/wp-json\/wp\/v2\/comments?post=3851"}],"version-history":[{"count":14,"href":"http:\/\/numotronic.ma\/ar\/wp-json\/wp\/v2\/pages\/3851\/revisions"}],"predecessor-version":[{"id":3890,"href":"http:\/\/numotronic.ma\/ar\/wp-json\/wp\/v2\/pages\/3851\/revisions\/3890"}],"wp:attachment":[{"href":"http:\/\/numotronic.ma\/ar\/wp-json\/wp\/v2\/media?parent=3851"}],"curies":[{"name":"wp","href":"https:\/\/api.w.org\/{rel}","templated":true}]}}